{"id":3770,"date":"2014-01-16T17:02:16","date_gmt":"2014-01-16T15:02:16","guid":{"rendered":"http:\/\/www.feuerwehr-matzen.at\/?page_id=3770"},"modified":"2020-09-18T14:15:23","modified_gmt":"2020-09-18T12:15:23","slug":"16-jaenner-2014","status":"publish","type":"page","link":"https:\/\/www.feuerwehr-matzen.at\/?page_id=3770","title":{"rendered":"16. J\u00e4nner 2014"},"content":{"rendered":"<p><strong>Person in Notlage<\/strong><a title=\"Eins\u00e4tze\" href=\"https:\/\/www.feuerwehr-matzen.at\/?page_id=3773\"><img loading=\"lazy\" decoding=\"async\" class=\"alignright size-full wp-image-1833\" alt=\"return\" src=\"https:\/\/www.feuerwehr-matzen.at\/wp-content\/uploads\/2013\/07\/return.jpg\" width=\"65\" height=\"30\" \/><\/a><\/p>\n<p>Zum ersten Einsatz im Jahr 2014 wurde die Feuerwehr Matzen am 16.J\u00e4nner um 12:17 Uhr mittels Sirene und SMS-Alarm alarmiert.<br \/>\nT2 Person in Notlage war dem Alarmtext zu entnehmen. Unverz\u00fcglich r\u00fcckten 13 Mann mit 3 Fahrzeugen zur Einsatzadresse aus.<br \/>\nNach R\u00fccksprache mit der Bezirksalarmzentrale bekamen wir die Information, dass sich eine Person bei Waldarbeiten mit der Kettens\u00e4ge in den Oberschenkel geschnitten hatte. Nachdem der genaue Ungl\u00fccksort nicht bekannt war, wurde der Verletzte vom Team des Roten Kreuzes, Feuerwehrarzt Dr. Leopold Huber, einer Streife der Polizei Matzen und den Fahrzeugen der Feuerwehr Matzen gesucht. Zeitgleich machten sich 2 Kameraden mit einem Quad in den Wald auf. Rund 30 Minuten nach der Alarmierung konnte der Verletzte von den beiden Florianij\u00fcngern ausgemacht werden. Nach der Erstversorgung wurde der Verletzte mit dem Quad die rund 2 km zum Rettungsteam am Waldrand gebracht.<br \/>\nUnverz\u00fcglich wurde der Verletzt vom Feuerwehrarzt behandelt und imAnschluss ins Krankenhaus verbracht.<br \/>\nNach rund 1 Stunde konnte die Feuerwehr Matzen ins Zeughaus einr\u00fccken und die Einsatzbereitschaft wieder herstellen.<\/p>\n<p>Im Einsatz befindliche Fahrzeuge: RLF-A 2000, KDO, LAST<br \/>\nMannschaftsst\u00e4rke: 13<br \/>\nsonstige Einsatzkr\u00e4fte: Polizei, RK G\u00e4nserndorf, FA Dr. Leopold Huber<\/p>\n","protected":false},"excerpt":{"rendered":"<p>Person in Notlage Zum ersten Einsatz im Jahr 2014 wurde die Feuerwehr Matzen am 16.J\u00e4nner um 12:17 Uhr mittels Sirene und SMS-Alarm alarmiert. T2 Person in Notlage war dem Alarmtext zu entnehmen. Unverz\u00fcglich r\u00fcckten 13 Mann mit 3 Fahrzeugen zur <a class=\"more-link\" href=\"https:\/\/www.feuerwehr-matzen.at\/?page_id=3770\">weiterlesen  <span class=\"screen-reader-text\">  16. J\u00e4nner 2014<\/span><span class=\"meta-nav\">&rarr;<\/span><\/a><\/p>\n","protected":false},"author":6,"featured_media":0,"parent":0,"menu_order":0,"comment_status":"closed","ping_status":"closed","template":"","meta":{"footnotes":""},"class_list":["post-3770","page","type-page","status-publish","hentry"],"_links":{"self":[{"href":"https:\/\/www.feuerwehr-matzen.at\/index.php?rest_route=\/wp\/v2\/pages\/3770","targetHints":{"allow":["GET"]}}],"collection":[{"href":"https:\/\/www.feuerwehr-matzen.at\/index.php?rest_route=\/wp\/v2\/pages"}],"about":[{"href":"https:\/\/www.feuerwehr-matzen.at\/index.php?rest_route=\/wp\/v2\/types\/page"}],"author":[{"embeddable":true,"href":"https:\/\/www.feuerwehr-matzen.at\/index.php?rest_route=\/wp\/v2\/users\/6"}],"replies":[{"embeddable":true,"href":"https:\/\/www.feuerwehr-matzen.at\/index.php?rest_route=%2Fwp%2Fv2%2Fcomments&post=3770"}],"version-history":[{"count":5,"href":"https:\/\/www.feuerwehr-matzen.at\/index.php?rest_route=\/wp\/v2\/pages\/3770\/revisions"}],"predecessor-version":[{"id":3779,"href":"https:\/\/www.feuerwehr-matzen.at\/index.php?rest_route=\/wp\/v2\/pages\/3770\/revisions\/3779"}],"wp:attachment":[{"href":"https:\/\/www.feuerwehr-matzen.at\/index.php?rest_route=%2Fwp%2Fv2%2Fmedia&parent=3770"}],"curies":[{"name":"wp","href":"https:\/\/api.w.org\/{rel}","templated":true}]}}