{"id":3773,"date":"2014-01-17T12:00:17","date_gmt":"2014-01-17T10:00:17","guid":{"rendered":"http:\/\/www.feuerwehr-matzen.at\/?page_id=3773"},"modified":"2020-09-18T14:15:35","modified_gmt":"2020-09-18T12:15:35","slug":"einsaetze-2014","status":"publish","type":"page","link":"https:\/\/www.feuerwehr-matzen.at\/?page_id=3773","title":{"rendered":"Eins\u00e4tze 2014"},"content":{"rendered":"<table style=\"table-layout: fixed; text-align: left;\" border=\"0\">\n<tbody>\n<tr>\n<th class=\"ffdatum\">28. November<\/th>\n<td class=\"fftext\">Brandsicherheitswache<\/td>\n<td class=\"fffoto\"><\/td>\n<\/tr>\n<tr>\n<th class=\"ffdatum\">11. November<\/th>\n<td class=\"fftext\">Fahrzeugbergung<\/td>\n<td class=\"fffoto\"><\/td>\n<\/tr>\n<tr>\n<th class=\"ffdatum\">09. November<\/th>\n<td class=\"fftext\">Brandsicherheitswache<\/td>\n<td class=\"fffoto\"><\/td>\n<\/tr>\n<tr>\n<th class=\"ffdatum\">07. November<\/th>\n<td class=\"fftext\">T\u00fcr\u00f6ffnung<\/td>\n<td class=\"fffoto\"><\/td>\n<\/tr>\n<tr>\n<th class=\"ffdatum\">27. September<\/th>\n<td class=\"fftext\">Fahrzeugbergung<\/td>\n<td class=\"fffoto\"><\/td>\n<\/tr>\n<tr>\n<th class=\"ffdatum\">21. September<\/th>\n<td class=\"fftext\">Unwettereinsatz<\/td>\n<td class=\"fffoto\"><\/td>\n<\/tr>\n<tr>\n<th class=\"ffdatum\">16. September<\/th>\n<td class=\"fftext\">Brand einer Gartenh\u00fctte<\/td>\n<td class=\"fffoto\"><\/td>\n<\/tr>\n<tr>\n<th class=\"ffdatum\">11. September<\/th>\n<td class=\"fftext\">LKW gegen PKW<\/td>\n<td class=\"fffoto\"><a title=\"11. September 2014\" href=\"https:\/\/www.feuerwehr-matzen.at\/?page_id=4085\"><img decoding=\"async\" alt=\"Bericht und Fotos\" src=\"https:\/\/www.feuerwehr-matzen.at\/wp-content\/uploads\/2013\/07\/bericht_bilder.png\" \/><\/a><\/td>\n<\/tr>\n<tr>\n<th class=\"ffdatum\">08. September<\/th>\n<td class=\"fftext\">Tierrettung<\/td>\n<td class=\"fffoto\">\n<\/td>\n<\/tr>\n<tr>\n<th class=\"ffdatum\">05. September<\/th>\n<td class=\"fftext\">Verkehrsunfall mit Todesfolge<\/td>\n<td class=\"fffoto\"><a title=\"05. September 2014\" href=\"https:\/\/www.feuerwehr-matzen.at\/?page_id=4067\"><img decoding=\"async\" alt=\"Bericht und Fotos\" src=\"https:\/\/www.feuerwehr-matzen.at\/wp-content\/uploads\/2013\/07\/bericht_bilder.png\" \/><\/a><\/td>\n<\/tr>\n<tr>\n<th class=\"ffdatum\">26. August<\/th>\n<td class=\"fftext\">Rauchentwicklung in der Lebenshilfe<\/td>\n<td class=\"fffoto\"><a title=\"26. August 2014\" href=\"https:\/\/www.feuerwehr-matzen.at\/?page_id=4063\"><img decoding=\"async\" alt=\"Bericht und Fotos\" src=\"https:\/\/www.feuerwehr-matzen.at\/wp-content\/uploads\/2013\/07\/bericht_bilder.png\" \/><\/a><\/td>\n<\/tr>\n<tr>\n<th class=\"ffdatum\">22. August<\/th>\n<td class=\"fftext\">Fahrzeugbrand<\/td>\n<td class=\"fffoto\"><a title=\"22. August 2014\" href=\"https:\/\/www.feuerwehr-matzen.at\/?page_id=4054\"><img decoding=\"async\" alt=\"Bericht und Fotos\" src=\"https:\/\/www.feuerwehr-matzen.at\/wp-content\/uploads\/2013\/07\/bericht_bilder.png\" \/><\/a><\/td>\n<\/tr>\n<tr>\n<th class=\"ffdatum\">21. August<\/th>\n<td class=\"fftext\">Personensuche<\/td>\n<td class=\"fffoto\"><a title=\"21. August 2014\" href=\"https:\/\/www.feuerwehr-matzen.at\/?page_id=4029\"><img decoding=\"async\" alt=\"Bericht und Fotos\" src=\"https:\/\/www.feuerwehr-matzen.at\/wp-content\/uploads\/2013\/07\/bericht_bilder.png\" \/><\/a><\/td>\n<\/tr>\n<tr>\n<th class=\"ffdatum\">17. August<\/th>\n<td class=\"fftext\">K\u00fcchenbrand<\/td>\n<td class=\"fffoto\"><a title=\"17. August 2014\" href=\"https:\/\/www.feuerwehr-matzen.at\/?page_id=4001\"><img decoding=\"async\" alt=\"Bericht und Fotos\" src=\"https:\/\/www.feuerwehr-matzen.at\/wp-content\/uploads\/2013\/07\/bericht_bilder.png\" \/><\/a><\/td>\n<\/tr>\n<tr>\n<th class=\"ffdatum\">10. August<\/th>\n<td class=\"fftext\">Fahrzeugbrand<\/td>\n<td class=\"fffoto\"><a title=\"10. August 2014\" href=\"https:\/\/www.feuerwehr-matzen.at\/?page_id=3981\"><img decoding=\"async\" alt=\"Bericht und Fotos\" src=\"https:\/\/www.feuerwehr-matzen.at\/wp-content\/uploads\/2013\/07\/bericht_bilder.png\" \/><\/a><\/td>\n<\/tr>\n<tr>\n<th class=\"ffdatum\">09. August<\/th>\n<td class=\"fftext\">Unwettereinsatz<\/td>\n<td class=\"fffoto\"><a title=\"09. August 2014\" href=\"https:\/\/www.feuerwehr-matzen.at\/?page_id=3984\"><img decoding=\"async\" alt=\"Bericht und Fotos\" src=\"https:\/\/www.feuerwehr-matzen.at\/wp-content\/uploads\/2013\/07\/bericht_bilder.png\" \/><\/a><\/td>\n<\/tr>\n<tr>\n<th class=\"ffdatum\">09. August<\/th>\n<td class=\"fftext\">Technische Hilfeleistung<\/td>\n<td class=\"fffoto\"><\/td>\n<\/tr>\n<tr>\n<th class=\"ffdatum\">07. August<\/th>\n<td class=\"fftext\">Technische Hilfeleistung<\/td>\n<td class=\"fffoto\"><\/td>\n<\/tr>\n<tr>\n<th class=\"ffdatum\">04. August<\/th>\n<td class=\"fftext\">Unwettereinsatz<\/td>\n<td class=\"fffoto\"><a title=\"04. August 2014\" href=\"https:\/\/www.feuerwehr-matzen.at\/?page_id=3957\"><img decoding=\"async\" alt=\"Bericht und Fotos\" src=\"https:\/\/www.feuerwehr-matzen.at\/wp-content\/uploads\/2013\/07\/bericht_bilder.png\" \/><\/a><\/td>\n<\/tr>\n<tr>\n<th class=\"ffdatum\">03. August<\/th>\n<td class=\"fftext\">Unwettereinsatz<\/td>\n<td class=\"fffoto\"><a title=\"03. August 2014\" href=\"https:\/\/www.feuerwehr-matzen.at\/?page_id=3957\"><img decoding=\"async\" alt=\"Bericht und Fotos\" src=\"https:\/\/www.feuerwehr-matzen.at\/wp-content\/uploads\/2013\/07\/bericht_bilder.png\" \/><\/a><\/td>\n<\/tr>\n<tr>\n<th class=\"ffdatum\">09. Juli<\/th>\n<td class=\"fftext\">T\u00fcr\u00f6ffnung<\/td>\n<td class=\"fffoto\"><\/td>\n<\/tr>\n<tr>\n<th class=\"ffdatum\">09. Juli<\/th>\n<td class=\"fftext\">Verkehrsunfall<\/td>\n<td class=\"fffoto\"><a title=\"09. Juli 2014\" href=\"https:\/\/www.feuerwehr-matzen.at\/?page_id=3919\"><img decoding=\"async\" alt=\"Bericht und Fotos\" src=\"https:\/\/www.feuerwehr-matzen.at\/wp-content\/uploads\/2013\/07\/bericht_bilder.png\" \/><\/a><\/td>\n<\/tr>\n<tr>\n<th class=\"ffdatum\">25. Juni<\/th>\n<td class=\"fftext\">Flurbrand<\/td>\n<td class=\"fffoto\"><a title=\"25. Juni 2014\" href=\"https:\/\/www.feuerwehr-matzen.at\/?page_id=4020\"><img decoding=\"async\" alt=\"Bericht und Fotos\" src=\"https:\/\/www.feuerwehr-matzen.at\/wp-content\/uploads\/2013\/07\/bericht_bilder.png\" \/><\/a><\/td>\n<\/tr>\n<tr>\n<th class=\"ffdatum\">17. Juni<\/th>\n<td class=\"fftext\">Flurbrand<\/td>\n<td class=\"fffoto\"><a title=\"17. Juni 2014\" href=\"https:\/\/www.feuerwehr-matzen.at\/?page_id=4009\"><img decoding=\"async\" alt=\"Bericht und Fotos\" src=\"https:\/\/www.feuerwehr-matzen.at\/wp-content\/uploads\/2013\/07\/bericht_bilder.png\" \/><\/a><\/td>\n<\/tr>\n<tr>\n<th class=\"ffdatum\">01. Mai<\/th>\n<td class=\"fftext\">Brandsicherheitswache<\/td>\n<td class=\"fffoto\"><\/td>\n<\/tr>\n<tr>\n<th class=\"ffdatum\">02. April<\/th>\n<td class=\"fftext\">Fahrzeugbergung<\/td>\n<td class=\"fffoto\"><a title=\"02. April 2014\" href=\"https:\/\/www.feuerwehr-matzen.at\/?page_id=3908\"><img decoding=\"async\" alt=\"Bericht und Fotos\" src=\"https:\/\/www.feuerwehr-matzen.at\/wp-content\/uploads\/2013\/07\/bericht_bilder.png\" \/><\/a><\/td>\n<\/tr>\n<tr>\n<th class=\"ffdatum\">28. April<\/th>\n<td class=\"fftext\">Brandverdacht &#8211; Fehlalarm<\/td>\n<td class=\"fffoto\"><\/td>\n<\/tr>\n<tr>\n<th class=\"ffdatum\">19. April<\/th>\n<td class=\"fftext\">Schadstoffaustritt<\/td>\n<td class=\"fffoto\"><\/td>\n<\/tr>\n<tr>\n<th class=\"ffdatum\">15. April<\/th>\n<td class=\"fftext\">Fahrzeugbergung<\/td>\n<td class=\"fffoto\"><a title=\"15. April 2014\" href=\"https:\/\/www.feuerwehr-matzen.at\/?page_id=3896\"><img decoding=\"async\" alt=\"Bericht und Fotos\" src=\"https:\/\/www.feuerwehr-matzen.at\/wp-content\/uploads\/2013\/07\/bericht_bilder.png\" \/><\/a><\/td>\n<\/tr>\n<tr>\n<th class=\"ffdatum\">13. April<\/th>\n<td class=\"fftext\">Fahrzeugbergung<\/td>\n<td class=\"fffoto\"><a title=\"13. April 2014\" href=\"https:\/\/www.feuerwehr-matzen.at\/?page_id=3874\"><img decoding=\"async\" alt=\"Bericht und Fotos\" src=\"https:\/\/www.feuerwehr-matzen.at\/wp-content\/uploads\/2013\/07\/bericht_bilder.png\" \/><\/a><\/td>\n<\/tr>\n<tr>\n<th class=\"ffdatum\">10. April<\/th>\n<td class=\"fftext\">Lautsprecherfahrt<\/td>\n<td class=\"fffoto\"><\/td>\n<\/tr>\n<tr>\n<th class=\"ffdatum\">01. April<\/th>\n<td class=\"fftext\">Fahrzeugbergung<\/td>\n<td class=\"fffoto\"><\/td>\n<\/tr>\n<tr>\n<th class=\"ffdatum\">15. M\u00e4rz<\/th>\n<td class=\"fftext\">Brandeinsatz<\/td>\n<td class=\"fffoto\"><a title=\"15. M\u00e4rz 2014\" href=\"https:\/\/www.feuerwehr-matzen.at\/?page_id=3883\"><img decoding=\"async\" alt=\"Bericht und Fotos\" src=\"https:\/\/www.feuerwehr-matzen.at\/wp-content\/uploads\/2013\/07\/bericht_bilder.png\" \/><\/a><\/td>\n<\/tr>\n<th class=\"ffdatum\">22. Februar<\/th>\n<td class=\"fftext\">Sicherungsdienst<\/td>\n<td class=\"fffoto\"><\/td>\n<\/tr>\n<th class=\"ffdatum\">01. Februar<\/th>\n<td class=\"fftext\">Baum \u00fcber Stra\u00dfe<\/td>\n<td class=\"fffoto\"><a title=\"01. Februar 2014\" href=\"https:\/\/www.feuerwehr-matzen.at\/?page_id=3841\"><img decoding=\"async\" alt=\"Bericht und Fotos\" src=\"https:\/\/www.feuerwehr-matzen.at\/wp-content\/uploads\/2013\/07\/bericht_bilder.png\" \/><\/a><\/td>\n<\/tr>\n<tr>\n<th class=\"ffdatum\">16. J\u00e4nner<\/th>\n<td class=\"fftext\">Person in Notlage<\/td>\n<td class=\"fffoto\"><a title=\"16. J\u00e4nner 2014\" href=\"https:\/\/www.feuerwehr-matzen.at\/?page_id=3770\"><img decoding=\"async\" alt=\"Bericht und Fotos\" src=\"https:\/\/www.feuerwehr-matzen.at\/wp-content\/uploads\/2013\/07\/bericht_bilder.png\" \/><\/a><\/td>\n<\/tr>\n<\/tbody>\n<\/table>\n<style><!--\n.ffdatum{width:30%; padding-left:20px; vertical-align:middle;} .fftext{width:60%; padding-left:5px; vertical-align:middle;} .fffoto{width:10%; vertical-align:middle;}\n--><\/style>\n","protected":false},"excerpt":{"rendered":"<p>28. November Brandsicherheitswache 11. November Fahrzeugbergung 09. November Brandsicherheitswache 07. November T\u00fcr\u00f6ffnung 27. September Fahrzeugbergung 21. September Unwettereinsatz 16. September Brand einer Gartenh\u00fctte 11. September LKW gegen PKW 08. September Tierrettung 05. September Verkehrsunfall mit Todesfolge 26. August Rauchentwicklung in <a class=\"more-link\" href=\"https:\/\/www.feuerwehr-matzen.at\/?page_id=3773\">weiterlesen  <span class=\"screen-reader-text\">  Eins\u00e4tze 2014<\/span><span class=\"meta-nav\">&rarr;<\/span><\/a><\/p>\n","protected":false},"author":6,"featured_media":0,"parent":0,"menu_order":0,"comment_status":"closed","ping_status":"closed","template":"","meta":{"footnotes":""},"class_list":["post-3773","page","type-page","status-publish","hentry"],"_links":{"self":[{"href":"https:\/\/www.feuerwehr-matzen.at\/index.php?rest_route=\/wp\/v2\/pages\/3773","targetHints":{"allow":["GET"]}}],"collection":[{"href":"https:\/\/www.feuerwehr-matzen.at\/index.php?rest_route=\/wp\/v2\/pages"}],"about":[{"href":"https:\/\/www.feuerwehr-matzen.at\/index.php?rest_route=\/wp\/v2\/types\/page"}],"author":[{"embeddable":true,"href":"https:\/\/www.feuerwehr-matzen.at\/index.php?rest_route=\/wp\/v2\/users\/6"}],"replies":[{"embeddable":true,"href":"https:\/\/www.feuerwehr-matzen.at\/index.php?rest_route=%2Fwp%2Fv2%2Fcomments&post=3773"}],"version-history":[{"count":35,"href":"https:\/\/www.feuerwehr-matzen.at\/index.php?rest_route=\/wp\/v2\/pages\/3773\/revisions"}],"predecessor-version":[{"id":4102,"href":"https:\/\/www.feuerwehr-matzen.at\/index.php?rest_route=\/wp\/v2\/pages\/3773\/revisions\/4102"}],"wp:attachment":[{"href":"https:\/\/www.feuerwehr-matzen.at\/index.php?rest_route=%2Fwp%2Fv2%2Fmedia&parent=3773"}],"curies":[{"name":"wp","href":"https:\/\/api.w.org\/{rel}","templated":true}]}}