{"id":3841,"date":"2014-02-01T23:26:34","date_gmt":"2014-02-01T21:26:34","guid":{"rendered":"http:\/\/www.feuerwehr-matzen.at\/?page_id=3841"},"modified":"2020-09-18T14:15:11","modified_gmt":"2020-09-18T12:15:11","slug":"3841-2","status":"publish","type":"page","link":"https:\/\/www.feuerwehr-matzen.at\/?page_id=3841","title":{"rendered":"01. Februar 2014"},"content":{"rendered":"<p><strong>Sturmschaden<\/strong><a title=\"Eins\u00e4tze\" href=\"https:\/\/www.feuerwehr-matzen.at\/?page_id=3773\"><img loading=\"lazy\" decoding=\"async\" class=\"alignright size-full wp-image-1833\" alt=\"return\" src=\"https:\/\/www.feuerwehr-matzen.at\/wp-content\/uploads\/2013\/07\/return.jpg\" width=\"65\" height=\"30\" \/><\/a><\/p>\n<p>Am 2. Februar 2014 um 14:53 Uhr wurde die Feuerwehr Matzen mittels Sirene, Pager und SMS Alarm zu einem Technischem Einsatz (T1) &#8211; Technische Hilfeleistung auf der L 18 alarmiert. Unverz\u00fcglich r\u00fcckten 14 Mann mit 2 Fahrzeugen zum Einsatzort aus. Ein Baum wurde aufgrund der starken Windb\u00f6en auf die L 18 Richtung Spannberg katapultiert. Nachdem der Baum entfernt und die Stra\u00dfe gereinigt wurde, konnten die Einsatzkr\u00e4fte wieder einr\u00fccken. Um 15:40 konnte die Einsatzbereitschaft wieder hergestellt werden.<\/p>\n<p>Im Einsatz befindliche Fahrzeuge: RLF-A 2000, KDO<br \/>\nMannschaftsst\u00e4rke: 14<\/p>\n<p><a href=\"https:\/\/www.feuerwehr-matzen.at\/wp-content\/uploads\/2014\/02\/DSC08855.jpg\"><img loading=\"lazy\" decoding=\"async\" class=\"alignleft size-thumbnail wp-image-3842\" alt=\"DSC08855\" src=\"https:\/\/www.feuerwehr-matzen.at\/wp-content\/uploads\/2014\/02\/DSC08855-150x150.jpg\" width=\"150\" height=\"150\" \/><\/a> <a href=\"https:\/\/www.feuerwehr-matzen.at\/wp-content\/uploads\/2014\/02\/DSC08860.jpg\"><img loading=\"lazy\" decoding=\"async\" class=\"alignleft size-thumbnail wp-image-3844\" alt=\"DSC08860\" src=\"https:\/\/www.feuerwehr-matzen.at\/wp-content\/uploads\/2014\/02\/DSC08860-150x150.jpg\" width=\"150\" height=\"150\" \/><\/a> <a href=\"https:\/\/www.feuerwehr-matzen.at\/wp-content\/uploads\/2014\/02\/DSC08859.jpg\"><img loading=\"lazy\" decoding=\"async\" class=\"alignleft size-thumbnail wp-image-3843\" alt=\"DSC08859\" src=\"https:\/\/www.feuerwehr-matzen.at\/wp-content\/uploads\/2014\/02\/DSC08859-150x150.jpg\" width=\"150\" height=\"150\" \/><\/a><\/p>\n","protected":false},"excerpt":{"rendered":"<p>Sturmschaden Am 2. Februar 2014 um 14:53 Uhr wurde die Feuerwehr Matzen mittels Sirene, Pager und SMS Alarm zu einem Technischem Einsatz (T1) &#8211; Technische Hilfeleistung auf der L 18 alarmiert. Unverz\u00fcglich r\u00fcckten 14 Mann mit 2 Fahrzeugen zum Einsatzort <a class=\"more-link\" href=\"https:\/\/www.feuerwehr-matzen.at\/?page_id=3841\">weiterlesen  <span class=\"screen-reader-text\">  01. Februar 2014<\/span><span class=\"meta-nav\">&rarr;<\/span><\/a><\/p>\n","protected":false},"author":6,"featured_media":0,"parent":0,"menu_order":0,"comment_status":"closed","ping_status":"closed","template":"","meta":{"footnotes":""},"class_list":["post-3841","page","type-page","status-publish","hentry"],"_links":{"self":[{"href":"https:\/\/www.feuerwehr-matzen.at\/index.php?rest_route=\/wp\/v2\/pages\/3841","targetHints":{"allow":["GET"]}}],"collection":[{"href":"https:\/\/www.feuerwehr-matzen.at\/index.php?rest_route=\/wp\/v2\/pages"}],"about":[{"href":"https:\/\/www.feuerwehr-matzen.at\/index.php?rest_route=\/wp\/v2\/types\/page"}],"author":[{"embeddable":true,"href":"https:\/\/www.feuerwehr-matzen.at\/index.php?rest_route=\/wp\/v2\/users\/6"}],"replies":[{"embeddable":true,"href":"https:\/\/www.feuerwehr-matzen.at\/index.php?rest_route=%2Fwp%2Fv2%2Fcomments&post=3841"}],"version-history":[{"count":3,"href":"https:\/\/www.feuerwehr-matzen.at\/index.php?rest_route=\/wp\/v2\/pages\/3841\/revisions"}],"predecessor-version":[{"id":3850,"href":"https:\/\/www.feuerwehr-matzen.at\/index.php?rest_route=\/wp\/v2\/pages\/3841\/revisions\/3850"}],"wp:attachment":[{"href":"https:\/\/www.feuerwehr-matzen.at\/index.php?rest_route=%2Fwp%2Fv2%2Fmedia&parent=3841"}],"curies":[{"name":"wp","href":"https:\/\/api.w.org\/{rel}","templated":true}]}}