{"id":3874,"date":"2014-04-14T11:11:24","date_gmt":"2014-04-14T09:11:24","guid":{"rendered":"http:\/\/www.feuerwehr-matzen.at\/?page_id=3874"},"modified":"2020-09-18T14:15:23","modified_gmt":"2020-09-18T12:15:23","slug":"13-april-2014","status":"publish","type":"page","link":"https:\/\/www.feuerwehr-matzen.at\/?page_id=3874","title":{"rendered":"13. April 2014"},"content":{"rendered":"<p><strong>Fahrzeugbergung<\/strong><a title=\"Eins\u00e4tze\" href=\"https:\/\/www.feuerwehr-matzen.at\/?page_id=3773\"><img loading=\"lazy\" decoding=\"async\" class=\"alignright size-full wp-image-1833\" alt=\"return\" src=\"https:\/\/www.feuerwehr-matzen.at\/wp-content\/uploads\/2013\/07\/return.jpg\" width=\"65\" height=\"30\" \/><\/a><\/p>\n<p>Am 13. April 2014 um 14:45 wurde die Feuerwehr Matzen mittels Sirene\/Pager uns SMS Alarm zu einer Fahrzeugbergung auf der L18 Richtung Spannberg alarmiert. Da sich zur Zeit der Alarmierung einigen Kameraden im Feuerwehrhaus befanden, konnte das erste Fahrzeug bereits wenige Augenblicke sp\u00e4ter ausr\u00fccken. Eine PKW Lenkerin kam auf der L18 Fahrtrichtung Spannberg aus noch ungekl\u00e4rter Ursache aufs Bankett und landete in Folge im angrenzenden Wald. Ein Baum verhinderte einen kompletten \u00dcberschlag und lie\u00df den PKW am Dach liegend zum Stillstand kommen. Gl\u00fccklicherweise wurde der Baum durch die geringe Geschwindigkeit nur leicht touchiert. Nach Absicherung der Einsatzstelle und Ausschneiden kleinerer B\u00e4ume rund um das Unfallauto, konnte der PKW wieder auf die Stra\u00dfe gezogen werden. Im Anschluss wurde die Fahrbahn von Verunreinigungen befreit und der PKW gesichert abgestellt. Nach rund 45 Minuten konnten die Einsatzkr\u00e4fte wieder einr\u00fccken und die Einsatzbereitschaft herstellen.<\/p>\n<p>Im Einsatz befindliche Fahrzeuge: RLF-A 2000, KDO, LAST<br \/>\nMannschaftsst\u00e4rke: 17<br \/>\nsonstige Einsatzkr\u00e4fte: Polizei, NAW G\u00e4nserndorf, First Responder<\/p>\n<p><a href=\"https:\/\/www.feuerwehr-matzen.at\/wp-content\/uploads\/2014\/04\/DSC08925.jpg\"><img loading=\"lazy\" decoding=\"async\" class=\"alignleft size-thumbnail wp-image-3875\" alt=\"DSC08925\" src=\"https:\/\/www.feuerwehr-matzen.at\/wp-content\/uploads\/2014\/04\/DSC08925-150x150.jpg\" width=\"150\" height=\"150\" \/><\/a> <a href=\"https:\/\/www.feuerwehr-matzen.at\/wp-content\/uploads\/2014\/04\/DSC08934.jpg\"><img loading=\"lazy\" decoding=\"async\" class=\"alignleft size-thumbnail wp-image-3876\" alt=\"DSC08934\" src=\"https:\/\/www.feuerwehr-matzen.at\/wp-content\/uploads\/2014\/04\/DSC08934-150x150.jpg\" width=\"150\" height=\"150\" \/><\/a> <a href=\"https:\/\/www.feuerwehr-matzen.at\/wp-content\/uploads\/2014\/04\/DSC08936.jpg\"><img loading=\"lazy\" decoding=\"async\" class=\"alignleft size-thumbnail wp-image-3877\" alt=\"DSC08936\" src=\"https:\/\/www.feuerwehr-matzen.at\/wp-content\/uploads\/2014\/04\/DSC08936-150x150.jpg\" width=\"150\" height=\"150\" \/><\/a> <a href=\"https:\/\/www.feuerwehr-matzen.at\/wp-content\/uploads\/2014\/04\/DSC08942.jpg\"><img loading=\"lazy\" decoding=\"async\" class=\"alignleft size-thumbnail wp-image-3878\" alt=\"DSC08942\" src=\"https:\/\/www.feuerwehr-matzen.at\/wp-content\/uploads\/2014\/04\/DSC08942-150x150.jpg\" width=\"150\" height=\"150\" \/><\/a> <a href=\"https:\/\/www.feuerwehr-matzen.at\/wp-content\/uploads\/2014\/04\/DSC08944.jpg\"><img loading=\"lazy\" decoding=\"async\" class=\"alignleft size-thumbnail wp-image-3879\" alt=\"DSC08944\" src=\"https:\/\/www.feuerwehr-matzen.at\/wp-content\/uploads\/2014\/04\/DSC08944-150x150.jpg\" width=\"150\" height=\"150\" \/><\/a> <a href=\"https:\/\/www.feuerwehr-matzen.at\/wp-content\/uploads\/2014\/04\/DSC08946.jpg\"><img loading=\"lazy\" decoding=\"async\" class=\"alignleft size-thumbnail wp-image-3880\" alt=\"DSC08946\" src=\"https:\/\/www.feuerwehr-matzen.at\/wp-content\/uploads\/2014\/04\/DSC08946-150x150.jpg\" width=\"150\" height=\"150\" \/><\/a><\/p>\n","protected":false},"excerpt":{"rendered":"<p>Fahrzeugbergung Am 13. April 2014 um 14:45 wurde die Feuerwehr Matzen mittels Sirene\/Pager uns SMS Alarm zu einer Fahrzeugbergung auf der L18 Richtung Spannberg alarmiert. Da sich zur Zeit der Alarmierung einigen Kameraden im Feuerwehrhaus befanden, konnte das erste Fahrzeug <a class=\"more-link\" href=\"https:\/\/www.feuerwehr-matzen.at\/?page_id=3874\">weiterlesen  <span class=\"screen-reader-text\">  13. April 2014<\/span><span class=\"meta-nav\">&rarr;<\/span><\/a><\/p>\n","protected":false},"author":6,"featured_media":0,"parent":0,"menu_order":0,"comment_status":"closed","ping_status":"closed","template":"","meta":{"footnotes":""},"class_list":["post-3874","page","type-page","status-publish","hentry"],"_links":{"self":[{"href":"https:\/\/www.feuerwehr-matzen.at\/index.php?rest_route=\/wp\/v2\/pages\/3874","targetHints":{"allow":["GET"]}}],"collection":[{"href":"https:\/\/www.feuerwehr-matzen.at\/index.php?rest_route=\/wp\/v2\/pages"}],"about":[{"href":"https:\/\/www.feuerwehr-matzen.at\/index.php?rest_route=\/wp\/v2\/types\/page"}],"author":[{"embeddable":true,"href":"https:\/\/www.feuerwehr-matzen.at\/index.php?rest_route=\/wp\/v2\/users\/6"}],"replies":[{"embeddable":true,"href":"https:\/\/www.feuerwehr-matzen.at\/index.php?rest_route=%2Fwp%2Fv2%2Fcomments&post=3874"}],"version-history":[{"count":1,"href":"https:\/\/www.feuerwehr-matzen.at\/index.php?rest_route=\/wp\/v2\/pages\/3874\/revisions"}],"predecessor-version":[{"id":3881,"href":"https:\/\/www.feuerwehr-matzen.at\/index.php?rest_route=\/wp\/v2\/pages\/3874\/revisions\/3881"}],"wp:attachment":[{"href":"https:\/\/www.feuerwehr-matzen.at\/index.php?rest_route=%2Fwp%2Fv2%2Fmedia&parent=3874"}],"curies":[{"name":"wp","href":"https:\/\/api.w.org\/{rel}","templated":true}]}}