{"id":3883,"date":"2014-04-17T02:09:14","date_gmt":"2014-04-17T00:09:14","guid":{"rendered":"http:\/\/www.feuerwehr-matzen.at\/?page_id=3883"},"modified":"2020-09-18T14:15:23","modified_gmt":"2020-09-18T12:15:23","slug":"15-maerz-2014","status":"publish","type":"page","link":"https:\/\/www.feuerwehr-matzen.at\/?page_id=3883","title":{"rendered":"15. M\u00e4rz 2014"},"content":{"rendered":"<p><strong>Brandeinsatz<\/strong><a title=\"Eins\u00e4tze\" href=\"https:\/\/www.feuerwehr-matzen.at\/?page_id=3773\"><img loading=\"lazy\" decoding=\"async\" class=\"alignright size-full wp-image-1833\" alt=\"return\" src=\"https:\/\/www.feuerwehr-matzen.at\/wp-content\/uploads\/2013\/07\/return.jpg\" width=\"65\" height=\"30\" \/><\/a><\/p>\n<p>Am 15. M\u00e4rz 2014 wurde die Feuerwehr Matzen um 16:11 zu einem Brandeinsatz auf der L3159 Richtung G\u00e4nserndorf alarmiert. Laut Alarmierung brennt zwischen den beiden Landestra\u00dfen L3159 und L19 ein Strommast.<br \/>\nWenige Minuten nach der Alarmierung r\u00fcckten 14 Mann mit 2 Fahrzeugen zur Einsatzstelle aus. W\u00e4hrend der Anfahrt r\u00fcstete sich bereits ein Atemschutztrupp aus. An der Einsatzstelle angekommen wurde aufgrund einer herunter h\u00e4ngenden Stromleitung unverz\u00fcglich die EVN verst\u00e4ndigt und die Einsatzstelle gro\u00dfr\u00e4umig abgesichert. Zus\u00e4tzlich wurde die Betriebsfeuerwehr der OMV G\u00e4nserndorf informiert, da sich die Einsatzstelle in der N\u00e4he einer OMV Station befand. Nach Eintreffen der weiteren Einsatzkr\u00e4fte und der \u00dcbergabe an die EVN konnten die Matzner Florianij\u00fcnger um 17:00 wieder einr\u00fccken und die Einsatzbereitschaft herstellen.<\/p>\n<p>Im Einsatz befindliche Fahrzeuge: RLF-A 2000, KDO<br \/>\nMannschaftsst\u00e4rke: 14<br \/>\nsonstige Einsatzkr\u00e4fte: EVN, BTF OMV G\u00e4nserndorf<\/p>\n<p><a href=\"https:\/\/www.feuerwehr-matzen.at\/wp-content\/uploads\/2014\/04\/DSC08906.jpg\"><img loading=\"lazy\" decoding=\"async\" src=\"https:\/\/www.feuerwehr-matzen.at\/wp-content\/uploads\/2014\/04\/DSC08906-150x150.jpg\" alt=\"DSC08906\" width=\"150\" height=\"150\" class=\"alignleft size-thumbnail wp-image-3886\" \/><\/a><\/p>\n<p><a href=\"https:\/\/www.feuerwehr-matzen.at\/wp-content\/uploads\/2014\/04\/DSC08911.jpg\"><img loading=\"lazy\" decoding=\"async\" src=\"https:\/\/www.feuerwehr-matzen.at\/wp-content\/uploads\/2014\/04\/DSC08911-150x150.jpg\" alt=\"DSC08911\" width=\"150\" height=\"150\" class=\"alignleft size-thumbnail wp-image-3887\" \/><\/a><\/p>\n<p><a href=\"https:\/\/www.feuerwehr-matzen.at\/wp-content\/uploads\/2014\/04\/DSC08921.jpg\"><img loading=\"lazy\" decoding=\"async\" src=\"https:\/\/www.feuerwehr-matzen.at\/wp-content\/uploads\/2014\/04\/DSC08921-150x150.jpg\" alt=\"DSC08921\" width=\"150\" height=\"150\" class=\"alignleft size-thumbnail wp-image-3888\" \/><\/a><\/p>\n<p><a href=\"https:\/\/www.feuerwehr-matzen.at\/wp-content\/uploads\/2014\/04\/DSC08924.jpg\"><img loading=\"lazy\" decoding=\"async\" src=\"https:\/\/www.feuerwehr-matzen.at\/wp-content\/uploads\/2014\/04\/DSC08924-150x150.jpg\" alt=\"DSC08924\" width=\"150\" height=\"150\" class=\"alignleft size-thumbnail wp-image-3889\" \/><\/a><\/p>\n","protected":false},"excerpt":{"rendered":"<p>Brandeinsatz Am 15. M\u00e4rz 2014 wurde die Feuerwehr Matzen um 16:11 zu einem Brandeinsatz auf der L3159 Richtung G\u00e4nserndorf alarmiert. Laut Alarmierung brennt zwischen den beiden Landestra\u00dfen L3159 und L19 ein Strommast. Wenige Minuten nach der Alarmierung r\u00fcckten 14 Mann <a class=\"more-link\" href=\"https:\/\/www.feuerwehr-matzen.at\/?page_id=3883\">weiterlesen  <span class=\"screen-reader-text\">  15. M\u00e4rz 2014<\/span><span class=\"meta-nav\">&rarr;<\/span><\/a><\/p>\n","protected":false},"author":6,"featured_media":0,"parent":0,"menu_order":0,"comment_status":"closed","ping_status":"closed","template":"","meta":{"footnotes":""},"class_list":["post-3883","page","type-page","status-publish","hentry"],"_links":{"self":[{"href":"https:\/\/www.feuerwehr-matzen.at\/index.php?rest_route=\/wp\/v2\/pages\/3883","targetHints":{"allow":["GET"]}}],"collection":[{"href":"https:\/\/www.feuerwehr-matzen.at\/index.php?rest_route=\/wp\/v2\/pages"}],"about":[{"href":"https:\/\/www.feuerwehr-matzen.at\/index.php?rest_route=\/wp\/v2\/types\/page"}],"author":[{"embeddable":true,"href":"https:\/\/www.feuerwehr-matzen.at\/index.php?rest_route=\/wp\/v2\/users\/6"}],"replies":[{"embeddable":true,"href":"https:\/\/www.feuerwehr-matzen.at\/index.php?rest_route=%2Fwp%2Fv2%2Fcomments&post=3883"}],"version-history":[{"count":2,"href":"https:\/\/www.feuerwehr-matzen.at\/index.php?rest_route=\/wp\/v2\/pages\/3883\/revisions"}],"predecessor-version":[{"id":3890,"href":"https:\/\/www.feuerwehr-matzen.at\/index.php?rest_route=\/wp\/v2\/pages\/3883\/revisions\/3890"}],"wp:attachment":[{"href":"https:\/\/www.feuerwehr-matzen.at\/index.php?rest_route=%2Fwp%2Fv2%2Fmedia&parent=3883"}],"curies":[{"name":"wp","href":"https:\/\/api.w.org\/{rel}","templated":true}]}}