{"id":3891,"date":"2014-04-17T02:12:42","date_gmt":"2014-04-17T00:12:42","guid":{"rendered":"http:\/\/www.feuerwehr-matzen.at\/?page_id=3891"},"modified":"2020-09-18T14:15:45","modified_gmt":"2020-09-18T12:15:45","slug":"uebungen-2014","status":"publish","type":"page","link":"https:\/\/www.feuerwehr-matzen.at\/?page_id=3891","title":{"rendered":"\u00dcbungen 2014"},"content":{"rendered":"<table style=\"table-layout: fixed; text-align: left;\" border=\"0\">\n<tbody>\n<tr>\n<th class=\"ffdatum\">16. Dezember<\/th>\n<td class=\"fftext\">Planspiel F\u00fchrungskr\u00e4fte<\/td>\n<td class=\"fffoto\"><\/td>\n<\/tr>\n<tr>\n<th class=\"ffdatum\">09. Dezember<\/th>\n<td class=\"fftext\">Winterschulung Druckbel\u00fcftung<\/td>\n<td class=\"fffoto\"><\/td>\n<\/tr>\n<tr>\n<th class=\"ffdatum\">22. November<\/th>\n<td class=\"fftext\">Hei\u00dfausbildung AS-Tr\u00e4ger<\/td>\n<td class=\"fffoto\"><\/td>\n<\/tr>\n<tr>\n<th class=\"ffdatum\">19. November<\/th>\n<td class=\"fftext\">Hei\u00dfausbildung AS-Tr\u00e4ger<\/td>\n<td class=\"fffoto\"><\/td>\n<\/tr>\n<tr>\n<th class=\"ffdatum\">18. November<\/th>\n<td class=\"fftext\">Hei\u00dfausbildung AS-Tr\u00e4ger<\/td>\n<td class=\"fffoto\"><\/td>\n<\/tr>\n<tr>\n<th class=\"ffdatum\">17. November<\/th>\n<td class=\"fftext\">UA Funk\u00fcbung<\/td>\n<td class=\"fffoto\"><\/td>\n<\/tr>\n<tr>\n<th class=\"ffdatum\">15.November<\/th>\n<td class=\"fftext\">Gro\u00df\u00fcbung in Strasshof<\/td>\n<td class=\"fffoto\"><a title=\"15. November 2014\" href=\"https:\/\/www.feuerwehr-matzen.at\/?page_id=4136\"><img decoding=\"async\" alt=\"Bericht und Fotos\" src=\"https:\/\/www.feuerwehr-matzen.at\/wp-content\/uploads\/2013\/07\/bericht_bilder.png\"\/><\/a><\/td>\n<tr>\n<th class=\"ffdatum\">12. November<\/th>\n<td class=\"fftext\">KHD Stabsrahmen\u00fcbung<\/td>\n<td class=\"fffoto\"><\/td>\n<\/tr>\n<tr>\n<th class=\"ffdatum\">08. November<\/th>\n<td class=\"fftext\">Vorbereitung APLE<\/td>\n<td class=\"fffoto\"><\/td>\n<\/tr>\n<tr>\n<th class=\"ffdatum\">02. November<\/th>\n<td class=\"fftext\">Vorbereitung APLE<\/td>\n<td class=\"fffoto\"><\/td>\n<\/tr>\n<tr>\n<th class=\"ffdatum\">27. Oktober<\/th>\n<td class=\"fftext\">Vorbereitung APLE<\/td>\n<td class=\"fffoto\"><\/td>\n<\/tr>\n<tr>\n<th class=\"ffdatum\">24. Oktober<\/th>\n<td class=\"fftext\">Brand im Lebenshilfewohnheim<\/td>\n<td class=\"fffoto\"><\/td>\n<\/tr>\n<tr>\n<th class=\"ffdatum\">24. Oktober<\/th>\n<td class=\"fftext\">Vorbereitung APLE<\/td>\n<td class=\"fffoto\"><\/td>\n<\/tr>\n<tr>\n<th class=\"ffdatum\">14. Oktober<\/th>\n<td class=\"fftext\">Vorbereitung APLE<\/td>\n<td class=\"fffoto\"><\/td>\n<\/tr>\n<tr>\n<th class=\"ffdatum\">04. Oktober<\/th>\n<td class=\"fftext\">Workshop WBK<\/td>\n<td class=\"fffoto\"><\/td>\n<\/tr>\n<tr>\n<th class=\"ffdatum\">27. September<\/th>\n<td class=\"fftext\">Unterabschnitts-Atemschutz\u00fcbung<\/td>\n<td class=\"fffoto\"><\/td>\n<\/tr>\n<tr>\n<th class=\"ffdatum\">15. September<\/th>\n<td class=\"fftext\">Technische Schulungs\u00fcbung<\/td>\n<td class=\"fffoto\"><\/td>\n<\/tr>\n<tr>\n<th class=\"ffdatum\">02.Juni<\/th>\n<td class=\"fftext\">Monats\u00fcbung &#8211; Hebekissen, Schadstoff<\/td>\n<td class=\"fffoto\"><a title=\"02. Juni 2014\" href=\"https:\/\/www.feuerwehr-matzen.at\/?page_id=3946\"><img decoding=\"async\" alt=\"Bericht und Fotos\" src=\"https:\/\/www.feuerwehr-matzen.at\/wp-content\/uploads\/2013\/07\/bericht_bilder.png\" \/><\/a><\/td>\n<\/tr>\n<tr>\n<th class=\"ffdatum\">13. Mai<\/th>\n<td class=\"fftext\">Unterabschnitts\u00fcbung<\/td>\n<td class=\"fffoto\"><\/td>\n<\/tr>\n<tr>\n<th class=\"ffdatum\">08. Mai<\/th>\n<td class=\"fftext\">Vorbereitung TRF Pf\u00fcfung<\/td>\n<td class=\"fffoto\"><\/td>\n<\/tr>\n<tr>\n<th class=\"ffdatum\">23. April<\/th>\n<td class=\"fftext\">Monats\u00fcbung &#8211; PKW gegen LKW<\/td>\n<td class=\"fffoto\"><a title=\"23. April 2014\" href=\"https:\/\/www.feuerwehr-matzen.at\/?page_id=3931\"><img decoding=\"async\" alt=\"Bericht und Fotos\" src=\"https:\/\/www.feuerwehr-matzen.at\/wp-content\/uploads\/2013\/07\/bericht_bilder.png\" \/><\/a><\/td>\n<\/tr>\n<tr>\n<th class=\"ffdatum\">21. April<\/th>\n<td class=\"fftext\">Grundausbildung &#8211; Druckbel\u00fcfter, Hebekissen, S\u00e4gen<\/td>\n<td class=\"fffoto\"><\/td>\n<\/tr>\n<tr>\n<th class=\"ffdatum\">13. April<\/th>\n<td class=\"fftext\">Grundausbildung &#8211; Vorbereitung Atemschutzkurs<\/td>\n<td class=\"fffoto\"><\/td>\n<\/tr>\n<tr>\n<th class=\"ffdatum\">10. April<\/th>\n<td class=\"fftext\">Fortbildung SB AS<\/td>\n<td class=\"fffoto\"><\/td>\n<\/tr>\n<tr>\n<th class=\"ffdatum\">07. April<\/th>\n<td class=\"fftext\">Grundausbildung &#8211; Atemschutz<\/td>\n<td class=\"fffoto\"><\/td>\n<\/tr>\n<tr>\n<th class=\"ffdatum\">05. April<\/th>\n<td class=\"fftext\">AFK \u00dcbung &#8211; Einsatzleitung<\/td>\n<td class=\"fffoto\"><\/td>\n<\/tr>\n<tr>\n<th class=\"ffdatum\">04. April<\/th>\n<td class=\"fftext\">AFK \u00dcbung &#8211; Einsatzleitung<\/td>\n<td class=\"fffoto\"><\/td>\n<\/tr>\n<tr>\n<th class=\"ffdatum\">28. M\u00e4rz<\/th>\n<td class=\"fftext\">Grundausbildung &#8211; Nachrichtendienst<\/td>\n<td class=\"fffoto\"><\/td>\n<\/tr>\n<tr>\n<th class=\"ffdatum\">21. M\u00e4rz<\/th>\n<td class=\"fftext\">Grundausbildung &#8211; EInsatzbefehl, Planspiel<\/td>\n<td class=\"fffoto\"><\/td>\n<\/tr>\n<tr>\n<th class=\"ffdatum\">16. M\u00e4rz<\/th>\n<td class=\"fftext\">Erste Hilfe Kurs<\/td>\n<td class=\"fffoto\"><\/td>\n<\/tr>\n<tr>\n<th class=\"ffdatum\">15. M\u00e4rz<\/th>\n<td class=\"fftext\">Erste Hilfe Kurs<\/td>\n<td class=\"fffoto\"><\/td>\n<\/tr>\n<tr>\n<th class=\"ffdatum\">07. M\u00e4rz<\/th>\n<td class=\"fftext\">Grundausbildung &#8211; Arbeiten in der Einsatzleitung<\/td>\n<td class=\"fffoto\"><\/td>\n<\/tr>\n<tr>\n<th class=\"ffdatum\">05. M\u00e4rz<\/th>\n<td class=\"fftext\">Fahrzeug und Ger\u00e4tekunde<\/td>\n<td class=\"fffoto\"><\/td>\n<\/tr>\n<tr>\n<th class=\"ffdatum\">22. Februar<\/th>\n<td class=\"fftext\">Chargenschulung<\/td>\n<td class=\"fffoto\"><a title=\"22. Februar 2014\" href=\"https:\/\/www.feuerwehr-matzen.at\/?page_id=3950\"><img decoding=\"async\" alt=\"Bericht und Fotos\" src=\"https:\/\/www.feuerwehr-matzen.at\/wp-content\/uploads\/2013\/07\/bericht_bilder.png\" \/><\/a><\/td>\n<\/tr>\n<tr>\n<th class=\"ffdatum\">18. Februar<\/th>\n<td class=\"fftext\">Schulung Erste Hilfe<\/td>\n<td class=\"fffoto\"><\/td>\n<\/tr>\n<tr>\n<th class=\"ffdatum\">16. Februar<\/th>\n<td class=\"fftext\">Schulung Erste Hilfe<\/td>\n<td class=\"fffoto\"><\/td>\n<\/tr>\n<tr>\n<th class=\"ffdatum\">07. Februar<\/th>\n<td class=\"fftext\">Schulung Erste Hilfe<\/td>\n<td class=\"fffoto\"><\/td>\n<\/tr>\n<tr>\n<th class=\"ffdatum\">03. Februar<\/th>\n<td class=\"fftext\">Grundausbildung &#8211; Brandschutzpl\u00e4ne, L\u00f6schmittelberechnung<\/td>\n<td class=\"fffoto\"><\/td>\n<\/tr>\n<tr>\n<th class=\"ffdatum\">24. J\u00e4nner<\/th>\n<td class=\"fftext\">Chargenschulung<\/td>\n<td class=\"fffoto\"><\/td>\n<\/tr>\n<\/tbody>\n<\/table>\n<style><!--\n.ffdatum{width:30%; padding-left:20px; vertical-align:middle;} .fftext{width:60%px; padding-left:5px; vertical-align:middle;} .fffoto{width:10%; vertical-align:middle;}\n--><\/style>\n","protected":false},"excerpt":{"rendered":"<p>16. Dezember Planspiel F\u00fchrungskr\u00e4fte 09. Dezember Winterschulung Druckbel\u00fcftung 22. November Hei\u00dfausbildung AS-Tr\u00e4ger 19. November Hei\u00dfausbildung AS-Tr\u00e4ger 18. November Hei\u00dfausbildung AS-Tr\u00e4ger 17. November UA Funk\u00fcbung 15.November Gro\u00df\u00fcbung in Strasshof 12. November KHD Stabsrahmen\u00fcbung 08. November Vorbereitung APLE 02. November Vorbereitung APLE <a class=\"more-link\" href=\"https:\/\/www.feuerwehr-matzen.at\/?page_id=3891\">weiterlesen  <span class=\"screen-reader-text\">  \u00dcbungen 2014<\/span><span class=\"meta-nav\">&rarr;<\/span><\/a><\/p>\n","protected":false},"author":6,"featured_media":0,"parent":0,"menu_order":0,"comment_status":"closed","ping_status":"closed","template":"","meta":{"footnotes":""},"class_list":["post-3891","page","type-page","status-publish","hentry"],"_links":{"self":[{"href":"https:\/\/www.feuerwehr-matzen.at\/index.php?rest_route=\/wp\/v2\/pages\/3891","targetHints":{"allow":["GET"]}}],"collection":[{"href":"https:\/\/www.feuerwehr-matzen.at\/index.php?rest_route=\/wp\/v2\/pages"}],"about":[{"href":"https:\/\/www.feuerwehr-matzen.at\/index.php?rest_route=\/wp\/v2\/types\/page"}],"author":[{"embeddable":true,"href":"https:\/\/www.feuerwehr-matzen.at\/index.php?rest_route=\/wp\/v2\/users\/6"}],"replies":[{"embeddable":true,"href":"https:\/\/www.feuerwehr-matzen.at\/index.php?rest_route=%2Fwp%2Fv2%2Fcomments&post=3891"}],"version-history":[{"count":10,"href":"https:\/\/www.feuerwehr-matzen.at\/index.php?rest_route=\/wp\/v2\/pages\/3891\/revisions"}],"predecessor-version":[{"id":4145,"href":"https:\/\/www.feuerwehr-matzen.at\/index.php?rest_route=\/wp\/v2\/pages\/3891\/revisions\/4145"}],"wp:attachment":[{"href":"https:\/\/www.feuerwehr-matzen.at\/index.php?rest_route=%2Fwp%2Fv2%2Fmedia&parent=3891"}],"curies":[{"name":"wp","href":"https:\/\/api.w.org\/{rel}","templated":true}]}}