{"id":3896,"date":"2014-04-22T14:11:53","date_gmt":"2014-04-22T12:11:53","guid":{"rendered":"http:\/\/www.feuerwehr-matzen.at\/?page_id=3896"},"modified":"2020-09-18T14:15:23","modified_gmt":"2020-09-18T12:15:23","slug":"15-april-2014","status":"publish","type":"page","link":"https:\/\/www.feuerwehr-matzen.at\/?page_id=3896","title":{"rendered":"15. April 2014"},"content":{"rendered":"<p><strong>Fahrzeugbergung<\/strong><a title=\"Eins\u00e4tze\" href=\"https:\/\/www.feuerwehr-matzen.at\/?page_id=3773\"><img loading=\"lazy\" decoding=\"async\" class=\"alignright size-full wp-image-1833\" alt=\"return\" src=\"https:\/\/www.feuerwehr-matzen.at\/wp-content\/uploads\/2013\/07\/return.jpg\" width=\"65\" height=\"30\" \/><\/a><\/p>\n<p>Am 15. April 2014 um 18:03 wurde die Feuerwehr Matzen erneut mittels Sirene\/Pager uns SMS Alarm zu einer Fahrzeugbergung alarmiert. 18 Mann r\u00fcckten mit 3 Fahrzeugen zum Einsatzort auf die L19 Richtung Prottes aus. Ein PKW kam aus bisher ungekl\u00e4rter Ursache von der Fahrbahn und landete in Folge im Stra\u00dfengraben. Nach der Absicherung der Unfallstelle wurde das Unfallauto wieder auf die Stra\u00dfe gezogen und f\u00fcr den Abtransport durch eine Fachfirma gesichert abgestellt. Nach der Reinigung der Verkehrsfl\u00e4chen konnten die Einsatzkr\u00e4fte wieder einr\u00fccken.<br \/>\nNach rund einer Stunde konnte die Einsatzbereitschaft wieder hergestellt werden.<\/p>\n<p>Im Einsatz befindliche Fahrzeuge: RLF-A 2000, KDO, LAST<br \/>\nMannschaftsst\u00e4rke: 18<br \/>\nsonstige Einsatzkr\u00e4fte: Polizei<\/p>\n<p><a href=\"https:\/\/www.feuerwehr-matzen.at\/wp-content\/uploads\/2014\/04\/DSC08949.jpg\"><img loading=\"lazy\" decoding=\"async\" src=\"https:\/\/www.feuerwehr-matzen.at\/wp-content\/uploads\/2014\/04\/DSC08949-150x150.jpg\" alt=\"DSC08949\" width=\"150\" height=\"150\" class=\"alignleft size-thumbnail wp-image-3897\" \/><\/a><\/p>\n<p><a href=\"https:\/\/www.feuerwehr-matzen.at\/wp-content\/uploads\/2014\/04\/DSC08951.jpg\"><img loading=\"lazy\" decoding=\"async\" src=\"https:\/\/www.feuerwehr-matzen.at\/wp-content\/uploads\/2014\/04\/DSC08951-150x150.jpg\" alt=\"DSC08951\" width=\"150\" height=\"150\" class=\"alignleft size-thumbnail wp-image-3898\" \/><\/a><\/p>\n<p><a href=\"https:\/\/www.feuerwehr-matzen.at\/wp-content\/uploads\/2014\/04\/DSC08952.jpg\"><img loading=\"lazy\" decoding=\"async\" src=\"https:\/\/www.feuerwehr-matzen.at\/wp-content\/uploads\/2014\/04\/DSC08952-150x150.jpg\" alt=\"DSC08952\" width=\"150\" height=\"150\" class=\"alignleft size-thumbnail wp-image-3899\" \/><\/a><\/p>\n<p><a href=\"https:\/\/www.feuerwehr-matzen.at\/wp-content\/uploads\/2014\/04\/DSC08959.jpg\"><img loading=\"lazy\" decoding=\"async\" src=\"https:\/\/www.feuerwehr-matzen.at\/wp-content\/uploads\/2014\/04\/DSC08959-150x150.jpg\" alt=\"DSC08959\" width=\"150\" height=\"150\" class=\"alignleft size-thumbnail wp-image-3900\" \/><\/a><\/p>\n<p><a href=\"https:\/\/www.feuerwehr-matzen.at\/wp-content\/uploads\/2014\/04\/DSC08967.jpg\"><img loading=\"lazy\" decoding=\"async\" src=\"https:\/\/www.feuerwehr-matzen.at\/wp-content\/uploads\/2014\/04\/DSC08967-150x150.jpg\" alt=\"DSC08967\" width=\"150\" height=\"150\" class=\"alignleft size-thumbnail wp-image-3901\" \/><\/a><\/p>\n<p><a href=\"https:\/\/www.feuerwehr-matzen.at\/wp-content\/uploads\/2014\/04\/DSC08978.jpg\"><img loading=\"lazy\" decoding=\"async\" src=\"https:\/\/www.feuerwehr-matzen.at\/wp-content\/uploads\/2014\/04\/DSC08978-150x150.jpg\" alt=\"DSC08978\" width=\"150\" height=\"150\" class=\"alignleft size-thumbnail wp-image-3902\" \/><\/a><\/p>\n","protected":false},"excerpt":{"rendered":"<p>Fahrzeugbergung Am 15. April 2014 um 18:03 wurde die Feuerwehr Matzen erneut mittels Sirene\/Pager uns SMS Alarm zu einer Fahrzeugbergung alarmiert. 18 Mann r\u00fcckten mit 3 Fahrzeugen zum Einsatzort auf die L19 Richtung Prottes aus. Ein PKW kam aus bisher <a class=\"more-link\" href=\"https:\/\/www.feuerwehr-matzen.at\/?page_id=3896\">weiterlesen  <span class=\"screen-reader-text\">  15. April 2014<\/span><span class=\"meta-nav\">&rarr;<\/span><\/a><\/p>\n","protected":false},"author":6,"featured_media":0,"parent":0,"menu_order":0,"comment_status":"closed","ping_status":"closed","template":"","meta":{"footnotes":""},"class_list":["post-3896","page","type-page","status-publish","hentry"],"_links":{"self":[{"href":"https:\/\/www.feuerwehr-matzen.at\/index.php?rest_route=\/wp\/v2\/pages\/3896","targetHints":{"allow":["GET"]}}],"collection":[{"href":"https:\/\/www.feuerwehr-matzen.at\/index.php?rest_route=\/wp\/v2\/pages"}],"about":[{"href":"https:\/\/www.feuerwehr-matzen.at\/index.php?rest_route=\/wp\/v2\/types\/page"}],"author":[{"embeddable":true,"href":"https:\/\/www.feuerwehr-matzen.at\/index.php?rest_route=\/wp\/v2\/users\/6"}],"replies":[{"embeddable":true,"href":"https:\/\/www.feuerwehr-matzen.at\/index.php?rest_route=%2Fwp%2Fv2%2Fcomments&post=3896"}],"version-history":[{"count":1,"href":"https:\/\/www.feuerwehr-matzen.at\/index.php?rest_route=\/wp\/v2\/pages\/3896\/revisions"}],"predecessor-version":[{"id":3903,"href":"https:\/\/www.feuerwehr-matzen.at\/index.php?rest_route=\/wp\/v2\/pages\/3896\/revisions\/3903"}],"wp:attachment":[{"href":"https:\/\/www.feuerwehr-matzen.at\/index.php?rest_route=%2Fwp%2Fv2%2Fmedia&parent=3896"}],"curies":[{"name":"wp","href":"https:\/\/api.w.org\/{rel}","templated":true}]}}