{"id":3908,"date":"2014-05-02T18:10:24","date_gmt":"2014-05-02T16:10:24","guid":{"rendered":"http:\/\/www.feuerwehr-matzen.at\/?page_id=3908"},"modified":"2020-09-18T14:15:11","modified_gmt":"2020-09-18T12:15:11","slug":"02-mai-2014","status":"publish","type":"page","link":"https:\/\/www.feuerwehr-matzen.at\/?page_id=3908","title":{"rendered":"02. Mai 2014"},"content":{"rendered":"<p><strong>Fahrzeugbergung<\/strong><a title=\"Eins\u00e4tze\" href=\"https:\/\/www.feuerwehr-matzen.at\/?page_id=3773\"><img loading=\"lazy\" decoding=\"async\" class=\"alignright size-full wp-image-1833\" alt=\"return\" src=\"https:\/\/www.feuerwehr-matzen.at\/wp-content\/uploads\/2013\/07\/return.jpg\" width=\"65\" height=\"30\" \/><\/a><\/p>\n<p>Am 02. Mai 2014 wurde die Feuerwehr Matzen um 12:50 mittels Sirene, Pager und SMS-Alarm zu einer Fahrzeugbergung auf der L19 alarmiert. Ein Traktor rutschte \u00fcber eine B\u00f6schung und blieb stecken. Unverz\u00fcglich eilten 16 Mann ins Zeughaus. Noch w\u00e4hrend sich die Florianij\u00fcnger umzogen, konnte der Traktorlenker Entwarnung geben. Er konnte das Fahrzeug aus eigener Kraft wieder aus der missligen Lage befreien.<\/p>\n<p>Im Einsatz befindliche Fahrzeuge: RLF-A 2000, KDO<br \/>\nMannschaftsst\u00e4rke: 16<\/p>\n<p><a href=\"https:\/\/www.feuerwehr-matzen.at\/wp-content\/uploads\/2014\/05\/Foto-1.jpg\"><img loading=\"lazy\" decoding=\"async\" src=\"https:\/\/www.feuerwehr-matzen.at\/wp-content\/uploads\/2014\/05\/Foto-1-150x150.jpg\" alt=\"Foto 1\" width=\"150\" height=\"150\" class=\"alignleft size-thumbnail wp-image-3909\" \/><\/a><\/p>\n","protected":false},"excerpt":{"rendered":"<p>Fahrzeugbergung Am 02. Mai 2014 wurde die Feuerwehr Matzen um 12:50 mittels Sirene, Pager und SMS-Alarm zu einer Fahrzeugbergung auf der L19 alarmiert. Ein Traktor rutschte \u00fcber eine B\u00f6schung und blieb stecken. Unverz\u00fcglich eilten 16 Mann ins Zeughaus. Noch w\u00e4hrend <a class=\"more-link\" href=\"https:\/\/www.feuerwehr-matzen.at\/?page_id=3908\">weiterlesen  <span class=\"screen-reader-text\">  02. Mai 2014<\/span><span class=\"meta-nav\">&rarr;<\/span><\/a><\/p>\n","protected":false},"author":6,"featured_media":0,"parent":0,"menu_order":0,"comment_status":"closed","ping_status":"closed","template":"","meta":{"footnotes":""},"class_list":["post-3908","page","type-page","status-publish","hentry"],"_links":{"self":[{"href":"https:\/\/www.feuerwehr-matzen.at\/index.php?rest_route=\/wp\/v2\/pages\/3908","targetHints":{"allow":["GET"]}}],"collection":[{"href":"https:\/\/www.feuerwehr-matzen.at\/index.php?rest_route=\/wp\/v2\/pages"}],"about":[{"href":"https:\/\/www.feuerwehr-matzen.at\/index.php?rest_route=\/wp\/v2\/types\/page"}],"author":[{"embeddable":true,"href":"https:\/\/www.feuerwehr-matzen.at\/index.php?rest_route=\/wp\/v2\/users\/6"}],"replies":[{"embeddable":true,"href":"https:\/\/www.feuerwehr-matzen.at\/index.php?rest_route=%2Fwp%2Fv2%2Fcomments&post=3908"}],"version-history":[{"count":3,"href":"https:\/\/www.feuerwehr-matzen.at\/index.php?rest_route=\/wp\/v2\/pages\/3908\/revisions"}],"predecessor-version":[{"id":3912,"href":"https:\/\/www.feuerwehr-matzen.at\/index.php?rest_route=\/wp\/v2\/pages\/3908\/revisions\/3912"}],"wp:attachment":[{"href":"https:\/\/www.feuerwehr-matzen.at\/index.php?rest_route=%2Fwp%2Fv2%2Fmedia&parent=3908"}],"curies":[{"name":"wp","href":"https:\/\/api.w.org\/{rel}","templated":true}]}}