{"id":3919,"date":"2014-07-09T21:17:44","date_gmt":"2014-07-09T19:17:44","guid":{"rendered":"http:\/\/www.feuerwehr-matzen.at\/?page_id=3919"},"modified":"2020-09-18T14:15:11","modified_gmt":"2020-09-18T12:15:11","slug":"09-juli-2014","status":"publish","type":"page","link":"https:\/\/www.feuerwehr-matzen.at\/?page_id=3919","title":{"rendered":"09. Juli 2014"},"content":{"rendered":"<p><strong>Verkehrsunfall<\/strong><a title=\"Eins\u00e4tze\" href=\"https:\/\/www.feuerwehr-matzen.at\/?page_id=3773\"><img loading=\"lazy\" decoding=\"async\" class=\"alignright size-full wp-image-1833\" alt=\"return\" src=\"https:\/\/www.feuerwehr-matzen.at\/wp-content\/uploads\/2013\/07\/return.jpg\" width=\"65\" height=\"30\" \/><\/a><\/p>\n<p>Am 09. Juli 2014 wurde die Feuerwehr Matzen um 17:41 mittels Sirene, Pager und SMS-Alarm zu einem Verkerhsunfall auf der L3159 Richtung G\u00e4nserndorf alarmiert. Zwei PKWs kollidierten aus bisher ungekl\u00e4rter Ursache frontal. Beide Fahrer hatten ihre Schutzengel an Bord und kamen mit dem Schrecken davon. Unverz\u00fcglich wurde eine Totalsperre der L3159 angeordnet und eine Umleitung eingerichtet. Nach der Aufnahme durch die Polizei konnte nach der Freigabe der Unfallwracks mit der Fahrzeugbergung begonnen werden. Nachdem die Betriebsmittel gebunden und die Stra\u00dfe von Verunreinigungen befreit wurde, konnte die Fahrbahn wieder freigegeben werden.Um 19:00 wurde die EInsatzbereitschaft wieder hergestellt.<\/p>\n<p>Im Einsatz befindliche Fahrzeuge: RLF-A 2000, KDO<br \/>\nMannschaftsst\u00e4rke: 15<br \/>\nsonstige Einsatzkr\u00e4fte: NAW G\u00e4nserndorf, Polizei<\/p>\n<p><a href=\"https:\/\/www.feuerwehr-matzen.at\/wp-content\/uploads\/2014\/07\/DSC09145.jpg\"><img loading=\"lazy\" decoding=\"async\" src=\"https:\/\/www.feuerwehr-matzen.at\/wp-content\/uploads\/2014\/07\/DSC09145-150x150.jpg\" alt=\"DSC09145\" width=\"150\" height=\"150\" class=\"alignleft size-thumbnail wp-image-3920\" \/><\/a><\/p>\n<p><a href=\"https:\/\/www.feuerwehr-matzen.at\/wp-content\/uploads\/2014\/07\/DSC09152.jpg\"><img loading=\"lazy\" decoding=\"async\" src=\"https:\/\/www.feuerwehr-matzen.at\/wp-content\/uploads\/2014\/07\/DSC09152-150x150.jpg\" alt=\"DSC09152\" width=\"150\" height=\"150\" class=\"alignleft size-thumbnail wp-image-3921\" \/><\/a><\/p>\n<p><a href=\"https:\/\/www.feuerwehr-matzen.at\/wp-content\/uploads\/2014\/07\/DSC09155.jpg\"><img loading=\"lazy\" decoding=\"async\" src=\"https:\/\/www.feuerwehr-matzen.at\/wp-content\/uploads\/2014\/07\/DSC09155-150x150.jpg\" alt=\"DSC09155\" width=\"150\" height=\"150\" class=\"alignleft size-thumbnail wp-image-3922\" \/><\/a><\/p>\n<p><a href=\"https:\/\/www.feuerwehr-matzen.at\/wp-content\/uploads\/2014\/07\/DSC09157.jpg\"><img loading=\"lazy\" decoding=\"async\" src=\"https:\/\/www.feuerwehr-matzen.at\/wp-content\/uploads\/2014\/07\/DSC09157-150x150.jpg\" alt=\"DSC09157\" width=\"150\" height=\"150\" class=\"alignleft size-thumbnail wp-image-3923\" \/><\/a><\/p>\n<p><a href=\"https:\/\/www.feuerwehr-matzen.at\/wp-content\/uploads\/2014\/07\/DSC09158.jpg\"><img loading=\"lazy\" decoding=\"async\" src=\"https:\/\/www.feuerwehr-matzen.at\/wp-content\/uploads\/2014\/07\/DSC09158-150x150.jpg\" alt=\"DSC09158\" width=\"150\" height=\"150\" class=\"alignleft size-thumbnail wp-image-3924\" \/><\/a><\/p>\n<p><a href=\"https:\/\/www.feuerwehr-matzen.at\/wp-content\/uploads\/2014\/07\/DSC09186.jpg\"><img loading=\"lazy\" decoding=\"async\" src=\"https:\/\/www.feuerwehr-matzen.at\/wp-content\/uploads\/2014\/07\/DSC09186-150x150.jpg\" alt=\"DSC09186\" width=\"150\" height=\"150\" class=\"alignleft size-thumbnail wp-image-3925\" \/><\/a><\/p>\n<p><a href=\"https:\/\/www.feuerwehr-matzen.at\/wp-content\/uploads\/2014\/07\/DSC09287.jpg\"><img loading=\"lazy\" decoding=\"async\" src=\"https:\/\/www.feuerwehr-matzen.at\/wp-content\/uploads\/2014\/07\/DSC09287-150x150.jpg\" alt=\"DSC09287\" width=\"150\" height=\"150\" class=\"alignleft size-thumbnail wp-image-3926\" \/><\/a><\/p>\n<p><a href=\"https:\/\/www.feuerwehr-matzen.at\/wp-content\/uploads\/2014\/07\/DSC09288.jpg\"><img loading=\"lazy\" decoding=\"async\" src=\"https:\/\/www.feuerwehr-matzen.at\/wp-content\/uploads\/2014\/07\/DSC09288-150x150.jpg\" alt=\"DSC09288\" width=\"150\" height=\"150\" class=\"alignleft size-thumbnail wp-image-3927\" \/><\/a><\/p>\n","protected":false},"excerpt":{"rendered":"<p>Verkehrsunfall Am 09. Juli 2014 wurde die Feuerwehr Matzen um 17:41 mittels Sirene, Pager und SMS-Alarm zu einem Verkerhsunfall auf der L3159 Richtung G\u00e4nserndorf alarmiert. Zwei PKWs kollidierten aus bisher ungekl\u00e4rter Ursache frontal. Beide Fahrer hatten ihre Schutzengel an Bord <a class=\"more-link\" href=\"https:\/\/www.feuerwehr-matzen.at\/?page_id=3919\">weiterlesen  <span class=\"screen-reader-text\">  09. Juli 2014<\/span><span class=\"meta-nav\">&rarr;<\/span><\/a><\/p>\n","protected":false},"author":6,"featured_media":0,"parent":0,"menu_order":0,"comment_status":"closed","ping_status":"closed","template":"","meta":{"footnotes":""},"class_list":["post-3919","page","type-page","status-publish","hentry"],"_links":{"self":[{"href":"https:\/\/www.feuerwehr-matzen.at\/index.php?rest_route=\/wp\/v2\/pages\/3919","targetHints":{"allow":["GET"]}}],"collection":[{"href":"https:\/\/www.feuerwehr-matzen.at\/index.php?rest_route=\/wp\/v2\/pages"}],"about":[{"href":"https:\/\/www.feuerwehr-matzen.at\/index.php?rest_route=\/wp\/v2\/types\/page"}],"author":[{"embeddable":true,"href":"https:\/\/www.feuerwehr-matzen.at\/index.php?rest_route=\/wp\/v2\/users\/6"}],"replies":[{"embeddable":true,"href":"https:\/\/www.feuerwehr-matzen.at\/index.php?rest_route=%2Fwp%2Fv2%2Fcomments&post=3919"}],"version-history":[{"count":1,"href":"https:\/\/www.feuerwehr-matzen.at\/index.php?rest_route=\/wp\/v2\/pages\/3919\/revisions"}],"predecessor-version":[{"id":3928,"href":"https:\/\/www.feuerwehr-matzen.at\/index.php?rest_route=\/wp\/v2\/pages\/3919\/revisions\/3928"}],"wp:attachment":[{"href":"https:\/\/www.feuerwehr-matzen.at\/index.php?rest_route=%2Fwp%2Fv2%2Fmedia&parent=3919"}],"curies":[{"name":"wp","href":"https:\/\/api.w.org\/{rel}","templated":true}]}}