{"id":3931,"date":"2014-07-21T14:34:23","date_gmt":"2014-07-21T12:34:23","guid":{"rendered":"http:\/\/www.feuerwehr-matzen.at\/?page_id=3931"},"modified":"2020-09-18T14:15:34","modified_gmt":"2020-09-18T12:15:34","slug":"23-april-2014","status":"publish","type":"page","link":"https:\/\/www.feuerwehr-matzen.at\/?page_id=3931","title":{"rendered":"23. April 2014"},"content":{"rendered":"<p><strong>Monats\u00fcbung: PKW gegen LKW<\/strong><a title=\"\u00dcbungen 2014\" href=\"https:\/\/www.feuerwehr-matzen.at\/?page_id=3891\"><img loading=\"lazy\" decoding=\"async\" class=\"alignright size-full wp-image-1833\" alt=\"return\" src=\"https:\/\/www.feuerwehr-matzen.at\/wp-content\/uploads\/2013\/07\/return.jpg\" width=\"65\" height=\"30\" \/><\/a><\/p>\n<p>Am 24. April 2014 fand am Feuerwehrgel\u00e4nde gemeinsam mit der Feuerwehr Gro\u00df Schweinbarth die Monats\u00fcbung statt. \u00dcbungsszenario war ein Zusammensto\u00df eines PkWs mit einem LKW. In Folge des Zusammensto\u00dfes wurde der PKW-Fahrer unter dem auf der Seite liegendem Unfallwrack und der LKW-Fahrer im F\u00fchrerhaus eingeklemmt.<br \/>\nNach Eintreffen der Einsatzkr\u00e4fte wurde den Feuerwehren die Einsatzbefehle \u00fcbergeben. Die Feuerwehr Gro\u00df Schweinbarth \u00fcbernahm die Menschenrettung am verunfalltem PKW mit zu Hilfenahme der Hebekissen der Feuerhwer Matzen. Diese \u00fcbernahm die Menschenrettung des LKW-Fahrers.<\/p>\n<p>Nach rund 30 Minuten waren die beiden Menschenrettungen abgeschlossen und es konnte mit der \u00dcbungsnachbesprechung begonnen werden. Im Anschluss gab es f\u00fcr die Einsatzkr\u00e4fte noch eine kleine St\u00e4rkung.<\/p>\n<p><a href=\"https:\/\/www.feuerwehr-matzen.at\/wp-content\/uploads\/2014\/07\/DSC_0352.jpg\"><img loading=\"lazy\" decoding=\"async\" src=\"https:\/\/www.feuerwehr-matzen.at\/wp-content\/uploads\/2014\/07\/DSC_0352-150x150.jpg\" alt=\"DSC_0352\" width=\"150\" height=\"150\" class=\"alignleft size-thumbnail wp-image-3933\" \/><\/a><\/p>\n<p><a href=\"https:\/\/www.feuerwehr-matzen.at\/wp-content\/uploads\/2014\/07\/DSC_0353.jpg\"><img loading=\"lazy\" decoding=\"async\" src=\"https:\/\/www.feuerwehr-matzen.at\/wp-content\/uploads\/2014\/07\/DSC_0353-150x150.jpg\" alt=\"DSC_0353\" width=\"150\" height=\"150\" class=\"alignleft size-thumbnail wp-image-3934\" \/><\/a><\/p>\n<p><a href=\"https:\/\/www.feuerwehr-matzen.at\/wp-content\/uploads\/2014\/07\/DSC_0356.jpg\"><img loading=\"lazy\" decoding=\"async\" src=\"https:\/\/www.feuerwehr-matzen.at\/wp-content\/uploads\/2014\/07\/DSC_0356-150x150.jpg\" alt=\"DSC_0356\" width=\"150\" height=\"150\" class=\"alignleft size-thumbnail wp-image-3935\" \/><\/a><\/p>\n<p><a href=\"https:\/\/www.feuerwehr-matzen.at\/wp-content\/uploads\/2014\/07\/DSC_0361.jpg\"><img loading=\"lazy\" decoding=\"async\" src=\"https:\/\/www.feuerwehr-matzen.at\/wp-content\/uploads\/2014\/07\/DSC_0361-150x150.jpg\" alt=\"DSC_0361\" width=\"150\" height=\"150\" class=\"alignleft size-thumbnail wp-image-3936\" \/><\/a><\/p>\n<p><a href=\"https:\/\/www.feuerwehr-matzen.at\/wp-content\/uploads\/2014\/07\/DSC_0366.jpg\"><img loading=\"lazy\" decoding=\"async\" src=\"https:\/\/www.feuerwehr-matzen.at\/wp-content\/uploads\/2014\/07\/DSC_0366-150x150.jpg\" alt=\"DSC_0366\" width=\"150\" height=\"150\" class=\"alignleft size-thumbnail wp-image-3937\" \/><\/a><\/p>\n<p><a href=\"https:\/\/www.feuerwehr-matzen.at\/wp-content\/uploads\/2014\/07\/DSC_0372.jpg\"><img loading=\"lazy\" decoding=\"async\" src=\"https:\/\/www.feuerwehr-matzen.at\/wp-content\/uploads\/2014\/07\/DSC_0372-150x150.jpg\" alt=\"DSC_0372\" width=\"150\" height=\"150\" class=\"alignleft size-thumbnail wp-image-3938\" \/><\/a><\/p>\n<p><a href=\"https:\/\/www.feuerwehr-matzen.at\/wp-content\/uploads\/2014\/07\/DSC_0382.jpg\"><img loading=\"lazy\" decoding=\"async\" src=\"https:\/\/www.feuerwehr-matzen.at\/wp-content\/uploads\/2014\/07\/DSC_0382-150x150.jpg\" alt=\"DSC_0382\" width=\"150\" height=\"150\" class=\"alignleft size-thumbnail wp-image-3939\" \/><\/a><\/p>\n<p><a href=\"https:\/\/www.feuerwehr-matzen.at\/wp-content\/uploads\/2014\/07\/DSC_0390.jpg\"><img loading=\"lazy\" decoding=\"async\" src=\"https:\/\/www.feuerwehr-matzen.at\/wp-content\/uploads\/2014\/07\/DSC_0390-150x150.jpg\" alt=\"DSC_0390\" width=\"150\" height=\"150\" class=\"alignleft size-thumbnail wp-image-3940\" \/><\/a><\/p>\n<p><a href=\"https:\/\/www.feuerwehr-matzen.at\/wp-content\/uploads\/2014\/07\/DSC_0393.jpg\"><img loading=\"lazy\" decoding=\"async\" src=\"https:\/\/www.feuerwehr-matzen.at\/wp-content\/uploads\/2014\/07\/DSC_0393-150x150.jpg\" alt=\"DSC_0393\" width=\"150\" height=\"150\" class=\"alignleft size-thumbnail wp-image-3941\" \/><\/a><\/p>\n<p><a href=\"https:\/\/www.feuerwehr-matzen.at\/wp-content\/uploads\/2014\/07\/DSC_0395.jpg\"><img loading=\"lazy\" decoding=\"async\" src=\"https:\/\/www.feuerwehr-matzen.at\/wp-content\/uploads\/2014\/07\/DSC_0395-150x150.jpg\" alt=\"DSC_0395\" width=\"150\" height=\"150\" class=\"alignleft size-thumbnail wp-image-3942\" \/><\/a><\/p>\n<p><a href=\"https:\/\/www.feuerwehr-matzen.at\/wp-content\/uploads\/2014\/07\/DSC_0400.jpg\"><img loading=\"lazy\" decoding=\"async\" src=\"https:\/\/www.feuerwehr-matzen.at\/wp-content\/uploads\/2014\/07\/DSC_0400-150x150.jpg\" alt=\"DSC_0400\" width=\"150\" height=\"150\" class=\"alignleft size-thumbnail wp-image-3943\" \/><\/a><\/p>\n","protected":false},"excerpt":{"rendered":"<p>Monats\u00fcbung: PKW gegen LKW Am 24. April 2014 fand am Feuerwehrgel\u00e4nde gemeinsam mit der Feuerwehr Gro\u00df Schweinbarth die Monats\u00fcbung statt. \u00dcbungsszenario war ein Zusammensto\u00df eines PkWs mit einem LKW. In Folge des Zusammensto\u00dfes wurde der PKW-Fahrer unter dem auf der <a class=\"more-link\" href=\"https:\/\/www.feuerwehr-matzen.at\/?page_id=3931\">weiterlesen  <span class=\"screen-reader-text\">  23. April 2014<\/span><span class=\"meta-nav\">&rarr;<\/span><\/a><\/p>\n","protected":false},"author":6,"featured_media":0,"parent":0,"menu_order":0,"comment_status":"closed","ping_status":"closed","template":"","meta":{"footnotes":""},"class_list":["post-3931","page","type-page","status-publish","hentry"],"_links":{"self":[{"href":"https:\/\/www.feuerwehr-matzen.at\/index.php?rest_route=\/wp\/v2\/pages\/3931","targetHints":{"allow":["GET"]}}],"collection":[{"href":"https:\/\/www.feuerwehr-matzen.at\/index.php?rest_route=\/wp\/v2\/pages"}],"about":[{"href":"https:\/\/www.feuerwehr-matzen.at\/index.php?rest_route=\/wp\/v2\/types\/page"}],"author":[{"embeddable":true,"href":"https:\/\/www.feuerwehr-matzen.at\/index.php?rest_route=\/wp\/v2\/users\/6"}],"replies":[{"embeddable":true,"href":"https:\/\/www.feuerwehr-matzen.at\/index.php?rest_route=%2Fwp%2Fv2%2Fcomments&post=3931"}],"version-history":[{"count":1,"href":"https:\/\/www.feuerwehr-matzen.at\/index.php?rest_route=\/wp\/v2\/pages\/3931\/revisions"}],"predecessor-version":[{"id":3944,"href":"https:\/\/www.feuerwehr-matzen.at\/index.php?rest_route=\/wp\/v2\/pages\/3931\/revisions\/3944"}],"wp:attachment":[{"href":"https:\/\/www.feuerwehr-matzen.at\/index.php?rest_route=%2Fwp%2Fv2%2Fmedia&parent=3931"}],"curies":[{"name":"wp","href":"https:\/\/api.w.org\/{rel}","templated":true}]}}