{"id":3957,"date":"2014-08-07T19:59:53","date_gmt":"2014-08-07T17:59:53","guid":{"rendered":"http:\/\/www.feuerwehr-matzen.at\/?page_id=3957"},"modified":"2020-09-18T14:15:11","modified_gmt":"2020-09-18T12:15:11","slug":"3957-2","status":"publish","type":"page","link":"https:\/\/www.feuerwehr-matzen.at\/?page_id=3957","title":{"rendered":"03. August 2014"},"content":{"rendered":"<p><strong>Unwettereinsatz<\/strong><a title=\"Eins\u00e4tze\" href=\"https:\/\/www.feuerwehr-matzen.at\/?page_id=3773\"><img loading=\"lazy\" decoding=\"async\" class=\"alignright size-full wp-image-1833\" alt=\"return\" src=\"https:\/\/www.feuerwehr-matzen.at\/wp-content\/uploads\/2013\/07\/return.jpg\" width=\"65\" height=\"30\" \/><\/a><\/p>\n<p>Am 3. August wurde die Feuerwehr Matzen um 21:24 w\u00e4hrend des schweren Gewitters zu Auspumparbeiten alarmiert. Als sich die Kameraden den Weg durch die Wassermassen ins Feuerwehrhaus bahnten, ahnte noch niemand das dies eine lange Nacht wird.Im Feuerwehrhaus angekommen, wurde die Mannschaft nachdem Ausr\u00fcsten mit der Einsatzbekleidung auf den Einsatzfahrzeuge aufgeteilt und in der Fahrzeughalle eine Einsatzleitung aufgebaut. Zu diesem Zeitpunkt waren bereits drei Eins\u00e4tze abzuarbeiten. Das R\u00fcstl\u00f6schfahrzeug begab sich zu Auspumparbeiten zur Fa. AMS-Wassertechnik. Zeitgleich r\u00fcckte das Kommandofahrzeug und der LAST in die Hofrat D\u00f6ltl-Strasse zu zwei weiteren Eins\u00e4tzen aus. Nachdem diese abgearbeitet werden konnten, erkundete der Einsatzleiter mit der B\u00fcrgermeisterin das Einsatzgebiet und \u00fcbermittelte die neuen Einsatzadressen der Einsatzleitung. W\u00e4hrend das Kommandofahrzeug noch in der Br\u00fcndlgasse Keller von den Wassermassen befreite, wurde das R\u00fcstl\u00f6schfahrzeug in die Schweinbartherstra\u00dfe beordert. Dort war der gesamte Verkehrsweg von Schlamm und Ger\u00f6ll verschmutzt und ein Erdkeller 1m unter Wasser. Noch w\u00e4hrend ein Teil der Besatzung die Pumpe in Stellung brachte, unterst\u00fctzte die restliche Besatzung den Gemeindebagger und etliche Anrainer die bereits mit dem Beseitigen der Vermurung besch\u00e4ftigt waren. Um ca. 00:00 wurde eine weitere Vermurung auf der L18 Richtung Spannberg gemeldet. Nachdem auch diese beseitigt wurde, musste unmittelbar neben dieser Einsatzstelle ein untersp\u00fclter Baum entfernt werden. Nachdem ein weiterer Baum entfernt und 3 weiteren Vermurungen auf der Schlosstra\u00dfe, der L19 Richtung Prottes und der L18 Richtung Richtung Sch\u00f6nkirchen beseitigt wurden, konnte die Feuerwehr Matzen um kurz nach 3:00 Uhr wieder ins Zeughaus einr\u00fccken und die Einsatzbereitschaft herstellen. Kurz nach 3:30 Uhr verlie\u00df der letzte Florianij\u00fcnger f\u00fcr ein paar Stunden Schlaf das Feuerwehrhaus. Um 8:00 trafen sich bereits wieder die ersten Einsatzkr\u00e4fte , um die  restlichen Verschmutzungen zu beseitigen. 5 Mann arbeiteten sich mit dem R\u00fcstl\u00f6schfahrzeug von der Schweinbartherstra\u00dfe \u00fcber die Hauptstra\u00dfe bis zum Hauptplatz durch, um die Verkehrswege wieder zu reinigen. Hier musste teilweise der Verkehr angehalten bzw. mittels Einbahnregelung am Einsatzfahrzeug vorbeigelotst werden. Um 14:30 wurde der Einsatzleiter dar\u00fcber in Kenntnis gesetzt, dass ein Teil der Schlossmauer einst\u00fcrzte. Noch w\u00e4hrend die Florianij\u00fcnger mit dem Freimachen der Verkehrsfl\u00e4chen besch\u00e4ftigt waren, wurde gemeinsam mit dem Schlossbesitzer und der B\u00fcrgermeisterin die Sch\u00e4den am Schloss besichtigt. Nach kurzer Absprache mit der Gemeinde, wurde ein Betretungsverbot f\u00fcr den Schlossgarten und ein angrenzendes Wohnhaus erteilt. Die weitere Vorgehensweise wurde mit den beiden Eigent\u00fcmern besprochen. Um ca. 16:30 konnte der letzte Matzner Feuerwehrmann wieder ins Zeughaus einr\u00fccken.<br \/>\nDie Feuerwehr Matzen musste in den beiden Tagen 22 Eins\u00e4tze mit 3 eingesetzten Fahrzeugen und 16 Mann bew\u00e4ltigen.<\/p>\n<p>Im Einsatz befindliche Fahrzeuge: RLF-A 2000, KDO, LAST<br \/>\nMannschaftsst\u00e4rke: 16<br \/>\nsonstige Einsatzkr\u00e4fte: Polizei, Gemeinde<\/p>\n<p><a href=\"https:\/\/www.feuerwehr-matzen.at\/wp-content\/uploads\/2014\/08\/DSC09315.jpg\"><img loading=\"lazy\" decoding=\"async\" src=\"https:\/\/www.feuerwehr-matzen.at\/wp-content\/uploads\/2014\/08\/DSC09315-150x150.jpg\" alt=\"DSC09315\" width=\"150\" height=\"150\" class=\"alignleft size-thumbnail wp-image-3958\" \/><\/a><\/p>\n<p><a href=\"https:\/\/www.feuerwehr-matzen.at\/wp-content\/uploads\/2014\/08\/DSC09317.jpg\"><img loading=\"lazy\" decoding=\"async\" src=\"https:\/\/www.feuerwehr-matzen.at\/wp-content\/uploads\/2014\/08\/DSC09317-150x150.jpg\" alt=\"DSC09317\" width=\"150\" height=\"150\" class=\"alignleft size-thumbnail wp-image-3959\" \/><\/a><\/p>\n<p><a href=\"https:\/\/www.feuerwehr-matzen.at\/wp-content\/uploads\/2014\/08\/DSC09319.jpg\"><img loading=\"lazy\" decoding=\"async\" src=\"https:\/\/www.feuerwehr-matzen.at\/wp-content\/uploads\/2014\/08\/DSC09319-150x150.jpg\" alt=\"DSC09319\" width=\"150\" height=\"150\" class=\"alignleft size-thumbnail wp-image-3960\" \/><\/a><\/p>\n<p><a href=\"https:\/\/www.feuerwehr-matzen.at\/wp-content\/uploads\/2014\/08\/DSC09324.jpg\"><img loading=\"lazy\" decoding=\"async\" src=\"https:\/\/www.feuerwehr-matzen.at\/wp-content\/uploads\/2014\/08\/DSC09324-150x150.jpg\" alt=\"DSC09324\" width=\"150\" height=\"150\" class=\"alignleft size-thumbnail wp-image-3961\" \/><\/a><\/p>\n<p><a href=\"https:\/\/www.feuerwehr-matzen.at\/wp-content\/uploads\/2014\/08\/DSC09334.jpg\"><img loading=\"lazy\" decoding=\"async\" src=\"https:\/\/www.feuerwehr-matzen.at\/wp-content\/uploads\/2014\/08\/DSC09334-150x150.jpg\" alt=\"DSC09334\" width=\"150\" height=\"150\" class=\"alignleft size-thumbnail wp-image-3962\" \/><\/a><\/p>\n<p><a href=\"https:\/\/www.feuerwehr-matzen.at\/wp-content\/uploads\/2014\/08\/DSC09337.jpg\"><img loading=\"lazy\" decoding=\"async\" src=\"https:\/\/www.feuerwehr-matzen.at\/wp-content\/uploads\/2014\/08\/DSC09337-150x150.jpg\" alt=\"DSC09337\" width=\"150\" height=\"150\" class=\"alignleft size-thumbnail wp-image-3963\" \/><\/a><\/p>\n<p><a href=\"https:\/\/www.feuerwehr-matzen.at\/wp-content\/uploads\/2014\/08\/DSC09344.jpg\"><img loading=\"lazy\" decoding=\"async\" src=\"https:\/\/www.feuerwehr-matzen.at\/wp-content\/uploads\/2014\/08\/DSC09344-150x150.jpg\" alt=\"DSC09344\" width=\"150\" height=\"150\" class=\"alignleft size-thumbnail wp-image-3964\" \/><\/a><\/p>\n<p><a href=\"https:\/\/www.feuerwehr-matzen.at\/wp-content\/uploads\/2014\/08\/DSC09357.jpg\"><img loading=\"lazy\" decoding=\"async\" src=\"https:\/\/www.feuerwehr-matzen.at\/wp-content\/uploads\/2014\/08\/DSC09357-150x150.jpg\" alt=\"DSC09357\" width=\"150\" height=\"150\" class=\"alignleft size-thumbnail wp-image-3965\" \/><\/a><\/p>\n<p><a href=\"https:\/\/www.feuerwehr-matzen.at\/wp-content\/uploads\/2014\/08\/DSC09362.jpg\"><img loading=\"lazy\" decoding=\"async\" src=\"https:\/\/www.feuerwehr-matzen.at\/wp-content\/uploads\/2014\/08\/DSC09362-150x150.jpg\" alt=\"DSC09362\" width=\"150\" height=\"150\" class=\"alignleft size-thumbnail wp-image-3966\" \/><\/a><\/p>\n<p><a href=\"https:\/\/www.feuerwehr-matzen.at\/wp-content\/uploads\/2014\/08\/DSC09366.jpg\"><img loading=\"lazy\" decoding=\"async\" src=\"https:\/\/www.feuerwehr-matzen.at\/wp-content\/uploads\/2014\/08\/DSC09366-150x150.jpg\" alt=\"DSC09366\" width=\"150\" height=\"150\" class=\"alignleft size-thumbnail wp-image-3967\" \/><\/a><\/p>\n<p><a href=\"https:\/\/www.feuerwehr-matzen.at\/wp-content\/uploads\/2014\/08\/DSC09368.jpg\"><img loading=\"lazy\" decoding=\"async\" src=\"https:\/\/www.feuerwehr-matzen.at\/wp-content\/uploads\/2014\/08\/DSC09368-150x150.jpg\" alt=\"DSC09368\" width=\"150\" height=\"150\" class=\"alignleft size-thumbnail wp-image-3968\" \/><\/a><\/p>\n<p><a href=\"https:\/\/www.feuerwehr-matzen.at\/wp-content\/uploads\/2014\/08\/DSC09371.jpg\"><img loading=\"lazy\" decoding=\"async\" src=\"https:\/\/www.feuerwehr-matzen.at\/wp-content\/uploads\/2014\/08\/DSC09371-150x150.jpg\" alt=\"DSC09371\" width=\"150\" height=\"150\" class=\"alignleft size-thumbnail wp-image-3969\" \/><\/a><\/p>\n<p><a href=\"https:\/\/www.feuerwehr-matzen.at\/wp-content\/uploads\/2014\/08\/IMAG0026.jpg\"><img loading=\"lazy\" decoding=\"async\" src=\"https:\/\/www.feuerwehr-matzen.at\/wp-content\/uploads\/2014\/08\/IMAG0026-150x150.jpg\" alt=\"IMAG0026\" width=\"150\" height=\"150\" class=\"alignleft size-thumbnail wp-image-3970\" \/><\/a><\/p>\n<p><a href=\"https:\/\/www.feuerwehr-matzen.at\/wp-content\/uploads\/2014\/08\/IMAG0030.jpg\"><img loading=\"lazy\" decoding=\"async\" src=\"https:\/\/www.feuerwehr-matzen.at\/wp-content\/uploads\/2014\/08\/IMAG0030-150x150.jpg\" alt=\"IMAG0030\" width=\"150\" height=\"150\" class=\"alignleft size-thumbnail wp-image-3971\" \/><\/a><\/p>\n<p><a href=\"https:\/\/www.feuerwehr-matzen.at\/wp-content\/uploads\/2014\/08\/IMAG0036.jpg\"><img loading=\"lazy\" decoding=\"async\" src=\"https:\/\/www.feuerwehr-matzen.at\/wp-content\/uploads\/2014\/08\/IMAG0036-150x150.jpg\" alt=\"IMAG0036\" width=\"150\" height=\"150\" class=\"alignleft size-thumbnail wp-image-3972\" \/><\/a><\/p>\n<p><a href=\"https:\/\/www.feuerwehr-matzen.at\/wp-content\/uploads\/2014\/08\/IMAG0050.jpg\"><img loading=\"lazy\" decoding=\"async\" src=\"https:\/\/www.feuerwehr-matzen.at\/wp-content\/uploads\/2014\/08\/IMAG0050-150x150.jpg\" alt=\"IMAG0050\" width=\"150\" height=\"150\" class=\"alignleft size-thumbnail wp-image-3973\" \/><\/a><\/p>\n<p><a href=\"https:\/\/www.feuerwehr-matzen.at\/wp-content\/uploads\/2014\/08\/IMAG0062.jpg\"><img loading=\"lazy\" decoding=\"async\" src=\"https:\/\/www.feuerwehr-matzen.at\/wp-content\/uploads\/2014\/08\/IMAG0062-150x150.jpg\" alt=\"IMAG0062\" width=\"150\" height=\"150\" class=\"alignleft size-thumbnail wp-image-3974\" \/><\/a><\/p>\n<p><a href=\"https:\/\/www.feuerwehr-matzen.at\/wp-content\/uploads\/2014\/08\/IMAG0088.jpg\"><img loading=\"lazy\" decoding=\"async\" src=\"https:\/\/www.feuerwehr-matzen.at\/wp-content\/uploads\/2014\/08\/IMAG0088-150x150.jpg\" alt=\"IMAG0088\" width=\"150\" height=\"150\" class=\"alignleft size-thumbnail wp-image-3975\" \/><\/a><\/p>\n","protected":false},"excerpt":{"rendered":"<p>Unwettereinsatz Am 3. August wurde die Feuerwehr Matzen um 21:24 w\u00e4hrend des schweren Gewitters zu Auspumparbeiten alarmiert. Als sich die Kameraden den Weg durch die Wassermassen ins Feuerwehrhaus bahnten, ahnte noch niemand das dies eine lange Nacht wird.Im Feuerwehrhaus angekommen, <a class=\"more-link\" href=\"https:\/\/www.feuerwehr-matzen.at\/?page_id=3957\">weiterlesen  <span class=\"screen-reader-text\">  03. August 2014<\/span><span class=\"meta-nav\">&rarr;<\/span><\/a><\/p>\n","protected":false},"author":6,"featured_media":0,"parent":0,"menu_order":0,"comment_status":"closed","ping_status":"closed","template":"","meta":{"footnotes":""},"class_list":["post-3957","page","type-page","status-publish","hentry"],"_links":{"self":[{"href":"https:\/\/www.feuerwehr-matzen.at\/index.php?rest_route=\/wp\/v2\/pages\/3957","targetHints":{"allow":["GET"]}}],"collection":[{"href":"https:\/\/www.feuerwehr-matzen.at\/index.php?rest_route=\/wp\/v2\/pages"}],"about":[{"href":"https:\/\/www.feuerwehr-matzen.at\/index.php?rest_route=\/wp\/v2\/types\/page"}],"author":[{"embeddable":true,"href":"https:\/\/www.feuerwehr-matzen.at\/index.php?rest_route=\/wp\/v2\/users\/6"}],"replies":[{"embeddable":true,"href":"https:\/\/www.feuerwehr-matzen.at\/index.php?rest_route=%2Fwp%2Fv2%2Fcomments&post=3957"}],"version-history":[{"count":2,"href":"https:\/\/www.feuerwehr-matzen.at\/index.php?rest_route=\/wp\/v2\/pages\/3957\/revisions"}],"predecessor-version":[{"id":3977,"href":"https:\/\/www.feuerwehr-matzen.at\/index.php?rest_route=\/wp\/v2\/pages\/3957\/revisions\/3977"}],"wp:attachment":[{"href":"https:\/\/www.feuerwehr-matzen.at\/index.php?rest_route=%2Fwp%2Fv2%2Fmedia&parent=3957"}],"curies":[{"name":"wp","href":"https:\/\/api.w.org\/{rel}","templated":true}]}}