{"id":3981,"date":"2014-08-11T00:52:15","date_gmt":"2014-08-10T22:52:15","guid":{"rendered":"http:\/\/www.feuerwehr-matzen.at\/?page_id=3981"},"modified":"2020-09-18T14:15:23","modified_gmt":"2020-09-18T12:15:23","slug":"10-august-2014","status":"publish","type":"page","link":"https:\/\/www.feuerwehr-matzen.at\/?page_id=3981","title":{"rendered":"10. August 2014"},"content":{"rendered":"<p><strong>Fahrzeugbrand<\/strong><a title=\"Eins\u00e4tze\" href=\"https:\/\/www.feuerwehr-matzen.at\/?page_id=3773\"><img loading=\"lazy\" decoding=\"async\" class=\"alignright size-full wp-image-1833\" alt=\"return\" src=\"https:\/\/www.feuerwehr-matzen.at\/wp-content\/uploads\/2013\/07\/return.jpg\" width=\"65\" height=\"30\" \/><\/a><\/p>\n<p>Bereits zum dritten mal diese Woche heulten am Sonntag die Sirenen in Matzen. Die Feuerwehren Matzen wurde um 4:52 mittels Sirene, Pager und SMS-Alarm gleichzeitig mit den Feuerwehren Raggendorf und Gro\u00df Schweinbarth zu einem Fahrzeugbrand auf der Reyersdorferstra\u00dfe alarmiert. Aus dem Schlaf gerissen r\u00fcckte bereits wenige Minuten nach der Alarmierung das erste Fahrzeug zur Einsatzstelle aus. Gefolgt vom Last und vom Kommandofahrzeug, dass sich immer noch in Raggendor im Einsatz befand erreichten die Einsatzfahrzeuge kurz darauf die Einsatzstelle. Ein Fahrzeug touchierte vermutlich aufgrund \u00fcberh\u00f6hter Geschwindigkeit eine Stra\u00dfenlaterne, kollidierte mit der nachfolgenden Laterne und kam  rund 40 Meter weiter auf einem Gr\u00fcnstreifen zum Stehen. Die zweite Stra\u00dfenlaterne wurde nach der Kollision mitgerissen und der PKW fing in Folge Feuer. Bei der Ankunft der Einsatzfahrzeuge stand der Motorraum bereits in Vollbrand. Unverz\u00fcglich wurde unter Atemschutz mittels Hochdruckrohr der Brand bek\u00e4mpft. Zeitgleich wurde die Einsatzstelle abgesichert und der Fahrer des Unfallfahrzeuges erstversorgt. Ein mitalarmierte First Responder wurde dabei von den Einsatzkr\u00e4ften unterst\u00fctzt.<br \/>\nDa der Brand rasch unter Kontrolle gebracht werden konnte, r\u00fcckten die nachfolgenden Feuerwehren kurz nach ihrer Ankunft wieder ab. Nachdem das Unfallwrack von der Polizei freigegeben wurde, konnte mit der Fahrzeugbergung begonnen werden. Der PKW wurde mittels Abschleppachse auf einen von der Polizei zugewiesenen Platz abgestellt und die Fahrbahn gereinigt.<br \/>\nUm 06:30 konnte die Feuerwehr Matzen die Einsatzbereitschaft wieder herstellen.<\/p>\n<p>Im Einsatz befindliche Fahrzeuge: RLF-A 2000, KDO, LAST<br \/>\nMannschaftsst\u00e4rke: 13<br \/>\nsonstige Einsatzkr\u00e4fte: Polizei, Gemeinde, RK G\u00e4nserndorf<\/p>\n<p><a href=\"https:\/\/www.feuerwehr-matzen.at\/wp-content\/uploads\/2014\/08\/IMAG0113.jpg\"><img loading=\"lazy\" decoding=\"async\" src=\"https:\/\/www.feuerwehr-matzen.at\/wp-content\/uploads\/2014\/08\/IMAG0113-150x150.jpg\" alt=\"IMAG0113\" width=\"150\" height=\"150\" class=\"alignleft size-thumbnail wp-image-3993\" \/><\/a><\/p>\n<p><a href=\"https:\/\/www.feuerwehr-matzen.at\/wp-content\/uploads\/2014\/08\/IMAG0115.jpg\"><img loading=\"lazy\" decoding=\"async\" src=\"https:\/\/www.feuerwehr-matzen.at\/wp-content\/uploads\/2014\/08\/IMAG0115-150x150.jpg\" alt=\"IMAG0115\" width=\"150\" height=\"150\" class=\"alignleft size-thumbnail wp-image-3994\" \/><\/a><\/p>\n<p><a href=\"https:\/\/www.feuerwehr-matzen.at\/wp-content\/uploads\/2014\/08\/IMAG0116.jpg\"><img loading=\"lazy\" decoding=\"async\" src=\"https:\/\/www.feuerwehr-matzen.at\/wp-content\/uploads\/2014\/08\/IMAG0116-150x150.jpg\" alt=\"IMAG0116\" width=\"150\" height=\"150\" class=\"alignleft size-thumbnail wp-image-3995\" \/><\/a><\/p>\n<p><a href=\"https:\/\/www.feuerwehr-matzen.at\/wp-content\/uploads\/2014\/08\/IMAG0117.jpg\"><img loading=\"lazy\" decoding=\"async\" src=\"https:\/\/www.feuerwehr-matzen.at\/wp-content\/uploads\/2014\/08\/IMAG0117-150x150.jpg\" alt=\"IMAG0117\" width=\"150\" height=\"150\" class=\"alignleft size-thumbnail wp-image-3996\" \/><\/a><\/p>\n<p><a href=\"https:\/\/www.feuerwehr-matzen.at\/wp-content\/uploads\/2014\/08\/IMAG0121.jpg\"><img loading=\"lazy\" decoding=\"async\" src=\"https:\/\/www.feuerwehr-matzen.at\/wp-content\/uploads\/2014\/08\/IMAG0121-150x150.jpg\" alt=\"IMAG0121\" width=\"150\" height=\"150\" class=\"alignleft size-thumbnail wp-image-3997\" \/><\/a><\/p>\n<p><a href=\"https:\/\/www.feuerwehr-matzen.at\/wp-content\/uploads\/2014\/08\/IMAG0124.jpg\"><img loading=\"lazy\" decoding=\"async\" src=\"https:\/\/www.feuerwehr-matzen.at\/wp-content\/uploads\/2014\/08\/IMAG0124-150x150.jpg\" alt=\"IMAG0124\" width=\"150\" height=\"150\" class=\"alignleft size-thumbnail wp-image-3998\" \/><\/a><\/p>\n","protected":false},"excerpt":{"rendered":"<p>Fahrzeugbrand Bereits zum dritten mal diese Woche heulten am Sonntag die Sirenen in Matzen. Die Feuerwehren Matzen wurde um 4:52 mittels Sirene, Pager und SMS-Alarm gleichzeitig mit den Feuerwehren Raggendorf und Gro\u00df Schweinbarth zu einem Fahrzeugbrand auf der Reyersdorferstra\u00dfe alarmiert. <a class=\"more-link\" href=\"https:\/\/www.feuerwehr-matzen.at\/?page_id=3981\">weiterlesen  <span class=\"screen-reader-text\">  10. August 2014<\/span><span class=\"meta-nav\">&rarr;<\/span><\/a><\/p>\n","protected":false},"author":6,"featured_media":0,"parent":0,"menu_order":0,"comment_status":"closed","ping_status":"closed","template":"","meta":{"footnotes":""},"class_list":["post-3981","page","type-page","status-publish","hentry"],"_links":{"self":[{"href":"https:\/\/www.feuerwehr-matzen.at\/index.php?rest_route=\/wp\/v2\/pages\/3981","targetHints":{"allow":["GET"]}}],"collection":[{"href":"https:\/\/www.feuerwehr-matzen.at\/index.php?rest_route=\/wp\/v2\/pages"}],"about":[{"href":"https:\/\/www.feuerwehr-matzen.at\/index.php?rest_route=\/wp\/v2\/types\/page"}],"author":[{"embeddable":true,"href":"https:\/\/www.feuerwehr-matzen.at\/index.php?rest_route=\/wp\/v2\/users\/6"}],"replies":[{"embeddable":true,"href":"https:\/\/www.feuerwehr-matzen.at\/index.php?rest_route=%2Fwp%2Fv2%2Fcomments&post=3981"}],"version-history":[{"count":2,"href":"https:\/\/www.feuerwehr-matzen.at\/index.php?rest_route=\/wp\/v2\/pages\/3981\/revisions"}],"predecessor-version":[{"id":3999,"href":"https:\/\/www.feuerwehr-matzen.at\/index.php?rest_route=\/wp\/v2\/pages\/3981\/revisions\/3999"}],"wp:attachment":[{"href":"https:\/\/www.feuerwehr-matzen.at\/index.php?rest_route=%2Fwp%2Fv2%2Fmedia&parent=3981"}],"curies":[{"name":"wp","href":"https:\/\/api.w.org\/{rel}","templated":true}]}}