{"id":3984,"date":"2014-08-11T00:54:18","date_gmt":"2014-08-10T22:54:18","guid":{"rendered":"http:\/\/www.feuerwehr-matzen.at\/?page_id=3984"},"modified":"2020-09-18T14:15:11","modified_gmt":"2020-09-18T12:15:11","slug":"09-august-2014","status":"publish","type":"page","link":"https:\/\/www.feuerwehr-matzen.at\/?page_id=3984","title":{"rendered":"09. August 2014"},"content":{"rendered":"<p><strong>Erneuter Unwettereinsatz<\/strong><a title=\"Eins\u00e4tze\" href=\"https:\/\/www.feuerwehr-matzen.at\/?page_id=3773\"><img loading=\"lazy\" decoding=\"async\" class=\"alignright size-full wp-image-1833\" alt=\"return\" src=\"https:\/\/www.feuerwehr-matzen.at\/wp-content\/uploads\/2013\/07\/return.jpg\" width=\"65\" height=\"30\" \/><\/a><\/p>\n<p>Am 9. August wurde von der Feuerwehr Matzen vorsorglich nach erneutem Niederschlag Sands\u00e4cke unter der vom letzten Gewitter zerst\u00f6rten Stra\u00dfe gelegt, um weitere Verschmutzungen vorzubeugen. Im Anschluss wurde gemeldet, dass in einem Keller auf der Schweinbartherstra\u00dfe erneut Wsser eingedrungen ist. Nach der Kontrolle durch die Einsatzkr\u00e4fte konnte festgestellt werden, dass ein Eingreifen noch nicht notwendig war und die Florianij\u00fcnger konnten wieder einr\u00fccken. Angekommen im Zeughaus wurde die Einsatzbereitschaft wieder hergestellt. Noch w\u00e4hrend die Einsatzkr\u00e4fte sich im Feuerwehrhaus aufhielten, heulten um 19:15 Uhr erneut die Sirenen und die Pager schrillten: Unwettereinsatz Vollbesetzt r\u00fcckte das R\u00fcstl\u00f6schfahrzeug gefolgt vom Kommandofahrzeug Richtung Einsatzort aus. Aufgrund der starken Regenf\u00e4lle kam es in Raggendorf und Auersthal zu schweren \u00dcberflutungen und in Folge zu vermehrten Eins\u00e4tze, die bereits von 15 Feuerwehren abgearbeitet wurden. Die Aufgabe der Feuerwehr Matzen war es, die L19 Richtung Gro\u00df Schweinbarth von Verschmutzungen zu befreien und die Verkehrswege wieder befahrbar zu machen. Unverz\u00fcglich nach der Einrichtung einer Einbahnregelung zur Sicherheit der Einsatzkr\u00e4fte, konnte mit den Reinigungsarbeiten begonnen werden. Es wurden 7 Stellen mit insgesamt ca. 300m L\u00e4nge gereiningt. Zwischenzeitlich wurde die Feuerwehr Matzen von einem Traktor mit Frontschaufel und der Feuerwehr Sch\u00f6nfeld unterst\u00fctzt. Nach der anstrengenden Arbeit konnten sich die Matzner Florianij\u00fcnger im Feuerwehrhaus Auersthal st\u00e4rken, bevor sie die Einsatzbereitschaft um 23:00 wieder herstellten. Im Anschluss unterst\u00fctzte ein Kamerad der Feuerwehr Matzen mit der Schlammpumpe die Einsatzkr\u00e4fte der Feuerwehr Raggendorf und Untersiebenbrunn in Raggendorf beim Auspumpen einer Wasseransammlung unmittelbar neben einem gef\u00e4hrdetem Bahn\u00fcbergang. Nachdem rund 2000m\u00b3 Wasser abgepumpt wurde, konnten die drei Feuerwehren um 6:45 wieder einr\u00fccken<\/p>\n<p>Im Einsatz befindliche Fahrzeuge: RLF-A 2000, KDO, LAST<br \/>\nMannschaftsst\u00e4rke: 14<br \/>\nsonstige Einsatzkr\u00e4fte: FF Sch\u00f6nfeld<\/p>\n<p><a href=\"https:\/\/www.feuerwehr-matzen.at\/wp-content\/uploads\/2014\/08\/DSC09371-001.jpg\"><img loading=\"lazy\" decoding=\"async\" src=\"https:\/\/www.feuerwehr-matzen.at\/wp-content\/uploads\/2014\/08\/DSC09371-001-150x150.jpg\" alt=\"DSC09371-001\" width=\"150\" height=\"150\" class=\"alignleft size-thumbnail wp-image-3985\" \/><\/a><\/p>\n<p><a href=\"https:\/\/www.feuerwehr-matzen.at\/wp-content\/uploads\/2014\/08\/DSC09375.jpg\"><img loading=\"lazy\" decoding=\"async\" src=\"https:\/\/www.feuerwehr-matzen.at\/wp-content\/uploads\/2014\/08\/DSC09375-150x150.jpg\" alt=\"DSC09375\" width=\"150\" height=\"150\" class=\"alignleft size-thumbnail wp-image-3986\" \/><\/a><\/p>\n<p><a href=\"https:\/\/www.feuerwehr-matzen.at\/wp-content\/uploads\/2014\/08\/DSC09376.jpg\"><img loading=\"lazy\" decoding=\"async\" src=\"https:\/\/www.feuerwehr-matzen.at\/wp-content\/uploads\/2014\/08\/DSC09376-150x150.jpg\" alt=\"DSC09376\" width=\"150\" height=\"150\" class=\"alignleft size-thumbnail wp-image-3987\" \/><\/a><\/p>\n<p><a href=\"https:\/\/www.feuerwehr-matzen.at\/wp-content\/uploads\/2014\/08\/DSC09380.jpg\"><img loading=\"lazy\" decoding=\"async\" src=\"https:\/\/www.feuerwehr-matzen.at\/wp-content\/uploads\/2014\/08\/DSC09380-150x150.jpg\" alt=\"DSC09380\" width=\"150\" height=\"150\" class=\"alignleft size-thumbnail wp-image-3988\" \/><\/a><\/p>\n<p><a href=\"https:\/\/www.feuerwehr-matzen.at\/wp-content\/uploads\/2014\/08\/DSC09386.jpg\"><img loading=\"lazy\" decoding=\"async\" src=\"https:\/\/www.feuerwehr-matzen.at\/wp-content\/uploads\/2014\/08\/DSC09386-150x150.jpg\" alt=\"DSC09386\" width=\"150\" height=\"150\" class=\"alignleft size-thumbnail wp-image-3989\" \/><\/a><\/p>\n<p><a href=\"https:\/\/www.feuerwehr-matzen.at\/wp-content\/uploads\/2014\/08\/IMAG0112.jpg\"><img loading=\"lazy\" decoding=\"async\" src=\"https:\/\/www.feuerwehr-matzen.at\/wp-content\/uploads\/2014\/08\/IMAG0112-150x150.jpg\" alt=\"IMAG0112\" width=\"150\" height=\"150\" class=\"alignleft size-thumbnail wp-image-3990\" \/><\/a><\/p>\n","protected":false},"excerpt":{"rendered":"<p>Erneuter Unwettereinsatz Am 9. August wurde von der Feuerwehr Matzen vorsorglich nach erneutem Niederschlag Sands\u00e4cke unter der vom letzten Gewitter zerst\u00f6rten Stra\u00dfe gelegt, um weitere Verschmutzungen vorzubeugen. Im Anschluss wurde gemeldet, dass in einem Keller auf der Schweinbartherstra\u00dfe erneut Wsser <a class=\"more-link\" href=\"https:\/\/www.feuerwehr-matzen.at\/?page_id=3984\">weiterlesen  <span class=\"screen-reader-text\">  09. August 2014<\/span><span class=\"meta-nav\">&rarr;<\/span><\/a><\/p>\n","protected":false},"author":6,"featured_media":0,"parent":0,"menu_order":0,"comment_status":"closed","ping_status":"closed","template":"","meta":{"footnotes":""},"class_list":["post-3984","page","type-page","status-publish","hentry"],"_links":{"self":[{"href":"https:\/\/www.feuerwehr-matzen.at\/index.php?rest_route=\/wp\/v2\/pages\/3984","targetHints":{"allow":["GET"]}}],"collection":[{"href":"https:\/\/www.feuerwehr-matzen.at\/index.php?rest_route=\/wp\/v2\/pages"}],"about":[{"href":"https:\/\/www.feuerwehr-matzen.at\/index.php?rest_route=\/wp\/v2\/types\/page"}],"author":[{"embeddable":true,"href":"https:\/\/www.feuerwehr-matzen.at\/index.php?rest_route=\/wp\/v2\/users\/6"}],"replies":[{"embeddable":true,"href":"https:\/\/www.feuerwehr-matzen.at\/index.php?rest_route=%2Fwp%2Fv2%2Fcomments&post=3984"}],"version-history":[{"count":2,"href":"https:\/\/www.feuerwehr-matzen.at\/index.php?rest_route=\/wp\/v2\/pages\/3984\/revisions"}],"predecessor-version":[{"id":3992,"href":"https:\/\/www.feuerwehr-matzen.at\/index.php?rest_route=\/wp\/v2\/pages\/3984\/revisions\/3992"}],"wp:attachment":[{"href":"https:\/\/www.feuerwehr-matzen.at\/index.php?rest_route=%2Fwp%2Fv2%2Fmedia&parent=3984"}],"curies":[{"name":"wp","href":"https:\/\/api.w.org\/{rel}","templated":true}]}}