{"id":4001,"date":"2014-08-18T10:16:08","date_gmt":"2014-08-18T08:16:08","guid":{"rendered":"http:\/\/www.feuerwehr-matzen.at\/?page_id=4001"},"modified":"2020-09-18T14:15:23","modified_gmt":"2020-09-18T12:15:23","slug":"17-august-2014","status":"publish","type":"page","link":"https:\/\/www.feuerwehr-matzen.at\/?page_id=4001","title":{"rendered":"17. August 2014"},"content":{"rendered":"<p><strong>K\u00fcchenbrand<\/strong><a title=\"Eins\u00e4tze\" href=\"https:\/\/www.feuerwehr-matzen.at\/?page_id=3773\"><img loading=\"lazy\" decoding=\"async\" class=\"alignright size-full wp-image-1833\" alt=\"return\" src=\"https:\/\/www.feuerwehr-matzen.at\/wp-content\/uploads\/2013\/07\/return.jpg\" width=\"65\" height=\"30\" \/><\/a><\/p>\n<p>Erneut heulten die Sirenen in Matzen. Am 17. August 2014 wurde die Feuerwehr Matzen zeitgleich mit den Feuerwehren aus Raggendorf, Prottes und Gro\u00df Schweinbarth um Punkt 12:00 zu einem K\u00fcchenbrand im Jugendheim Matzen alarmiert. Binnen wenige Minuten r\u00fcckten alle 4 Feuerwehren zum Einsatzort aus. Bereits w\u00e4hrend der Anfahrt r\u00fcstete sich ein Atemschutztrupp der Feuerwehr Matzen mit den Atemschutzger\u00e4ten aus. Gl\u00fccklicherweise konnte unmittelbar nach Ankunft am Einsatzort von der Polizei Entwarnung gegeben werden. Nachdem eine Friteuse in der K\u00fcche des Kinder- und Jugendbetreuungszentrums vermutlich nach einer Verpuffung Feuer fing, konnte eine Betreuerin geistesgegenw\u00e4rtig die Flammen mit einer L\u00f6schdecke ersticken und somit Schlimmeres verhindern. Nach der Kontrolle durch den Atemschutztrupp und den Einsatzleiter konnten alle Einsatzkr\u00e4fet wieder abr\u00fccken.<\/p>\n<p>Im Einsatz befindliche Fahrzeuge: RLF-A 2000, KDO<br \/>\nMannschaftsst\u00e4rke: 18<br \/>\nsonstige Einsatzkr\u00e4fte: Polizei, RK G\u00e4nserndorf, FF Raggendorf, FF Prottes, FF Gro\u00df Schweinbarth<\/p>\n<p><a href=\"https:\/\/www.feuerwehr-matzen.at\/wp-content\/uploads\/2014\/08\/DSC09387.jpg\"><img loading=\"lazy\" decoding=\"async\" src=\"https:\/\/www.feuerwehr-matzen.at\/wp-content\/uploads\/2014\/08\/DSC09387-150x150.jpg\" alt=\"DSC09387\" width=\"150\" height=\"150\" class=\"alignleft size-thumbnail wp-image-4002\" \/><\/a><\/p>\n<p><a href=\"https:\/\/www.feuerwehr-matzen.at\/wp-content\/uploads\/2014\/08\/DSC09391.jpg\"><img loading=\"lazy\" decoding=\"async\" src=\"https:\/\/www.feuerwehr-matzen.at\/wp-content\/uploads\/2014\/08\/DSC09391-150x150.jpg\" alt=\"DSC09391\" width=\"150\" height=\"150\" class=\"alignleft size-thumbnail wp-image-4003\" \/><\/a><\/p>\n<p><a href=\"https:\/\/www.feuerwehr-matzen.at\/wp-content\/uploads\/2014\/08\/DSC09392.jpg\"><img loading=\"lazy\" decoding=\"async\" src=\"https:\/\/www.feuerwehr-matzen.at\/wp-content\/uploads\/2014\/08\/DSC09392-150x150.jpg\" alt=\"DSC09392\" width=\"150\" height=\"150\" class=\"alignleft size-thumbnail wp-image-4006\" \/><\/a><\/p>\n","protected":false},"excerpt":{"rendered":"<p>K\u00fcchenbrand Erneut heulten die Sirenen in Matzen. Am 17. August 2014 wurde die Feuerwehr Matzen zeitgleich mit den Feuerwehren aus Raggendorf, Prottes und Gro\u00df Schweinbarth um Punkt 12:00 zu einem K\u00fcchenbrand im Jugendheim Matzen alarmiert. Binnen wenige Minuten r\u00fcckten alle <a class=\"more-link\" href=\"https:\/\/www.feuerwehr-matzen.at\/?page_id=4001\">weiterlesen  <span class=\"screen-reader-text\">  17. August 2014<\/span><span class=\"meta-nav\">&rarr;<\/span><\/a><\/p>\n","protected":false},"author":6,"featured_media":0,"parent":0,"menu_order":0,"comment_status":"closed","ping_status":"closed","template":"","meta":{"footnotes":""},"class_list":["post-4001","page","type-page","status-publish","hentry"],"_links":{"self":[{"href":"https:\/\/www.feuerwehr-matzen.at\/index.php?rest_route=\/wp\/v2\/pages\/4001","targetHints":{"allow":["GET"]}}],"collection":[{"href":"https:\/\/www.feuerwehr-matzen.at\/index.php?rest_route=\/wp\/v2\/pages"}],"about":[{"href":"https:\/\/www.feuerwehr-matzen.at\/index.php?rest_route=\/wp\/v2\/types\/page"}],"author":[{"embeddable":true,"href":"https:\/\/www.feuerwehr-matzen.at\/index.php?rest_route=\/wp\/v2\/users\/6"}],"replies":[{"embeddable":true,"href":"https:\/\/www.feuerwehr-matzen.at\/index.php?rest_route=%2Fwp%2Fv2%2Fcomments&post=4001"}],"version-history":[{"count":3,"href":"https:\/\/www.feuerwehr-matzen.at\/index.php?rest_route=\/wp\/v2\/pages\/4001\/revisions"}],"predecessor-version":[{"id":4007,"href":"https:\/\/www.feuerwehr-matzen.at\/index.php?rest_route=\/wp\/v2\/pages\/4001\/revisions\/4007"}],"wp:attachment":[{"href":"https:\/\/www.feuerwehr-matzen.at\/index.php?rest_route=%2Fwp%2Fv2%2Fmedia&parent=4001"}],"curies":[{"name":"wp","href":"https:\/\/api.w.org\/{rel}","templated":true}]}}