{"id":4009,"date":"2014-08-21T13:18:58","date_gmt":"2014-08-21T11:18:58","guid":{"rendered":"http:\/\/www.feuerwehr-matzen.at\/?page_id=4009"},"modified":"2020-09-18T14:15:23","modified_gmt":"2020-09-18T12:15:23","slug":"17-juni-2014","status":"publish","type":"page","link":"https:\/\/www.feuerwehr-matzen.at\/?page_id=4009","title":{"rendered":"17. Juni 2014"},"content":{"rendered":"<p><strong>Flurbrand<\/strong><a title=\"Eins\u00e4tze\" href=\"https:\/\/www.feuerwehr-matzen.at\/?page_id=3773\"><img loading=\"lazy\" decoding=\"async\" class=\"alignright size-full wp-image-1833\" alt=\"return\" src=\"https:\/\/www.feuerwehr-matzen.at\/wp-content\/uploads\/2013\/07\/return.jpg\" width=\"65\" height=\"30\" \/><\/a><\/p>\n<p>Am 17. Juni 2014 wurde die Feuerwehr Matzen um 14:10 zu einem Flurband auf der Oberen Berggasse in Matzen alarmiert. Binnen wenige Minuten r\u00fcckten die Florianij\u00fcnger zum Einsatzort aus. Aufgrund einer Windb\u00f6e fing bei Abbrandarbeiten ein angrenzendes Feld Feuer und breitete sich rasch aus. Der Besitzer des Grundes versuchte noch die Ausbreitung zu verhindern, nachdem sich der Flurbrand aber bereits auf ein kleines Waldst\u00fcck einer angrenzenden B\u00f6schung ausgebreitet hatte, rief er den Notruf. Umgehend wurde das RLF am benachbarten Feld positioniert und mit der Brandbek\u00e4mpfung begonnen. Nachdem eine weitere Ausbreitung verhindert wurde, mussten bevor die Einsatzkr\u00e4fte wieder abr\u00fccken konnten, einige kleine Glutnester abgel\u00f6scht werden. Nach rund 1 Stunde konnte die Einsatzbereitschaft wieder hergestellt werden.<\/p>\n<p>Im Einsatz befindliche Fahrzeuge: RLF-A 2000, KDO<br \/>\nMannschaftsst\u00e4rke: 9<\/p>\n<p><a href=\"https:\/\/www.feuerwehr-matzen.at\/wp-content\/uploads\/2014\/08\/DSC09116.jpg\"><img loading=\"lazy\" decoding=\"async\" src=\"https:\/\/www.feuerwehr-matzen.at\/wp-content\/uploads\/2014\/08\/DSC09116-150x150.jpg\" alt=\"DSC09116\" width=\"150\" height=\"150\" class=\"alignleft size-thumbnail wp-image-4011\" \/><\/a><\/p>\n<p><a href=\"https:\/\/www.feuerwehr-matzen.at\/wp-content\/uploads\/2014\/08\/DSC09118.jpg\"><img loading=\"lazy\" decoding=\"async\" src=\"https:\/\/www.feuerwehr-matzen.at\/wp-content\/uploads\/2014\/08\/DSC09118-150x150.jpg\" alt=\"DSC09118\" width=\"150\" height=\"150\" class=\"alignleft size-thumbnail wp-image-4012\" \/><\/a><\/p>\n<p><a href=\"https:\/\/www.feuerwehr-matzen.at\/wp-content\/uploads\/2014\/08\/DSC09121.jpg\"><img loading=\"lazy\" decoding=\"async\" src=\"https:\/\/www.feuerwehr-matzen.at\/wp-content\/uploads\/2014\/08\/DSC09121-150x150.jpg\" alt=\"DSC09121\" width=\"150\" height=\"150\" class=\"alignleft size-thumbnail wp-image-4013\" \/><\/a><\/p>\n<p><a href=\"https:\/\/www.feuerwehr-matzen.at\/wp-content\/uploads\/2014\/08\/DSC09123.jpg\"><img loading=\"lazy\" decoding=\"async\" src=\"https:\/\/www.feuerwehr-matzen.at\/wp-content\/uploads\/2014\/08\/DSC09123-150x150.jpg\" alt=\"DSC09123\" width=\"150\" height=\"150\" class=\"alignleft size-thumbnail wp-image-4014\" \/><\/a><\/p>\n<p><a href=\"https:\/\/www.feuerwehr-matzen.at\/wp-content\/uploads\/2014\/08\/DSC09125.jpg\"><img loading=\"lazy\" decoding=\"async\" src=\"https:\/\/www.feuerwehr-matzen.at\/wp-content\/uploads\/2014\/08\/DSC09125-150x150.jpg\" alt=\"DSC09125\" width=\"150\" height=\"150\" class=\"alignleft size-thumbnail wp-image-4015\" \/><\/a><\/p>\n<p><a href=\"https:\/\/www.feuerwehr-matzen.at\/wp-content\/uploads\/2014\/08\/DSC09129.jpg\"><img loading=\"lazy\" decoding=\"async\" src=\"https:\/\/www.feuerwehr-matzen.at\/wp-content\/uploads\/2014\/08\/DSC09129-150x150.jpg\" alt=\"DSC09129\" width=\"150\" height=\"150\" class=\"alignleft size-thumbnail wp-image-4016\" \/><\/a><\/p>\n<p><a href=\"https:\/\/www.feuerwehr-matzen.at\/wp-content\/uploads\/2014\/08\/DSC09130.jpg\"><img loading=\"lazy\" decoding=\"async\" src=\"https:\/\/www.feuerwehr-matzen.at\/wp-content\/uploads\/2014\/08\/DSC09130-150x150.jpg\" alt=\"DSC09130\" width=\"150\" height=\"150\" class=\"alignleft size-thumbnail wp-image-4017\" \/><\/a><\/p>\n<p><a href=\"https:\/\/www.feuerwehr-matzen.at\/wp-content\/uploads\/2014\/08\/DSC09132.jpg\"><img loading=\"lazy\" decoding=\"async\" src=\"https:\/\/www.feuerwehr-matzen.at\/wp-content\/uploads\/2014\/08\/DSC09132-150x150.jpg\" alt=\"DSC09132\" width=\"150\" height=\"150\" class=\"alignleft size-thumbnail wp-image-4018\" \/><\/a><\/p>\n","protected":false},"excerpt":{"rendered":"<p>Flurbrand Am 17. Juni 2014 wurde die Feuerwehr Matzen um 14:10 zu einem Flurband auf der Oberen Berggasse in Matzen alarmiert. Binnen wenige Minuten r\u00fcckten die Florianij\u00fcnger zum Einsatzort aus. Aufgrund einer Windb\u00f6e fing bei Abbrandarbeiten ein angrenzendes Feld Feuer <a class=\"more-link\" href=\"https:\/\/www.feuerwehr-matzen.at\/?page_id=4009\">weiterlesen  <span class=\"screen-reader-text\">  17. Juni 2014<\/span><span class=\"meta-nav\">&rarr;<\/span><\/a><\/p>\n","protected":false},"author":6,"featured_media":0,"parent":0,"menu_order":0,"comment_status":"closed","ping_status":"closed","template":"","meta":{"footnotes":""},"class_list":["post-4009","page","type-page","status-publish","hentry"],"_links":{"self":[{"href":"https:\/\/www.feuerwehr-matzen.at\/index.php?rest_route=\/wp\/v2\/pages\/4009","targetHints":{"allow":["GET"]}}],"collection":[{"href":"https:\/\/www.feuerwehr-matzen.at\/index.php?rest_route=\/wp\/v2\/pages"}],"about":[{"href":"https:\/\/www.feuerwehr-matzen.at\/index.php?rest_route=\/wp\/v2\/types\/page"}],"author":[{"embeddable":true,"href":"https:\/\/www.feuerwehr-matzen.at\/index.php?rest_route=\/wp\/v2\/users\/6"}],"replies":[{"embeddable":true,"href":"https:\/\/www.feuerwehr-matzen.at\/index.php?rest_route=%2Fwp%2Fv2%2Fcomments&post=4009"}],"version-history":[{"count":2,"href":"https:\/\/www.feuerwehr-matzen.at\/index.php?rest_route=\/wp\/v2\/pages\/4009\/revisions"}],"predecessor-version":[{"id":4019,"href":"https:\/\/www.feuerwehr-matzen.at\/index.php?rest_route=\/wp\/v2\/pages\/4009\/revisions\/4019"}],"wp:attachment":[{"href":"https:\/\/www.feuerwehr-matzen.at\/index.php?rest_route=%2Fwp%2Fv2%2Fmedia&parent=4009"}],"curies":[{"name":"wp","href":"https:\/\/api.w.org\/{rel}","templated":true}]}}