{"id":4020,"date":"2014-08-21T13:29:31","date_gmt":"2014-08-21T11:29:31","guid":{"rendered":"http:\/\/www.feuerwehr-matzen.at\/?page_id=4020"},"modified":"2020-09-18T14:15:34","modified_gmt":"2020-09-18T12:15:34","slug":"4020-2","status":"publish","type":"page","link":"https:\/\/www.feuerwehr-matzen.at\/?page_id=4020","title":{"rendered":"25. Juni 2014"},"content":{"rendered":"<p><strong>erneuter Flurbrand<\/strong><a title=\"Eins\u00e4tze\" href=\"https:\/\/www.feuerwehr-matzen.at\/?page_id=3773\"><img loading=\"lazy\" decoding=\"async\" class=\"alignright size-full wp-image-1833\" alt=\"return\" src=\"https:\/\/www.feuerwehr-matzen.at\/wp-content\/uploads\/2013\/07\/return.jpg\" width=\"65\" height=\"30\" \/><\/a><\/p>\n<p>Am 25. Juni 2014 wurde die Feuerwehr Matzen um 12:00 erneut zu einem Flurband in Matzen alarmiert. Kurz nach der Alarmierung r\u00fcckten beide Fahrzeuge zum Einsatzort auf der Spannbergerstra\u00dfe aus. Vermutlich aufgrund einer weggeworfenen Zigarette fing die B\u00f6schung Feuer. Nach der erfolgreichen Brandbek\u00e4mpfung wurde das angrenzende Gestr\u00fcpp auf Glutnester kontrolliert. Nach rund 45 Minuten konnten die Einsatzkr\u00e4fte wieder einr\u00fccken und die Einsatzbereitschaft herstellen.<\/p>\n<p>Im Einsatz befindliche Fahrzeuge: RLF-A 2000, KDO<br \/>\nMannschaftsst\u00e4rke: 10<\/p>\n<p><a href=\"https:\/\/www.feuerwehr-matzen.at\/wp-content\/uploads\/2014\/08\/DSC09133.jpg\"><img loading=\"lazy\" decoding=\"async\" src=\"https:\/\/www.feuerwehr-matzen.at\/wp-content\/uploads\/2014\/08\/DSC09133-150x150.jpg\" alt=\"DSC09133\" width=\"150\" height=\"150\" class=\"alignleft size-thumbnail wp-image-4021\" \/><\/a><\/p>\n<p><a href=\"https:\/\/www.feuerwehr-matzen.at\/wp-content\/uploads\/2014\/08\/DSC09135.jpg\"><img loading=\"lazy\" decoding=\"async\" src=\"https:\/\/www.feuerwehr-matzen.at\/wp-content\/uploads\/2014\/08\/DSC09135-150x150.jpg\" alt=\"DSC09135\" width=\"150\" height=\"150\" class=\"alignleft size-thumbnail wp-image-4022\" \/><\/a><\/p>\n<p><a href=\"https:\/\/www.feuerwehr-matzen.at\/wp-content\/uploads\/2014\/08\/DSC09137.jpg\"><img loading=\"lazy\" decoding=\"async\" src=\"https:\/\/www.feuerwehr-matzen.at\/wp-content\/uploads\/2014\/08\/DSC09137-150x150.jpg\" alt=\"DSC09137\" width=\"150\" height=\"150\" class=\"alignleft size-thumbnail wp-image-4023\" \/><\/a><\/p>\n<p><a href=\"https:\/\/www.feuerwehr-matzen.at\/wp-content\/uploads\/2014\/08\/DSC09142.jpg\"><img loading=\"lazy\" decoding=\"async\" src=\"https:\/\/www.feuerwehr-matzen.at\/wp-content\/uploads\/2014\/08\/DSC09142-150x150.jpg\" alt=\"DSC09142\" width=\"150\" height=\"150\" class=\"alignleft size-thumbnail wp-image-4024\" \/><\/a><\/p>\n","protected":false},"excerpt":{"rendered":"<p>erneuter Flurbrand Am 25. Juni 2014 wurde die Feuerwehr Matzen um 12:00 erneut zu einem Flurband in Matzen alarmiert. Kurz nach der Alarmierung r\u00fcckten beide Fahrzeuge zum Einsatzort auf der Spannbergerstra\u00dfe aus. Vermutlich aufgrund einer weggeworfenen Zigarette fing die B\u00f6schung <a class=\"more-link\" href=\"https:\/\/www.feuerwehr-matzen.at\/?page_id=4020\">weiterlesen  <span class=\"screen-reader-text\">  25. Juni 2014<\/span><span class=\"meta-nav\">&rarr;<\/span><\/a><\/p>\n","protected":false},"author":6,"featured_media":0,"parent":0,"menu_order":0,"comment_status":"closed","ping_status":"closed","template":"","meta":{"footnotes":""},"class_list":["post-4020","page","type-page","status-publish","hentry"],"_links":{"self":[{"href":"https:\/\/www.feuerwehr-matzen.at\/index.php?rest_route=\/wp\/v2\/pages\/4020","targetHints":{"allow":["GET"]}}],"collection":[{"href":"https:\/\/www.feuerwehr-matzen.at\/index.php?rest_route=\/wp\/v2\/pages"}],"about":[{"href":"https:\/\/www.feuerwehr-matzen.at\/index.php?rest_route=\/wp\/v2\/types\/page"}],"author":[{"embeddable":true,"href":"https:\/\/www.feuerwehr-matzen.at\/index.php?rest_route=\/wp\/v2\/users\/6"}],"replies":[{"embeddable":true,"href":"https:\/\/www.feuerwehr-matzen.at\/index.php?rest_route=%2Fwp%2Fv2%2Fcomments&post=4020"}],"version-history":[{"count":2,"href":"https:\/\/www.feuerwehr-matzen.at\/index.php?rest_route=\/wp\/v2\/pages\/4020\/revisions"}],"predecessor-version":[{"id":4026,"href":"https:\/\/www.feuerwehr-matzen.at\/index.php?rest_route=\/wp\/v2\/pages\/4020\/revisions\/4026"}],"wp:attachment":[{"href":"https:\/\/www.feuerwehr-matzen.at\/index.php?rest_route=%2Fwp%2Fv2%2Fmedia&parent=4020"}],"curies":[{"name":"wp","href":"https:\/\/api.w.org\/{rel}","templated":true}]}}