{"id":4029,"date":"2014-08-22T03:54:35","date_gmt":"2014-08-22T01:54:35","guid":{"rendered":"http:\/\/www.feuerwehr-matzen.at\/?page_id=4029"},"modified":"2020-09-18T14:15:34","modified_gmt":"2020-09-18T12:15:34","slug":"21-august-2014","status":"publish","type":"page","link":"https:\/\/www.feuerwehr-matzen.at\/?page_id=4029","title":{"rendered":"21. August 2014"},"content":{"rendered":"<p><strong>Personensuche<\/strong><a title=\"Eins\u00e4tze\" href=\"https:\/\/www.feuerwehr-matzen.at\/?page_id=3773\"><img loading=\"lazy\" decoding=\"async\" class=\"alignright size-full wp-image-1833\" alt=\"return\" src=\"https:\/\/www.feuerwehr-matzen.at\/wp-content\/uploads\/2013\/07\/return.jpg\" width=\"65\" height=\"30\" \/><\/a><\/p>\n<p>Am 21. August 2014 wurde die Feuerwehr Matzen um 14:14 Uhr zu einer Personensuche in Matzen alarmiert. Zeitgleich wurden die Feuerwehren Raggendorf, Klein Harras, Prottes und Gro\u00df Schweinbarth verst\u00e4ndigt. Am Treffpunkt mit der Polizei angekommen, stellte sich folgende Lage dar. Eine 48 j\u00e4hrige Matznerin, die seit Dienstag abg\u00e4ngig war, wurde vermisst. Nach der Einteilung in Gruppen konnte die Personensuche im Matzner Wald begonnen werden. Jede Gruppe wurde von einem ortskundigen J\u00e4ger, mit Unterst\u00fctzung von Polizei-, Suchhunde-, und Feuerwehrmitgliedern, gef\u00fchrt werden. Diese mussten sich durch teils dicht verwachsenes Unterholz und unwegsames Gel\u00e4nde k\u00e4mpfen. Zwischenzeitlich trafen mehr und mehr freiwillige Helfer sowie Suchhunde, das Kriseninterventionsteam und Feuerwehr-Peers an der Einsatzstelle ein. Nachdem der Gemeindewald von Matzen abgesucht war, wurde nach einer erneuten Lagebesprechung das Suchgebiet ausgeweitet. Inzwischen unterst\u00fctzte auch ein Polizeihubschrauber die Suchmannschaften. Noch w\u00e4hrend die Einsatzkr\u00e4fte den letzten Sektor durchsuchten, kam die Meldung \u00fcber Funk, dass die abg\u00e4ngige Person gefunden wurde. Nach 5 Stunden im Einsatz konnten die rund 130 Einsatzkr\u00e4fte wieder abr\u00fccken. Im Einsatz standen 50 Mann von der Feuerwehr, 16 Polizisten, 2 Mann des RK G\u00e4nserndorf, rund 15 Zivilpersonen, das Kriseninterventionsteam sowie 2 Feuerwehr-Peers, ein Polizeihubschrauber und 4 Rettungshundestaffeln mit rund 40 Suchhunden. Um 20:30 Uhr konnte die Feuerwehr Matzen wieder die Einsatzbereitschaft herstellen.<\/p>\n<p>Link zum <a href=\"https:\/\/noe.orf.at\/news\/stories\/2664327\/\">ORF Bericht<\/a><\/p>\n<p>Im Einsatz befindliche Fahrzeuge: RLF-A 2000, KDO, LAST<br \/>\nMannschaftsst\u00e4rke: 20<br \/>\nsonstige Einsatzkr\u00e4fte: Polizei, Polizeihubschrauber, Polizeisuchhunde, RK G\u00e4nserndorf, FF Raggendorf, FF Prottes, FF Gro\u00df Schweinbarth, FF Klein Harras, Rettungshunde N\u00d6, Rettungshunde RK, \u00d6sterreichische Rettungshunde, \u00d6sterreichische Rettungshundebrigade, Feuerwehr-Peers, Kriseninterventionsteam<\/p>\n<p><a href=\"https:\/\/www.feuerwehr-matzen.at\/wp-content\/uploads\/2014\/08\/IMAG0131.jpg\"><img loading=\"lazy\" decoding=\"async\" class=\"alignleft size-thumbnail wp-image-4030\" alt=\"IMAG0131\" src=\"https:\/\/www.feuerwehr-matzen.at\/wp-content\/uploads\/2014\/08\/IMAG0131-150x150.jpg\" width=\"150\" height=\"150\" \/><\/a><\/p>\n<p><a href=\"https:\/\/www.feuerwehr-matzen.at\/wp-content\/uploads\/2014\/08\/IMAG0132.jpg\"><img loading=\"lazy\" decoding=\"async\" class=\"alignleft size-thumbnail wp-image-4031\" alt=\"IMAG0132\" src=\"https:\/\/www.feuerwehr-matzen.at\/wp-content\/uploads\/2014\/08\/IMAG0132-150x150.jpg\" width=\"150\" height=\"150\" \/><\/a><\/p>\n<p><a href=\"https:\/\/www.feuerwehr-matzen.at\/wp-content\/uploads\/2014\/08\/IMAG0136.jpg\"><img loading=\"lazy\" decoding=\"async\" class=\"alignleft size-thumbnail wp-image-4032\" alt=\"IMAG0136\" src=\"https:\/\/www.feuerwehr-matzen.at\/wp-content\/uploads\/2014\/08\/IMAG0136-150x150.jpg\" width=\"150\" height=\"150\" \/><\/a><\/p>\n<p><a href=\"https:\/\/www.feuerwehr-matzen.at\/wp-content\/uploads\/2014\/08\/IMAG0139.jpg\"><img loading=\"lazy\" decoding=\"async\" class=\"alignleft size-thumbnail wp-image-4033\" alt=\"IMAG0139\" src=\"https:\/\/www.feuerwehr-matzen.at\/wp-content\/uploads\/2014\/08\/IMAG0139-150x150.jpg\" width=\"150\" height=\"150\" \/><\/a><\/p>\n<p><a href=\"https:\/\/www.feuerwehr-matzen.at\/wp-content\/uploads\/2014\/08\/IMAG0145.jpg\"><img loading=\"lazy\" decoding=\"async\" class=\"alignleft size-thumbnail wp-image-4034\" alt=\"IMAG0145\" src=\"https:\/\/www.feuerwehr-matzen.at\/wp-content\/uploads\/2014\/08\/IMAG0145-150x150.jpg\" width=\"150\" height=\"150\" \/><\/a><\/p>\n<p><a href=\"https:\/\/www.feuerwehr-matzen.at\/wp-content\/uploads\/2014\/08\/IMAG0150.jpg\"><img loading=\"lazy\" decoding=\"async\" class=\"alignleft size-thumbnail wp-image-4035\" alt=\"IMAG0150\" src=\"https:\/\/www.feuerwehr-matzen.at\/wp-content\/uploads\/2014\/08\/IMAG0150-150x150.jpg\" width=\"150\" height=\"150\" \/><\/a><\/p>\n<p><a href=\"https:\/\/www.feuerwehr-matzen.at\/wp-content\/uploads\/2014\/08\/IMAG0153.jpg\"><img loading=\"lazy\" decoding=\"async\" class=\"alignleft size-thumbnail wp-image-4036\" alt=\"IMAG0153\" src=\"https:\/\/www.feuerwehr-matzen.at\/wp-content\/uploads\/2014\/08\/IMAG0153-150x150.jpg\" width=\"150\" height=\"150\" \/><\/a><\/p>\n<p><a href=\"https:\/\/www.feuerwehr-matzen.at\/wp-content\/uploads\/2014\/08\/IMAG0156.jpg\"><img loading=\"lazy\" decoding=\"async\" class=\"alignleft size-thumbnail wp-image-4037\" alt=\"IMAG0156\" src=\"https:\/\/www.feuerwehr-matzen.at\/wp-content\/uploads\/2014\/08\/IMAG0156-150x150.jpg\" width=\"150\" height=\"150\" \/><\/a><\/p>\n<p><a href=\"https:\/\/www.feuerwehr-matzen.at\/wp-content\/uploads\/2014\/08\/IMAG0161.jpg\"><img loading=\"lazy\" decoding=\"async\" class=\"alignleft size-thumbnail wp-image-4038\" alt=\"IMAG0161\" src=\"https:\/\/www.feuerwehr-matzen.at\/wp-content\/uploads\/2014\/08\/IMAG0161-150x150.jpg\" width=\"150\" height=\"150\" \/><\/a><\/p>\n","protected":false},"excerpt":{"rendered":"<p>Personensuche Am 21. August 2014 wurde die Feuerwehr Matzen um 14:14 Uhr zu einer Personensuche in Matzen alarmiert. Zeitgleich wurden die Feuerwehren Raggendorf, Klein Harras, Prottes und Gro\u00df Schweinbarth verst\u00e4ndigt. Am Treffpunkt mit der Polizei angekommen, stellte sich folgende Lage <a class=\"more-link\" href=\"https:\/\/www.feuerwehr-matzen.at\/?page_id=4029\">weiterlesen  <span class=\"screen-reader-text\">  21. August 2014<\/span><span class=\"meta-nav\">&rarr;<\/span><\/a><\/p>\n","protected":false},"author":6,"featured_media":0,"parent":0,"menu_order":0,"comment_status":"closed","ping_status":"closed","template":"","meta":{"footnotes":""},"class_list":["post-4029","page","type-page","status-publish","hentry"],"_links":{"self":[{"href":"https:\/\/www.feuerwehr-matzen.at\/index.php?rest_route=\/wp\/v2\/pages\/4029","targetHints":{"allow":["GET"]}}],"collection":[{"href":"https:\/\/www.feuerwehr-matzen.at\/index.php?rest_route=\/wp\/v2\/pages"}],"about":[{"href":"https:\/\/www.feuerwehr-matzen.at\/index.php?rest_route=\/wp\/v2\/types\/page"}],"author":[{"embeddable":true,"href":"https:\/\/www.feuerwehr-matzen.at\/index.php?rest_route=\/wp\/v2\/users\/6"}],"replies":[{"embeddable":true,"href":"https:\/\/www.feuerwehr-matzen.at\/index.php?rest_route=%2Fwp%2Fv2%2Fcomments&post=4029"}],"version-history":[{"count":15,"href":"https:\/\/www.feuerwehr-matzen.at\/index.php?rest_route=\/wp\/v2\/pages\/4029\/revisions"}],"predecessor-version":[{"id":4057,"href":"https:\/\/www.feuerwehr-matzen.at\/index.php?rest_route=\/wp\/v2\/pages\/4029\/revisions\/4057"}],"wp:attachment":[{"href":"https:\/\/www.feuerwehr-matzen.at\/index.php?rest_route=%2Fwp%2Fv2%2Fmedia&parent=4029"}],"curies":[{"name":"wp","href":"https:\/\/api.w.org\/{rel}","templated":true}]}}