{"id":4054,"date":"2014-08-22T10:40:39","date_gmt":"2014-08-22T08:40:39","guid":{"rendered":"http:\/\/www.feuerwehr-matzen.at\/?page_id=4054"},"modified":"2020-09-18T14:15:34","modified_gmt":"2020-09-18T12:15:34","slug":"21-august-2014-2","status":"publish","type":"page","link":"https:\/\/www.feuerwehr-matzen.at\/?page_id=4054","title":{"rendered":"21. August 2014"},"content":{"rendered":"<p><strong>Fahrzeugbrand<\/strong><a title=\"Eins\u00e4tze\" href=\"https:\/\/www.feuerwehr-matzen.at\/?page_id=3773\"><img loading=\"lazy\" decoding=\"async\" class=\"alignright size-full wp-image-1833\" alt=\"return\" src=\"https:\/\/www.feuerwehr-matzen.at\/wp-content\/uploads\/2013\/07\/return.jpg\" width=\"65\" height=\"30\" \/><\/a><\/p>\n<p>Nur wenige Stunden nach dem letzten Einsatz heulten in Matzen wieder die Sirenen. Die Feuerwehren Matzen wurde um 9:28 Uhr mittels Sirene, Pager und SMS-Alarm gleichzeitig mit der Feuerwehr Sch\u00f6nkirchen-Reyersdorf zur Unterst\u00fctzung der Feuerwehr Raggendorf bei einem Fahrzeugbrand auf der Hauptstra\u00dfe alarmiert. Unverz\u00fcglich r\u00fcckten 7 Mann der Feuerwehr Matzen mit 1 Fahrzeug zum Einsatzort aus. Noch am Anfahrtsweg konnte aber von den Einsatzkr\u00e4ften aus Raggendorf Entwarnung gegeben werden. Der Brand war bereits unter Kontrolle und ein weiteres Eingreifen der Nachbarswehren war nicht mehr erforderlich. Kurz vor 10 Uhr konnten die Matzner Florianij\u00fcnger die Einsatzbereitschaft wieder herstellen.<\/p>\n<p>Im Einsatz befindliche Fahrzeuge: RLF-A 2000<br \/>\nMannschaftsst\u00e4rke: 7<br \/>\nsonstige Einsatzkr\u00e4fte: Polizei, FF Raggendorf, FF Sch\u00f6nkirchen-Reyersdorf<\/p>\n","protected":false},"excerpt":{"rendered":"<p>Fahrzeugbrand Nur wenige Stunden nach dem letzten Einsatz heulten in Matzen wieder die Sirenen. Die Feuerwehren Matzen wurde um 9:28 Uhr mittels Sirene, Pager und SMS-Alarm gleichzeitig mit der Feuerwehr Sch\u00f6nkirchen-Reyersdorf zur Unterst\u00fctzung der Feuerwehr Raggendorf bei einem Fahrzeugbrand auf <a class=\"more-link\" href=\"https:\/\/www.feuerwehr-matzen.at\/?page_id=4054\">weiterlesen  <span class=\"screen-reader-text\">  21. August 2014<\/span><span class=\"meta-nav\">&rarr;<\/span><\/a><\/p>\n","protected":false},"author":6,"featured_media":0,"parent":0,"menu_order":0,"comment_status":"closed","ping_status":"closed","template":"","meta":{"footnotes":""},"class_list":["post-4054","page","type-page","status-publish","hentry"],"_links":{"self":[{"href":"https:\/\/www.feuerwehr-matzen.at\/index.php?rest_route=\/wp\/v2\/pages\/4054","targetHints":{"allow":["GET"]}}],"collection":[{"href":"https:\/\/www.feuerwehr-matzen.at\/index.php?rest_route=\/wp\/v2\/pages"}],"about":[{"href":"https:\/\/www.feuerwehr-matzen.at\/index.php?rest_route=\/wp\/v2\/types\/page"}],"author":[{"embeddable":true,"href":"https:\/\/www.feuerwehr-matzen.at\/index.php?rest_route=\/wp\/v2\/users\/6"}],"replies":[{"embeddable":true,"href":"https:\/\/www.feuerwehr-matzen.at\/index.php?rest_route=%2Fwp%2Fv2%2Fcomments&post=4054"}],"version-history":[{"count":1,"href":"https:\/\/www.feuerwehr-matzen.at\/index.php?rest_route=\/wp\/v2\/pages\/4054\/revisions"}],"predecessor-version":[{"id":4055,"href":"https:\/\/www.feuerwehr-matzen.at\/index.php?rest_route=\/wp\/v2\/pages\/4054\/revisions\/4055"}],"wp:attachment":[{"href":"https:\/\/www.feuerwehr-matzen.at\/index.php?rest_route=%2Fwp%2Fv2%2Fmedia&parent=4054"}],"curies":[{"name":"wp","href":"https:\/\/api.w.org\/{rel}","templated":true}]}}