{"id":4063,"date":"2014-08-26T16:12:21","date_gmt":"2014-08-26T14:12:21","guid":{"rendered":"http:\/\/www.feuerwehr-matzen.at\/?page_id=4063"},"modified":"2020-09-18T14:15:34","modified_gmt":"2020-09-18T12:15:34","slug":"26-august-2014","status":"publish","type":"page","link":"https:\/\/www.feuerwehr-matzen.at\/?page_id=4063","title":{"rendered":"26. August 2014"},"content":{"rendered":"<p><strong>Brandverdacht<\/strong><a title=\"Eins\u00e4tze\" href=\"https:\/\/www.feuerwehr-matzen.at\/?page_id=3773\"><img loading=\"lazy\" decoding=\"async\" class=\"alignright size-full wp-image-1833\" alt=\"return\" src=\"https:\/\/www.feuerwehr-matzen.at\/wp-content\/uploads\/2013\/07\/return.jpg\" width=\"65\" height=\"30\" \/><\/a><\/p>\n<p>Am 26. August 2014 wurde die Feuerwehr Matzen um 14:28 Uhr mittels Sirene, Pager und SMS-Alarm zu einem Brandverdacht aufgrund von Rauchentwicklung in der Lebenshilfe-Werkst\u00e4tte alarmiert.<br \/>\nKurz darauf r\u00fcckten 11 Mann mit 2 Fahrzeugen zum Einsatzort auf der Reyersdorferstra\u00dfe aus. Aufgrund der unklaren Meldung und der Vielzahl an Personen die sich in der Werkst\u00e4tte aufhalten, r\u00fcstete sich ein Atemschutztrupp bereits auf der Anfahrt aus. Angekommen erkundete der Einsatzleiter die Lage. In der Tischlerei kam es in der Tischkreiss\u00e4ge zu Rauchentwicklung worauf der Notruf gew\u00e4hlt wurde.<br \/>\nErste L\u00f6schversuche durch das Personal der Lebenshilfe konnten schlimmeres Verhindern. Die Einsatzkr\u00e4fte aus Matzen kontrollierten noch die Tischkreiss\u00e4ge und die externe Absauganlage auf Glutnester. Mittels W\u00e4rmebildkamera konnten alle Glutnestern detektiert und abgel\u00f6scht werden. Nachdem die restlichen Sp\u00e4ne aus der Tischkreiss\u00e4ge entfernt wurden, konnten die Florianij\u00fcnger wieder abr\u00fccken.<br \/>\nHervorzuheben ist die hervorragende Arbeit des Personals der Lebenshilfe. Bereits bei Ankunft der Einsatzkr\u00e4fte war die Evakuierung abgeschlossen.<br \/>\nUm 15:10 konnte die Einsatzbereitschaft wieder herstellen.<\/p>\n<p>Im Einsatz befindliche Fahrzeuge: RLF-A 2000, KDO<br \/>\nMannschaftsst\u00e4rke: 11<br \/>\nsonstige Einsatzkr\u00e4fte: Polizei, RK G\u00e4nserndorf<\/p>\n<p><a href=\"https:\/\/www.feuerwehr-matzen.at\/wp-content\/uploads\/2014\/08\/DSC09416.jpg\"><img loading=\"lazy\" decoding=\"async\" src=\"https:\/\/www.feuerwehr-matzen.at\/wp-content\/uploads\/2014\/08\/DSC09416-150x150.jpg\" alt=\"DSC09416\" width=\"150\" height=\"150\" class=\"alignleft size-thumbnail wp-image-4060\" \/><\/a><\/p>\n<p><a href=\"https:\/\/www.feuerwehr-matzen.at\/wp-content\/uploads\/2014\/08\/DSC09429.jpg\"><img loading=\"lazy\" decoding=\"async\" src=\"https:\/\/www.feuerwehr-matzen.at\/wp-content\/uploads\/2014\/08\/DSC09429-150x150.jpg\" alt=\"DSC09429\" width=\"150\" height=\"150\" class=\"alignleft size-thumbnail wp-image-4062\" \/><\/a><\/p>\n<p><a href=\"https:\/\/www.feuerwehr-matzen.at\/wp-content\/uploads\/2014\/08\/DSC09427.jpg\"><img loading=\"lazy\" decoding=\"async\" src=\"https:\/\/www.feuerwehr-matzen.at\/wp-content\/uploads\/2014\/08\/DSC09427-150x150.jpg\" alt=\"DSC09427\" width=\"150\" height=\"150\" class=\"alignleft size-thumbnail wp-image-4061\" \/><\/a><\/p>\n","protected":false},"excerpt":{"rendered":"<p>Brandverdacht Am 26. August 2014 wurde die Feuerwehr Matzen um 14:28 Uhr mittels Sirene, Pager und SMS-Alarm zu einem Brandverdacht aufgrund von Rauchentwicklung in der Lebenshilfe-Werkst\u00e4tte alarmiert. Kurz darauf r\u00fcckten 11 Mann mit 2 Fahrzeugen zum Einsatzort auf der Reyersdorferstra\u00dfe <a class=\"more-link\" href=\"https:\/\/www.feuerwehr-matzen.at\/?page_id=4063\">weiterlesen  <span class=\"screen-reader-text\">  26. August 2014<\/span><span class=\"meta-nav\">&rarr;<\/span><\/a><\/p>\n","protected":false},"author":6,"featured_media":0,"parent":0,"menu_order":0,"comment_status":"closed","ping_status":"closed","template":"","meta":{"footnotes":""},"class_list":["post-4063","page","type-page","status-publish","hentry"],"_links":{"self":[{"href":"https:\/\/www.feuerwehr-matzen.at\/index.php?rest_route=\/wp\/v2\/pages\/4063","targetHints":{"allow":["GET"]}}],"collection":[{"href":"https:\/\/www.feuerwehr-matzen.at\/index.php?rest_route=\/wp\/v2\/pages"}],"about":[{"href":"https:\/\/www.feuerwehr-matzen.at\/index.php?rest_route=\/wp\/v2\/types\/page"}],"author":[{"embeddable":true,"href":"https:\/\/www.feuerwehr-matzen.at\/index.php?rest_route=\/wp\/v2\/users\/6"}],"replies":[{"embeddable":true,"href":"https:\/\/www.feuerwehr-matzen.at\/index.php?rest_route=%2Fwp%2Fv2%2Fcomments&post=4063"}],"version-history":[{"count":1,"href":"https:\/\/www.feuerwehr-matzen.at\/index.php?rest_route=\/wp\/v2\/pages\/4063\/revisions"}],"predecessor-version":[{"id":4064,"href":"https:\/\/www.feuerwehr-matzen.at\/index.php?rest_route=\/wp\/v2\/pages\/4063\/revisions\/4064"}],"wp:attachment":[{"href":"https:\/\/www.feuerwehr-matzen.at\/index.php?rest_route=%2Fwp%2Fv2%2Fmedia&parent=4063"}],"curies":[{"name":"wp","href":"https:\/\/api.w.org\/{rel}","templated":true}]}}