{"id":4085,"date":"2014-09-11T15:24:58","date_gmt":"2014-09-11T13:24:58","guid":{"rendered":"http:\/\/www.feuerwehr-matzen.at\/?page_id=4085"},"modified":"2020-09-18T14:15:23","modified_gmt":"2020-09-18T12:15:23","slug":"11-septermber-2014","status":"publish","type":"page","link":"https:\/\/www.feuerwehr-matzen.at\/?page_id=4085","title":{"rendered":"11. Septermber 2014"},"content":{"rendered":"<p><strong>LKW gegen PKW<\/strong><a title=\"Eins\u00e4tze\" href=\"https:\/\/www.feuerwehr-matzen.at\/?page_id=3773\"><img loading=\"lazy\" decoding=\"async\" class=\"alignright size-full wp-image-1833\" alt=\"return\" src=\"https:\/\/www.feuerwehr-matzen.at\/wp-content\/uploads\/2013\/07\/return.jpg\" width=\"65\" height=\"30\" \/><\/a><\/p>\n<p>Am 11. September 2014 wurde die Feuerwehr Matzen um 11:55 Uhr mittels Sirene, Pager und SMS-Alarm zu einem Verkehrsunfall zwischen einem LKW und einem PKW alarmiert. Unverz\u00fcglich r\u00fcckten 8 Mann mit 3 Fahrzeugen zum Einsatzort auf der Spannbergerstra\u00dfe aus.<br \/>\nAn der Unfallstelle angekommen, wurden die beiden verletzten Personen bereits von Feuerwehrarzt Dr. Huber betreut. Umgehend wurde die Einsatzstelle abgesichert und die Batterie des PKWs abgeklemmt. W\u00e4hrenddessen wurden die Verletzten durch das RK G\u00e4nserndorf ins Krankenhaus Mistelbach verbracht. Nach Einrichtung einer Umleitung und der Freigabe der Unfallfahrzeuge durch die Polizei, konnte mit der Fahrzeugbergung begonnen werden. Der LKW wurde vom firmeneigenem Serviceteam wieder fahrt\u00fcchtig gemacht und der PKW mittels Abschleppachse auf einen von der Polizei zugewiesenem Platz abgestellt. Nachdem die Verkehrsfl\u00e4chen gereinigt wurden konnten alle Einsatzkr\u00e4fte abr\u00fccken. Nach rund einer Stunde wurde die Einsatzbereitschaft wieder hergestellt.<\/p>\n<p>Im Einsatz befindliche Fahrzeuge: RLF-A 2000, KDO, LAST<br \/>\nMannschaftsst\u00e4rke: 8<br \/>\nsonstige Einsatzkr\u00e4fte: Polizei, RK G\u00e4nserndorf<\/p>\n<p><a href=\"https:\/\/www.feuerwehr-matzen.at\/wp-content\/uploads\/2014\/09\/DSC09480.jpg\"><img loading=\"lazy\" decoding=\"async\" src=\"https:\/\/www.feuerwehr-matzen.at\/wp-content\/uploads\/2014\/09\/DSC09480-150x150.jpg\" alt=\"DSC09480\" width=\"150\" height=\"150\" class=\"alignleft size-thumbnail wp-image-4086\" \/><\/a><\/p>\n<p><a href=\"https:\/\/www.feuerwehr-matzen.at\/wp-content\/uploads\/2014\/09\/DSC09490.jpg\"><img loading=\"lazy\" decoding=\"async\" src=\"https:\/\/www.feuerwehr-matzen.at\/wp-content\/uploads\/2014\/09\/DSC09490-150x150.jpg\" alt=\"DSC09490\" width=\"150\" height=\"150\" class=\"alignleft size-thumbnail wp-image-4089\" \/><\/a><\/p>\n<p><a href=\"https:\/\/www.feuerwehr-matzen.at\/wp-content\/uploads\/2014\/09\/DSC09485.jpg\"><img loading=\"lazy\" decoding=\"async\" src=\"https:\/\/www.feuerwehr-matzen.at\/wp-content\/uploads\/2014\/09\/DSC09485-150x150.jpg\" alt=\"DSC09485\" width=\"150\" height=\"150\" class=\"alignleft size-thumbnail wp-image-4088\" \/><\/a><\/p>\n<p><a href=\"https:\/\/www.feuerwehr-matzen.at\/wp-content\/uploads\/2014\/09\/DSC09484.jpg\"><img loading=\"lazy\" decoding=\"async\" src=\"https:\/\/www.feuerwehr-matzen.at\/wp-content\/uploads\/2014\/09\/DSC09484-150x150.jpg\" alt=\"DSC09484\" width=\"150\" height=\"150\" class=\"alignleft size-thumbnail wp-image-4087\" \/><\/a><\/p>\n","protected":false},"excerpt":{"rendered":"<p>LKW gegen PKW Am 11. September 2014 wurde die Feuerwehr Matzen um 11:55 Uhr mittels Sirene, Pager und SMS-Alarm zu einem Verkehrsunfall zwischen einem LKW und einem PKW alarmiert. Unverz\u00fcglich r\u00fcckten 8 Mann mit 3 Fahrzeugen zum Einsatzort auf der <a class=\"more-link\" href=\"https:\/\/www.feuerwehr-matzen.at\/?page_id=4085\">weiterlesen  <span class=\"screen-reader-text\">  11. Septermber 2014<\/span><span class=\"meta-nav\">&rarr;<\/span><\/a><\/p>\n","protected":false},"author":6,"featured_media":0,"parent":0,"menu_order":0,"comment_status":"closed","ping_status":"closed","template":"","meta":{"footnotes":""},"class_list":["post-4085","page","type-page","status-publish","hentry"],"_links":{"self":[{"href":"https:\/\/www.feuerwehr-matzen.at\/index.php?rest_route=\/wp\/v2\/pages\/4085","targetHints":{"allow":["GET"]}}],"collection":[{"href":"https:\/\/www.feuerwehr-matzen.at\/index.php?rest_route=\/wp\/v2\/pages"}],"about":[{"href":"https:\/\/www.feuerwehr-matzen.at\/index.php?rest_route=\/wp\/v2\/types\/page"}],"author":[{"embeddable":true,"href":"https:\/\/www.feuerwehr-matzen.at\/index.php?rest_route=\/wp\/v2\/users\/6"}],"replies":[{"embeddable":true,"href":"https:\/\/www.feuerwehr-matzen.at\/index.php?rest_route=%2Fwp%2Fv2%2Fcomments&post=4085"}],"version-history":[{"count":5,"href":"https:\/\/www.feuerwehr-matzen.at\/index.php?rest_route=\/wp\/v2\/pages\/4085\/revisions"}],"predecessor-version":[{"id":4094,"href":"https:\/\/www.feuerwehr-matzen.at\/index.php?rest_route=\/wp\/v2\/pages\/4085\/revisions\/4094"}],"wp:attachment":[{"href":"https:\/\/www.feuerwehr-matzen.at\/index.php?rest_route=%2Fwp%2Fv2%2Fmedia&parent=4085"}],"curies":[{"name":"wp","href":"https:\/\/api.w.org\/{rel}","templated":true}]}}