{"id":4120,"date":"2015-01-13T15:28:48","date_gmt":"2015-01-13T13:28:48","guid":{"rendered":"http:\/\/www.feuerwehr-matzen.at\/?page_id=4120"},"modified":"2020-09-18T14:15:23","modified_gmt":"2020-09-18T12:15:23","slug":"10-jaenner","status":"publish","type":"page","link":"https:\/\/www.feuerwehr-matzen.at\/?page_id=4120","title":{"rendered":"10. J\u00e4nner 2015"},"content":{"rendered":"<p><strong>Feuerwehrball<\/strong><a title=\"Veranstaltungen 2015\" href=\"https:\/\/www.feuerwehr-matzen.at\/?page_id=4118\"><img loading=\"lazy\" decoding=\"async\" class=\"alignright size-full wp-image-1833\" alt=\"return\" src=\"https:\/\/www.feuerwehr-matzen.at\/wp-content\/uploads\/2013\/07\/return.jpg\" width=\"65\" height=\"30\" \/><\/a><\/p>\n<p>Am 10. J\u00e4nner 2015 startete die Ballsaison durch den Feuerwehrball. Nach einer Polonaise und den Begr\u00fc\u00dfungsworten des Kommandanten HBI Neubauer Manfred, wurde der Feuerwehrball durch einen Walzer der Ehrendamen mit den Feuerwehrkameraden er\u00f6ffnet.<br \/>\n\u201eMike\u00b4s Crew\u201c sorgte mit ihren Kl\u00e4ngen f\u00fcr gute Stimmung und eine volle Tanzfl\u00e4che. Die zahlreichen G\u00e4ste tanzten bis in die fr\u00fchen Morgenstunden. Punkt Mitternacht wurden die zahlreichen Tombolatreffer verlost, wobei es viele gl\u00fcckliche Gewinner gegeben hatte. Wir m\u00f6chten uns auf diesem Weg nochmals recht herzlich bei allen Spendern bedanken.<br \/>\nF\u00fcr das leibliche Wohl der Ballg\u00e4ste sorgte \u201eCafe Optimum \u201c.  Wir m\u00f6chten uns bei allen Besuchern bedanken und hoffen das der Ball noch l\u00e4nger in Erinnerung bleibt. <\/p>\n<p><a href=\"https:\/\/www.feuerwehr-matzen.at\/wp-content\/uploads\/2015\/01\/IMAG0321.jpg\"><img loading=\"lazy\" decoding=\"async\" src=\"https:\/\/www.feuerwehr-matzen.at\/wp-content\/uploads\/2015\/01\/IMAG0321-150x150.jpg\" alt=\"IMAG0321\" width=\"150\" height=\"150\" class=\"alignleft size-thumbnail wp-image-4122\" \/><\/a><\/p>\n<p><a href=\"https:\/\/www.feuerwehr-matzen.at\/wp-content\/uploads\/2015\/01\/IMAG0326.jpg\"><img loading=\"lazy\" decoding=\"async\" src=\"https:\/\/www.feuerwehr-matzen.at\/wp-content\/uploads\/2015\/01\/IMAG0326-150x150.jpg\" alt=\"IMAG0326\" width=\"150\" height=\"150\" class=\"alignleft size-thumbnail wp-image-4123\" \/><\/a><\/p>\n<p><a href=\"https:\/\/www.feuerwehr-matzen.at\/wp-content\/uploads\/2015\/01\/IMAG0330.jpg\"><img loading=\"lazy\" decoding=\"async\" src=\"https:\/\/www.feuerwehr-matzen.at\/wp-content\/uploads\/2015\/01\/IMAG0330-150x150.jpg\" alt=\"IMAG0330\" width=\"150\" height=\"150\" class=\"alignleft size-thumbnail wp-image-4124\" \/><\/a><\/p>\n<p><a href=\"https:\/\/www.feuerwehr-matzen.at\/wp-content\/uploads\/2015\/01\/IMAG0331.jpg\"><img loading=\"lazy\" decoding=\"async\" src=\"https:\/\/www.feuerwehr-matzen.at\/wp-content\/uploads\/2015\/01\/IMAG0331-150x150.jpg\" alt=\"IMAG0331\" width=\"150\" height=\"150\" class=\"alignleft size-thumbnail wp-image-4125\" \/><\/a><\/p>\n<p><a href=\"https:\/\/www.feuerwehr-matzen.at\/wp-content\/uploads\/2015\/01\/IMAG0336.jpg\"><img loading=\"lazy\" decoding=\"async\" src=\"https:\/\/www.feuerwehr-matzen.at\/wp-content\/uploads\/2015\/01\/IMAG0336-150x150.jpg\" alt=\"IMAG0336\" width=\"150\" height=\"150\" class=\"alignleft size-thumbnail wp-image-4126\" \/><\/a><\/p>\n<p><a href=\"https:\/\/www.feuerwehr-matzen.at\/wp-content\/uploads\/2015\/01\/IMAG0340.jpg\"><img loading=\"lazy\" decoding=\"async\" src=\"https:\/\/www.feuerwehr-matzen.at\/wp-content\/uploads\/2015\/01\/IMAG0340-150x150.jpg\" alt=\"IMAG0340\" width=\"150\" height=\"150\" class=\"alignleft size-thumbnail wp-image-4127\" \/><\/a><\/p>\n<p><a href=\"https:\/\/www.feuerwehr-matzen.at\/wp-content\/uploads\/2015\/01\/IMAG0343.jpg\"><img loading=\"lazy\" decoding=\"async\" src=\"https:\/\/www.feuerwehr-matzen.at\/wp-content\/uploads\/2015\/01\/IMAG0343-150x150.jpg\" alt=\"IMAG0343\" width=\"150\" height=\"150\" class=\"alignleft size-thumbnail wp-image-4128\" \/><\/a><\/p>\n<p><a href=\"https:\/\/www.feuerwehr-matzen.at\/wp-content\/uploads\/2015\/01\/IMAG0345.jpg\"><img loading=\"lazy\" decoding=\"async\" src=\"https:\/\/www.feuerwehr-matzen.at\/wp-content\/uploads\/2015\/01\/IMAG0345-150x150.jpg\" alt=\"IMAG0345\" width=\"150\" height=\"150\" class=\"alignleft size-thumbnail wp-image-4129\" \/><\/a><\/p>\n","protected":false},"excerpt":{"rendered":"<p>Feuerwehrball Am 10. J\u00e4nner 2015 startete die Ballsaison durch den Feuerwehrball. Nach einer Polonaise und den Begr\u00fc\u00dfungsworten des Kommandanten HBI Neubauer Manfred, wurde der Feuerwehrball durch einen Walzer der Ehrendamen mit den Feuerwehrkameraden er\u00f6ffnet. \u201eMike\u00b4s Crew\u201c sorgte mit ihren Kl\u00e4ngen <a class=\"more-link\" href=\"https:\/\/www.feuerwehr-matzen.at\/?page_id=4120\">weiterlesen  <span class=\"screen-reader-text\">  10. J\u00e4nner 2015<\/span><span class=\"meta-nav\">&rarr;<\/span><\/a><\/p>\n","protected":false},"author":6,"featured_media":0,"parent":0,"menu_order":0,"comment_status":"closed","ping_status":"closed","template":"","meta":{"footnotes":""},"class_list":["post-4120","page","type-page","status-publish","hentry"],"_links":{"self":[{"href":"https:\/\/www.feuerwehr-matzen.at\/index.php?rest_route=\/wp\/v2\/pages\/4120","targetHints":{"allow":["GET"]}}],"collection":[{"href":"https:\/\/www.feuerwehr-matzen.at\/index.php?rest_route=\/wp\/v2\/pages"}],"about":[{"href":"https:\/\/www.feuerwehr-matzen.at\/index.php?rest_route=\/wp\/v2\/types\/page"}],"author":[{"embeddable":true,"href":"https:\/\/www.feuerwehr-matzen.at\/index.php?rest_route=\/wp\/v2\/users\/6"}],"replies":[{"embeddable":true,"href":"https:\/\/www.feuerwehr-matzen.at\/index.php?rest_route=%2Fwp%2Fv2%2Fcomments&post=4120"}],"version-history":[{"count":7,"href":"https:\/\/www.feuerwehr-matzen.at\/index.php?rest_route=\/wp\/v2\/pages\/4120\/revisions"}],"predecessor-version":[{"id":4220,"href":"https:\/\/www.feuerwehr-matzen.at\/index.php?rest_route=\/wp\/v2\/pages\/4120\/revisions\/4220"}],"wp:attachment":[{"href":"https:\/\/www.feuerwehr-matzen.at\/index.php?rest_route=%2Fwp%2Fv2%2Fmedia&parent=4120"}],"curies":[{"name":"wp","href":"https:\/\/api.w.org\/{rel}","templated":true}]}}