{"id":4136,"date":"2015-01-13T15:36:24","date_gmt":"2015-01-13T13:36:24","guid":{"rendered":"http:\/\/www.feuerwehr-matzen.at\/?page_id=4136"},"modified":"2020-09-18T14:15:23","modified_gmt":"2020-09-18T12:15:23","slug":"15-november-2014","status":"publish","type":"page","link":"https:\/\/www.feuerwehr-matzen.at\/?page_id=4136","title":{"rendered":"15. November 2014"},"content":{"rendered":"<p><strong>Gro\u00df\u00fcbung in Strasshof<\/strong><a title=\"\u00dcbungen 2014\" href=\"https:\/\/www.feuerwehr-matzen.at\/?page_id=3891\"><img loading=\"lazy\" decoding=\"async\" class=\"alignright size-full wp-image-1833\" alt=\"return\" src=\"https:\/\/www.feuerwehr-matzen.at\/wp-content\/uploads\/2013\/07\/return.jpg\" width=\"65\" height=\"30\" \/><\/a><\/p>\n<p>Am 15. November fand die Unterabschnitts\u00fcbung des Unterabschnittes G\u00e4nserndorf in Strasshof statt. \u00dcbungsannahme der beiden \u00dcbungsszenarien war ein Brand in der Europamittelschule und ebenfalls ein Brand in der Volksschule Strasshof. Da die beiden Geb\u00e4ude seit dem Neubau der EMS nun \u00f6rtlich von einander getrennt sind mussten zwei \u00dcbungen abgehalten werden.<br \/>\n\u00dcbungsannahme war, dass in beiden\u00a0Schulen noch Kinder eingeschlossen sind, welche mit Hilfe von Atemschutztrupps, sowie mittels der Drehleiter Strasshof und der Teleskopmastb\u00fchne der FF Deutsch\u00a0Wagram gerettet werden mussten. Auf Grund der schwierigen Sichtverh\u00e4ltnisse (simulierter Brandrauch) im Geb\u00e4ude, wurde den zahlreichen Atemschutztrupps \u00a0die Arbeit noch zus\u00e4tzlich erschwert.\u00a0Nach etwa\u00a0eineinhalb Stunden\u00a0konnte die \u00dcbung bei der EMS Strasshof beendet werden. Anschlie\u00dfend daran\u00a0machten sich die Einsatzkr\u00e4fte auf den Weg zur n\u00e4chsten \u00dcbung, in die Volksschule Strasshof, wo dasselbe Szenario auf\u00a0die Kameraden\u00a0wartete.\u00a0Nach einer Stunden waren auch hier alle Personen in Sicherheit gebracht.\u00a0<br \/>\nTeilgenommen haben die FF Deutsch-Wagram, FF Matzen, FF Sch\u00f6nkirchen-Reyersdorf, FF Auerstahl, FF D\u00f6rfles, FF Markgrafneusiedl, FF Gro\u00df Schweinbarth und die FF Strasshof, welche auch f\u00fcr die \u00dcbungsausarbeitung verantwortlich war. Vor Ort waren auch\u00a0unser\u00a0Feuerwehrarzt \u00a0Dr. Johann Cserko sowie eine Funkstreife der Polizei. Die beiden Hausherren B\u00fcrgermeister LM Ludwig Deltl sowie Vizeb\u00fcrgermeister DI Walter Vock machten sich ebenfalls pers\u00f6nlich ein Bild von der Arbeit aller eingesetzten Feuerwehrkr\u00e4fte.<br \/>\nWir bedanken uns bei den Schulleitungen der Europamittelschule und Volksschule Strasshof f\u00fcr die hervorragende Kooperation vor und w\u00e4hrend der \u00dcbung.<br \/>\n\t\t\t\t\t\t\t\t\t\t\t\tQuelle: FF Strasshof<\/p>\n<p><a href=\"https:\/\/www.feuerwehr-matzen.at\/wp-content\/uploads\/2015\/01\/DSC09694.jpg\"><img loading=\"lazy\" decoding=\"async\" src=\"https:\/\/www.feuerwehr-matzen.at\/wp-content\/uploads\/2015\/01\/DSC09694-150x150.jpg\" alt=\"DSC09694\" width=\"150\" height=\"150\" class=\"alignleft size-thumbnail wp-image-4137\" \/><\/a><\/p>\n<p><a href=\"https:\/\/www.feuerwehr-matzen.at\/wp-content\/uploads\/2015\/01\/DSC09696.jpg\"><img loading=\"lazy\" decoding=\"async\" src=\"https:\/\/www.feuerwehr-matzen.at\/wp-content\/uploads\/2015\/01\/DSC09696-150x150.jpg\" alt=\"DSC09696\" width=\"150\" height=\"150\" class=\"alignleft size-thumbnail wp-image-4138\" \/><\/a><\/p>\n<p><a href=\"https:\/\/www.feuerwehr-matzen.at\/wp-content\/uploads\/2015\/01\/DSC09700.jpg\"><img loading=\"lazy\" decoding=\"async\" src=\"https:\/\/www.feuerwehr-matzen.at\/wp-content\/uploads\/2015\/01\/DSC09700-150x150.jpg\" alt=\"DSC09700\" width=\"150\" height=\"150\" class=\"alignleft size-thumbnail wp-image-4139\" \/><\/a><\/p>\n<p><a href=\"https:\/\/www.feuerwehr-matzen.at\/wp-content\/uploads\/2015\/01\/DSC09703.jpg\"><img loading=\"lazy\" decoding=\"async\" src=\"https:\/\/www.feuerwehr-matzen.at\/wp-content\/uploads\/2015\/01\/DSC09703-150x150.jpg\" alt=\"DSC09703\" width=\"150\" height=\"150\" class=\"alignleft size-thumbnail wp-image-4140\" \/><\/a><\/p>\n<p><a href=\"https:\/\/www.feuerwehr-matzen.at\/wp-content\/uploads\/2015\/01\/DSC09706.jpg\"><img loading=\"lazy\" decoding=\"async\" src=\"https:\/\/www.feuerwehr-matzen.at\/wp-content\/uploads\/2015\/01\/DSC09706-150x150.jpg\" alt=\"DSC09706\" width=\"150\" height=\"150\" class=\"alignleft size-thumbnail wp-image-4141\" \/><\/a><\/p>\n<p><a href=\"https:\/\/www.feuerwehr-matzen.at\/wp-content\/uploads\/2015\/01\/DSC09718.jpg\"><img loading=\"lazy\" decoding=\"async\" src=\"https:\/\/www.feuerwehr-matzen.at\/wp-content\/uploads\/2015\/01\/DSC09718-150x150.jpg\" alt=\"DSC09718\" width=\"150\" height=\"150\" class=\"alignleft size-thumbnail wp-image-4142\" \/><\/a><\/p>\n","protected":false},"excerpt":{"rendered":"<p>Gro\u00df\u00fcbung in Strasshof Am 15. November fand die Unterabschnitts\u00fcbung des Unterabschnittes G\u00e4nserndorf in Strasshof statt. \u00dcbungsannahme der beiden \u00dcbungsszenarien war ein Brand in der Europamittelschule und ebenfalls ein Brand in der Volksschule Strasshof. Da die beiden Geb\u00e4ude seit dem Neubau <a class=\"more-link\" href=\"https:\/\/www.feuerwehr-matzen.at\/?page_id=4136\">weiterlesen  <span class=\"screen-reader-text\">  15. November 2014<\/span><span class=\"meta-nav\">&rarr;<\/span><\/a><\/p>\n","protected":false},"author":6,"featured_media":0,"parent":0,"menu_order":0,"comment_status":"closed","ping_status":"closed","template":"","meta":{"footnotes":""},"class_list":["post-4136","page","type-page","status-publish","hentry"],"_links":{"self":[{"href":"https:\/\/www.feuerwehr-matzen.at\/index.php?rest_route=\/wp\/v2\/pages\/4136","targetHints":{"allow":["GET"]}}],"collection":[{"href":"https:\/\/www.feuerwehr-matzen.at\/index.php?rest_route=\/wp\/v2\/pages"}],"about":[{"href":"https:\/\/www.feuerwehr-matzen.at\/index.php?rest_route=\/wp\/v2\/types\/page"}],"author":[{"embeddable":true,"href":"https:\/\/www.feuerwehr-matzen.at\/index.php?rest_route=\/wp\/v2\/users\/6"}],"replies":[{"embeddable":true,"href":"https:\/\/www.feuerwehr-matzen.at\/index.php?rest_route=%2Fwp%2Fv2%2Fcomments&post=4136"}],"version-history":[{"count":1,"href":"https:\/\/www.feuerwehr-matzen.at\/index.php?rest_route=\/wp\/v2\/pages\/4136\/revisions"}],"predecessor-version":[{"id":4143,"href":"https:\/\/www.feuerwehr-matzen.at\/index.php?rest_route=\/wp\/v2\/pages\/4136\/revisions\/4143"}],"wp:attachment":[{"href":"https:\/\/www.feuerwehr-matzen.at\/index.php?rest_route=%2Fwp%2Fv2%2Fmedia&parent=4136"}],"curies":[{"name":"wp","href":"https:\/\/api.w.org\/{rel}","templated":true}]}}