{"id":4155,"date":"2015-02-10T10:52:23","date_gmt":"2015-02-10T08:52:23","guid":{"rendered":"http:\/\/www.feuerwehr-matzen.at\/?page_id=4155"},"modified":"2020-09-18T14:15:11","modified_gmt":"2020-09-18T12:15:11","slug":"09-februar-2015-2","status":"publish","type":"page","link":"https:\/\/www.feuerwehr-matzen.at\/?page_id=4155","title":{"rendered":"09. Februar 2015"},"content":{"rendered":"<p><strong>LKW-Bergung<\/strong><a title=\"Eins\u00e4tze\" href=\"https:\/\/www.feuerwehr-matzen.at\/?page_id=4106\"><img loading=\"lazy\" decoding=\"async\" class=\"alignright size-full wp-image-1833\" alt=\"return\" src=\"https:\/\/www.feuerwehr-matzen.at\/wp-content\/uploads\/2013\/07\/return.jpg\" width=\"65\" height=\"30\" \/><\/a><\/p>\n<p>am 09. Februar wurde die Feuerwehr Matzen um 11:07 mittels Sirene und Pager zu einer LKW-Bergung Richtung Spannberg gerufen. In Fahrtrichtung Matzen ist ein LKW trotz Ketten auf Grund der Schneefahrbahn bergauf h\u00e4ngen geblieben und konnte sich nicht mehr aus eigener Kraft befreien. Kurz nach der Alarmierung r\u00fcckten 6 Kameraden mit dem RLF zum Einsatzort aus. Von unserer Seite wurde f\u00fcr die Dauer der Bergung eine Totalsperre eingerichtet und der LKW mittels Abschleppstange vom RLF den Berg hinaufgezogen. Nach rund einer Stunde konnte die Einsatzbereitschaft wiederhergestellt werden.<\/p>\n<p>Im Einsatz befindliche Fahrzeuge: RLF-A 2000<br \/>\nMannschaftsst\u00e4rke: 6<\/p>\n","protected":false},"excerpt":{"rendered":"<p>LKW-Bergung am 09. Februar wurde die Feuerwehr Matzen um 11:07 mittels Sirene und Pager zu einer LKW-Bergung Richtung Spannberg gerufen. In Fahrtrichtung Matzen ist ein LKW trotz Ketten auf Grund der Schneefahrbahn bergauf h\u00e4ngen geblieben und konnte sich nicht mehr <a class=\"more-link\" href=\"https:\/\/www.feuerwehr-matzen.at\/?page_id=4155\">weiterlesen  <span class=\"screen-reader-text\">  09. Februar 2015<\/span><span class=\"meta-nav\">&rarr;<\/span><\/a><\/p>\n","protected":false},"author":6,"featured_media":0,"parent":0,"menu_order":0,"comment_status":"closed","ping_status":"closed","template":"","meta":{"footnotes":""},"class_list":["post-4155","page","type-page","status-publish","hentry"],"_links":{"self":[{"href":"https:\/\/www.feuerwehr-matzen.at\/index.php?rest_route=\/wp\/v2\/pages\/4155","targetHints":{"allow":["GET"]}}],"collection":[{"href":"https:\/\/www.feuerwehr-matzen.at\/index.php?rest_route=\/wp\/v2\/pages"}],"about":[{"href":"https:\/\/www.feuerwehr-matzen.at\/index.php?rest_route=\/wp\/v2\/types\/page"}],"author":[{"embeddable":true,"href":"https:\/\/www.feuerwehr-matzen.at\/index.php?rest_route=\/wp\/v2\/users\/6"}],"replies":[{"embeddable":true,"href":"https:\/\/www.feuerwehr-matzen.at\/index.php?rest_route=%2Fwp%2Fv2%2Fcomments&post=4155"}],"version-history":[{"count":1,"href":"https:\/\/www.feuerwehr-matzen.at\/index.php?rest_route=\/wp\/v2\/pages\/4155\/revisions"}],"predecessor-version":[{"id":4156,"href":"https:\/\/www.feuerwehr-matzen.at\/index.php?rest_route=\/wp\/v2\/pages\/4155\/revisions\/4156"}],"wp:attachment":[{"href":"https:\/\/www.feuerwehr-matzen.at\/index.php?rest_route=%2Fwp%2Fv2%2Fmedia&parent=4155"}],"curies":[{"name":"wp","href":"https:\/\/api.w.org\/{rel}","templated":true}]}}