{"id":4158,"date":"2015-02-20T10:53:27","date_gmt":"2015-02-20T08:53:27","guid":{"rendered":"http:\/\/www.feuerwehr-matzen.at\/?page_id=4158"},"modified":"2020-09-18T14:15:23","modified_gmt":"2020-09-18T12:15:23","slug":"18-februar-2015","status":"publish","type":"page","link":"https:\/\/www.feuerwehr-matzen.at\/?page_id=4158","title":{"rendered":"18. Februar 2015"},"content":{"rendered":"<p><strong>Fahrzeugbergung nach \u00dcberschlag<\/strong><a title=\"Eins\u00e4tze\" href=\"https:\/\/www.feuerwehr-matzen.at\/?page_id=4106\"><img loading=\"lazy\" decoding=\"async\" class=\"alignright size-full wp-image-1833\" alt=\"return\" src=\"https:\/\/www.feuerwehr-matzen.at\/wp-content\/uploads\/2013\/07\/return.jpg\" width=\"65\" height=\"30\" \/><\/a><\/p>\n<p>Am 18. Februar 2015 wurde die Feuerwehr Matzen um 15:33 Uhr mittels Sirene, SMS-Alarm und Pager zu einer Fahrzeugbergung auf die L3159 Richtung G\u00e4nserndorf alarmiert. Ein Fahrzeug kam in einer Linkskurve von der Fahrbahn, \u00fcberschlug sich in einem angrenzendem Feld und kam in Folge am Dach zum Stillstand. Da sich der Unfallort im Einsatzbegiet der Feuerwehr Sch\u00f6nkirchen-Reyersdorf befand, wurde diese ebenfalls alarmiert.<br \/>\nNur wenige Minuten nach der Alarmierung r\u00fcckten 9 Mann mit dem RLF Matzen zur Ungl\u00fccksstelle aus. Nach der Erkundung mit der gleichzeitig eingetroffenen Nachbarfeuerwehr, wurde die Vorgehensweise abgesprochen und die Unfallstelle unverz\u00fcglich abgesichert. Der leicht verletzte PKW-Lenker wurde bereits vom Roten Kreuz erstversorgt. Nach der Freigabe durch die Polizei wurde das Fahrzeug durch das RLF Matzen wieder auf die R\u00e4der und mittels Seilwinde des RLF Sch\u00f6nkirchen auf die Stra\u00dfe gezogen. Nachdem alle ausgelaufenen Fl\u00fcssigkeiten gebunden und die Verkehrsfl\u00e4chen gereinigt wurden, konnte die Feuerwehr Matzen wieder abr\u00fccken. Die Feuerwehr Sch\u00f6nkirchen-Reyesdorf konnte nachdem gesichertem Abstellen des Unfallwrack ebenfalls wieder einr\u00fccken. Nach rund 90 Minuten konnte die Einsatzbereitschaft wieder hergestellt werden.<\/p>\n<p>Im Einsatz befindliche Fahrzeuge: RLF-A 2000<br \/>\nMannschaftsst\u00e4rke: 9<br \/>\nsonstige Einsatzkr\u00e4fte: Feuerwehr Sch\u00f6nkirchen-Reyersdorf, Polizei, RK G\u00e4nserndorf<\/p>\n<p><a href=\"https:\/\/www.feuerwehr-matzen.at\/wp-content\/uploads\/2015\/02\/DSC09784.jpg\"><img loading=\"lazy\" decoding=\"async\" src=\"https:\/\/www.feuerwehr-matzen.at\/wp-content\/uploads\/2015\/02\/DSC09784-150x150.jpg\" alt=\"DSC09784\" width=\"150\" height=\"150\" class=\"alignleft size-thumbnail wp-image-4159\" \/><\/a><\/p>\n<p><a href=\"https:\/\/www.feuerwehr-matzen.at\/wp-content\/uploads\/2015\/02\/DSC09786.jpg\"><img loading=\"lazy\" decoding=\"async\" src=\"https:\/\/www.feuerwehr-matzen.at\/wp-content\/uploads\/2015\/02\/DSC09786-150x150.jpg\" alt=\"DSC09786\" width=\"150\" height=\"150\" class=\"alignleft size-thumbnail wp-image-4160\" \/><\/a><\/p>\n<p><a href=\"https:\/\/www.feuerwehr-matzen.at\/wp-content\/uploads\/2015\/02\/DSC09789.jpg\"><img loading=\"lazy\" decoding=\"async\" src=\"https:\/\/www.feuerwehr-matzen.at\/wp-content\/uploads\/2015\/02\/DSC09789-150x150.jpg\" alt=\"DSC09789\" width=\"150\" height=\"150\" class=\"alignleft size-thumbnail wp-image-4161\" \/><\/a><\/p>\n<p><a href=\"https:\/\/www.feuerwehr-matzen.at\/wp-content\/uploads\/2015\/02\/DSC09794.jpg\"><img loading=\"lazy\" decoding=\"async\" src=\"https:\/\/www.feuerwehr-matzen.at\/wp-content\/uploads\/2015\/02\/DSC09794-150x150.jpg\" alt=\"DSC09794\" width=\"150\" height=\"150\" class=\"alignleft size-thumbnail wp-image-4162\" \/><\/a><\/p>\n<p><a href=\"https:\/\/www.feuerwehr-matzen.at\/wp-content\/uploads\/2015\/02\/DSC09796.jpg\"><img loading=\"lazy\" decoding=\"async\" src=\"https:\/\/www.feuerwehr-matzen.at\/wp-content\/uploads\/2015\/02\/DSC09796-150x150.jpg\" alt=\"DSC09796\" width=\"150\" height=\"150\" class=\"alignleft size-thumbnail wp-image-4163\" \/><\/a><\/p>\n<p><a href=\"https:\/\/www.feuerwehr-matzen.at\/wp-content\/uploads\/2015\/02\/DSC09800.jpg\"><img loading=\"lazy\" decoding=\"async\" src=\"https:\/\/www.feuerwehr-matzen.at\/wp-content\/uploads\/2015\/02\/DSC09800-150x150.jpg\" alt=\"DSC09800\" width=\"150\" height=\"150\" class=\"alignleft size-thumbnail wp-image-4164\" \/><\/a><\/p>\n","protected":false},"excerpt":{"rendered":"<p>Fahrzeugbergung nach \u00dcberschlag Am 18. Februar 2015 wurde die Feuerwehr Matzen um 15:33 Uhr mittels Sirene, SMS-Alarm und Pager zu einer Fahrzeugbergung auf die L3159 Richtung G\u00e4nserndorf alarmiert. Ein Fahrzeug kam in einer Linkskurve von der Fahrbahn, \u00fcberschlug sich in <a class=\"more-link\" href=\"https:\/\/www.feuerwehr-matzen.at\/?page_id=4158\">weiterlesen  <span class=\"screen-reader-text\">  18. Februar 2015<\/span><span class=\"meta-nav\">&rarr;<\/span><\/a><\/p>\n","protected":false},"author":6,"featured_media":0,"parent":0,"menu_order":0,"comment_status":"closed","ping_status":"closed","template":"","meta":{"footnotes":""},"class_list":["post-4158","page","type-page","status-publish","hentry"],"_links":{"self":[{"href":"https:\/\/www.feuerwehr-matzen.at\/index.php?rest_route=\/wp\/v2\/pages\/4158","targetHints":{"allow":["GET"]}}],"collection":[{"href":"https:\/\/www.feuerwehr-matzen.at\/index.php?rest_route=\/wp\/v2\/pages"}],"about":[{"href":"https:\/\/www.feuerwehr-matzen.at\/index.php?rest_route=\/wp\/v2\/types\/page"}],"author":[{"embeddable":true,"href":"https:\/\/www.feuerwehr-matzen.at\/index.php?rest_route=\/wp\/v2\/users\/6"}],"replies":[{"embeddable":true,"href":"https:\/\/www.feuerwehr-matzen.at\/index.php?rest_route=%2Fwp%2Fv2%2Fcomments&post=4158"}],"version-history":[{"count":2,"href":"https:\/\/www.feuerwehr-matzen.at\/index.php?rest_route=\/wp\/v2\/pages\/4158\/revisions"}],"predecessor-version":[{"id":4166,"href":"https:\/\/www.feuerwehr-matzen.at\/index.php?rest_route=\/wp\/v2\/pages\/4158\/revisions\/4166"}],"wp:attachment":[{"href":"https:\/\/www.feuerwehr-matzen.at\/index.php?rest_route=%2Fwp%2Fv2%2Fmedia&parent=4158"}],"curies":[{"name":"wp","href":"https:\/\/api.w.org\/{rel}","templated":true}]}}