{"id":4177,"date":"2015-03-21T10:21:40","date_gmt":"2015-03-21T08:21:40","guid":{"rendered":"http:\/\/www.feuerwehr-matzen.at\/?page_id=4177"},"modified":"2020-09-18T14:15:45","modified_gmt":"2020-09-18T12:15:45","slug":"uebungen-2015","status":"publish","type":"page","link":"https:\/\/www.feuerwehr-matzen.at\/?page_id=4177","title":{"rendered":"\u00dcbungen 2015"},"content":{"rendered":"<table style=\"table-layout: fixed; text-align: left;\" border=\"0\">\n<tbody>\n<tr>\n<th class=\"ffdatum\">10. November<\/th>\n<td class=\"fftext\">Monats\u00fcbung<\/td>\n<td class=\"fffoto\"><a title=\"10. November 2015\" href=\"https:\/\/www.feuerwehr-matzen.at\/?page_id=4391\"><img decoding=\"async\" alt=\"Bericht und Fotos\" src=\"https:\/\/www.feuerwehr-matzen.at\/wp-content\/uploads\/2013\/07\/bericht_bilder.png\" \/><\/a><\/td>\n<\/tr>\n<tr>\n<th class=\"ffdatum\">07. November<\/th>\n<td class=\"fftext\">Atemschutzchallenge<\/td>\n<td class=\"fffoto\"><a title=\"07. November 2015\" href=\"https:\/\/www.feuerwehr-matzen.at\/?page_id=4385\"><img decoding=\"async\" alt=\"Bericht und Fotos\" src=\"https:\/\/www.feuerwehr-matzen.at\/wp-content\/uploads\/2013\/07\/bericht_bilder.png\" \/><\/a><\/td>\n<\/tr>\n<tr>\n<th class=\"ffdatum\">07. November<\/th>\n<td class=\"fftext\">Gasbrandbek\u00e4mpfung<\/td>\n<td class=\"fffoto\"><a title=\"07. November 2015\" href=\"https:\/\/www.feuerwehr-matzen.at\/?page_id=4376\"><img decoding=\"async\" alt=\"Bericht und Fotos\" src=\"https:\/\/www.feuerwehr-matzen.at\/wp-content\/uploads\/2013\/07\/bericht_bilder.png\" \/><\/a><\/td>\n<\/tr>\n<tr>\n<th class=\"ffdatum\">20. Oktober<\/th>\n<td class=\"fftext\">AFK &#8211; Inspektions\u00fcbung<\/td>\n<td class=\"fffoto\"><\/td>\n<\/tr>\n<tr>\n<th class=\"ffdatum\">16. Oktober<\/th>\n<td class=\"fftext\">Monats\u00fcbung &#8211; PKW gegen Baum<\/td>\n<td class=\"fffoto\"><a title=\"16. Oktober 2015\" href=\"https:\/\/www.feuerwehr-matzen.at\/?page_id=4358\"><img decoding=\"async\" alt=\"Bericht und Fotos\" src=\"https:\/\/www.feuerwehr-matzen.at\/wp-content\/uploads\/2013\/07\/bericht_bilder.png\" \/><\/a><\/td>\n<\/tr>\n<tr>\n<th class=\"ffdatum\">03. Oktober<\/th>\n<td class=\"fftext\">AFK &#8211; ATS-Inspektions\u00fcbung<\/td>\n<td class=\"fffoto\"><\/td>\n<\/tr>\n<tr>\n<th class=\"ffdatum\">09. September<\/th>\n<td class=\"fftext\">Monats\u00fcbung &#8211; Retten aus Tiefen, Hebekissen<\/td>\n<td class=\"fffoto\"><a title=\"09. September 2015\" href=\"https:\/\/www.feuerwehr-matzen.at\/?page_id=4291\"><img decoding=\"async\" alt=\"Bericht und Fotos\" src=\"https:\/\/www.feuerwehr-matzen.at\/wp-content\/uploads\/2013\/07\/bericht_bilder.png\" \/><\/a><\/td>\n<\/tr>\n<tr>\n<th class=\"ffdatum\">29. Mai<\/th>\n<td class=\"fftext\">Gesamt\u00fcbung- Verkehrsunfall mit Menschenrettung<\/td>\n<td class=\"fffoto\"><a title=\"29. Mai 2015\" href=\"https:\/\/www.feuerwehr-matzen.at\/?page_id=4203\"><img decoding=\"async\" alt=\"Bericht und Fotos\" src=\"https:\/\/www.feuerwehr-matzen.at\/wp-content\/uploads\/2013\/07\/bericht_bilder.png\" \/><\/a><\/td>\n<\/tr>\n<tr>\n<th class=\"ffdatum\">19. Mai<\/th>\n<td class=\"fftext\">Monats\u00fcbung &#8211; Menschenrettung aus Lage<\/td>\n<td class=\"fffoto\"><a title=\"19. Mai 2015\" href=\"https:\/\/www.feuerwehr-matzen.at\/?page_id=4188\"><img decoding=\"async\" alt=\"Bericht und Fotos\" src=\"https:\/\/www.feuerwehr-matzen.at\/wp-content\/uploads\/2013\/07\/bericht_bilder.png\" \/><\/a><\/td>\n<\/tr>\n<tr>\n<th class=\"ffdatum\">09. M\u00e4rz<\/th>\n<td class=\"fftext\">\u00dcbung &#8211; Verkehrsunfall<\/td>\n<td class=\"fffoto\"><\/td>\n<\/tr>\n<tr>\n<th class=\"ffdatum\">18. Februar<\/th>\n<td class=\"fftext\">Schulung &#8222;Einsatzleitung&#8220;<\/td>\n<td class=\"fffoto\"><\/td>\n<\/tr>\n<tr>\n<th class=\"ffdatum\">13. Februar<\/th>\n<td class=\"fftext\">Schulung &#8222;Einsatzleitung&#8220;<\/td>\n<td class=\"fffoto\"><\/td>\n<\/tr>\n<tr>\n<th class=\"ffdatum\">28. J\u00e4nner<\/th>\n<td class=\"fftext\">Schadstoff-Schulung<\/td>\n<td class=\"fffoto\"><\/td>\n<\/tr>\n<\/tbody>\n<\/table>\n<style><!--\n.ffdatum{width:30%; padding-left:20px; vertical-align:middle;} .fftext{width:60%px; padding-left:5px; vertical-align:middle;} .fffoto{width:10%; vertical-align:middle;}\n--><\/style>\n","protected":false},"excerpt":{"rendered":"<p>10. November Monats\u00fcbung 07. November Atemschutzchallenge 07. November Gasbrandbek\u00e4mpfung 20. Oktober AFK &#8211; Inspektions\u00fcbung 16. Oktober Monats\u00fcbung &#8211; PKW gegen Baum 03. Oktober AFK &#8211; ATS-Inspektions\u00fcbung 09. September Monats\u00fcbung &#8211; Retten aus Tiefen, Hebekissen 29. Mai Gesamt\u00fcbung- Verkehrsunfall mit Menschenrettung <a class=\"more-link\" href=\"https:\/\/www.feuerwehr-matzen.at\/?page_id=4177\">weiterlesen  <span class=\"screen-reader-text\">  \u00dcbungen 2015<\/span><span class=\"meta-nav\">&rarr;<\/span><\/a><\/p>\n","protected":false},"author":6,"featured_media":0,"parent":0,"menu_order":0,"comment_status":"closed","ping_status":"closed","template":"","meta":{"footnotes":""},"class_list":["post-4177","page","type-page","status-publish","hentry"],"_links":{"self":[{"href":"https:\/\/www.feuerwehr-matzen.at\/index.php?rest_route=\/wp\/v2\/pages\/4177","targetHints":{"allow":["GET"]}}],"collection":[{"href":"https:\/\/www.feuerwehr-matzen.at\/index.php?rest_route=\/wp\/v2\/pages"}],"about":[{"href":"https:\/\/www.feuerwehr-matzen.at\/index.php?rest_route=\/wp\/v2\/types\/page"}],"author":[{"embeddable":true,"href":"https:\/\/www.feuerwehr-matzen.at\/index.php?rest_route=\/wp\/v2\/users\/6"}],"replies":[{"embeddable":true,"href":"https:\/\/www.feuerwehr-matzen.at\/index.php?rest_route=%2Fwp%2Fv2%2Fcomments&post=4177"}],"version-history":[{"count":11,"href":"https:\/\/www.feuerwehr-matzen.at\/index.php?rest_route=\/wp\/v2\/pages\/4177\/revisions"}],"predecessor-version":[{"id":4401,"href":"https:\/\/www.feuerwehr-matzen.at\/index.php?rest_route=\/wp\/v2\/pages\/4177\/revisions\/4401"}],"wp:attachment":[{"href":"https:\/\/www.feuerwehr-matzen.at\/index.php?rest_route=%2Fwp%2Fv2%2Fmedia&parent=4177"}],"curies":[{"name":"wp","href":"https:\/\/api.w.org\/{rel}","templated":true}]}}