{"id":4188,"date":"2015-05-23T10:33:38","date_gmt":"2015-05-23T08:33:38","guid":{"rendered":"http:\/\/www.feuerwehr-matzen.at\/?page_id=4188"},"modified":"2020-09-18T14:15:23","modified_gmt":"2020-09-18T12:15:23","slug":"19-mai-2015","status":"publish","type":"page","link":"https:\/\/www.feuerwehr-matzen.at\/?page_id=4188","title":{"rendered":"19. Mai 2015"},"content":{"rendered":"<p><strong>Schulungs\u00fcbung PKW im Bachbett<\/strong><a title=\"\u00dcbungen 2015\" href=\"https:\/\/www.feuerwehr-matzen.at\/?page_id=4177\"><img loading=\"lazy\" decoding=\"async\" class=\"alignright size-full wp-image-1833\" alt=\"return\" src=\"https:\/\/www.feuerwehr-matzen.at\/wp-content\/uploads\/2013\/07\/return.jpg\" width=\"65\" height=\"30\" \/><\/a><\/p>\n<p>Am 19. Mai 2015 fand eine Schulungs\u00fcbung zum Thema PKW im Bachbett statt. Die Florianij\u00fcnger mussten eine eingeklemmte Person aus einem Fahrzeug, das am Dach im Bachbett liegend vorgefunden wurde, befreien. Ziel dieser \u00dcbung war die Abarbeitung der geforderten Arbeitsschritte und des gemeinsam erarbeiteten Rettungsweges.<br \/>\nNach der gemeinsamen Erkundung, wurde die Mannschaft vom Ausbildnerteam ernannten  Gruppenkommandant eingeteilt und die einzelnen Arbeitsschritte festgelegt. Nachdem das Fahrzeug gesichert und die Ger\u00e4tschaften f\u00fcr die Menschenrettung in Stellung gebracht wurden, unterbrachen die Ausbildner, um die n\u00e4chsten Schritte zu besprechen. Jeder der Teilnehmer hatte die M\u00f6glichkeit seinen L\u00f6sungsvorschlag f\u00fcr die Menschenrettung zu erl\u00e4utern. Nachdem sich alle auf den \u201eBesten\u201c geeinigt hatten wurde die Menschenrettung durchgef\u00fchrt. In Folge wurden beide T\u00fcren und die B-S\u00e4ule entfernt, um eine schonende Rettung des Verletzten durchf\u00fchren zu k\u00f6nnen. Zus\u00e4tzlich wurde die geschaffene Seiten\u00f6ffnung durch den Rettungszylinder vergr\u00f6\u00dfert. Zeitgleich wurde versucht, mittels W\u00e4rmebildkamera ein aus dem Fahrzeug geschleudertes Kind im hohen Gras zu finden. Nach der erfolgreichen Menschenrettung wurden alle Arbeitsschritte kurz nachbesprochen, bevor das \u00dcbungsfahrzeug geborgen wurde und die Einsatzkr\u00e4fte wieder abr\u00fccken konnten. <\/p>\n<p><a href=\"https:\/\/www.feuerwehr-matzen.at\/wp-content\/uploads\/2015\/05\/DSC09855.jpg\"><img loading=\"lazy\" decoding=\"async\" src=\"https:\/\/www.feuerwehr-matzen.at\/wp-content\/uploads\/2015\/05\/DSC09855-150x150.jpg\" alt=\"DSC09855\" width=\"150\" height=\"150\" class=\"alignleft size-thumbnail wp-image-4190\" \/><\/a><\/p>\n<p><a href=\"https:\/\/www.feuerwehr-matzen.at\/wp-content\/uploads\/2015\/05\/DSC09856.jpg\"><img loading=\"lazy\" decoding=\"async\" src=\"https:\/\/www.feuerwehr-matzen.at\/wp-content\/uploads\/2015\/05\/DSC09856-150x150.jpg\" alt=\"DSC09856\" width=\"150\" height=\"150\" class=\"alignleft size-thumbnail wp-image-4191\" \/><\/a><\/p>\n<p><a href=\"https:\/\/www.feuerwehr-matzen.at\/wp-content\/uploads\/2015\/05\/DSC09863.jpg\"><img loading=\"lazy\" decoding=\"async\" src=\"https:\/\/www.feuerwehr-matzen.at\/wp-content\/uploads\/2015\/05\/DSC09863-150x150.jpg\" alt=\"DSC09863\" width=\"150\" height=\"150\" class=\"alignleft size-thumbnail wp-image-4192\" \/><\/a><\/p>\n<p><a href=\"https:\/\/www.feuerwehr-matzen.at\/wp-content\/uploads\/2015\/05\/DSC09866.jpg\"><img loading=\"lazy\" decoding=\"async\" src=\"https:\/\/www.feuerwehr-matzen.at\/wp-content\/uploads\/2015\/05\/DSC09866-150x150.jpg\" alt=\"DSC09866\" width=\"150\" height=\"150\" class=\"alignleft size-thumbnail wp-image-4193\" \/><\/a><\/p>\n<p><a href=\"https:\/\/www.feuerwehr-matzen.at\/wp-content\/uploads\/2015\/05\/IMG-20150522-WA0007.jpg\"><img loading=\"lazy\" decoding=\"async\" src=\"https:\/\/www.feuerwehr-matzen.at\/wp-content\/uploads\/2015\/05\/IMG-20150522-WA0007-150x150.jpg\" alt=\"IMG-20150522-WA0007\" width=\"150\" height=\"150\" class=\"alignleft size-thumbnail wp-image-4194\" \/><\/a><\/p>\n<p><a href=\"https:\/\/www.feuerwehr-matzen.at\/wp-content\/uploads\/2015\/05\/IMG-20150522-WA0024.jpg\"><img loading=\"lazy\" decoding=\"async\" src=\"https:\/\/www.feuerwehr-matzen.at\/wp-content\/uploads\/2015\/05\/IMG-20150522-WA0024-150x150.jpg\" alt=\"IMG-20150522-WA0024\" width=\"150\" height=\"150\" class=\"alignleft size-thumbnail wp-image-4197\" \/><\/a><\/p>\n<p><a href=\"https:\/\/www.feuerwehr-matzen.at\/wp-content\/uploads\/2015\/05\/IMG-20150522-WA0012.jpg\"><img loading=\"lazy\" decoding=\"async\" src=\"https:\/\/www.feuerwehr-matzen.at\/wp-content\/uploads\/2015\/05\/IMG-20150522-WA0012-150x150.jpg\" alt=\"IMG-20150522-WA0012\" width=\"150\" height=\"150\" class=\"alignleft size-thumbnail wp-image-4196\" \/><\/a><\/p>\n<p><a href=\"https:\/\/www.feuerwehr-matzen.at\/wp-content\/uploads\/2015\/05\/IMG-20150522-WA0009.jpg\"><img loading=\"lazy\" decoding=\"async\" src=\"https:\/\/www.feuerwehr-matzen.at\/wp-content\/uploads\/2015\/05\/IMG-20150522-WA0009-150x150.jpg\" alt=\"IMG-20150522-WA0009\" width=\"150\" height=\"150\" class=\"alignleft size-thumbnail wp-image-4195\" \/><\/a><\/p>\n","protected":false},"excerpt":{"rendered":"<p>Schulungs\u00fcbung PKW im Bachbett Am 19. Mai 2015 fand eine Schulungs\u00fcbung zum Thema PKW im Bachbett statt. Die Florianij\u00fcnger mussten eine eingeklemmte Person aus einem Fahrzeug, das am Dach im Bachbett liegend vorgefunden wurde, befreien. Ziel dieser \u00dcbung war die <a class=\"more-link\" href=\"https:\/\/www.feuerwehr-matzen.at\/?page_id=4188\">weiterlesen  <span class=\"screen-reader-text\">  19. Mai 2015<\/span><span class=\"meta-nav\">&rarr;<\/span><\/a><\/p>\n","protected":false},"author":6,"featured_media":0,"parent":0,"menu_order":0,"comment_status":"closed","ping_status":"closed","template":"","meta":{"footnotes":""},"class_list":["post-4188","page","type-page","status-publish","hentry"],"_links":{"self":[{"href":"https:\/\/www.feuerwehr-matzen.at\/index.php?rest_route=\/wp\/v2\/pages\/4188","targetHints":{"allow":["GET"]}}],"collection":[{"href":"https:\/\/www.feuerwehr-matzen.at\/index.php?rest_route=\/wp\/v2\/pages"}],"about":[{"href":"https:\/\/www.feuerwehr-matzen.at\/index.php?rest_route=\/wp\/v2\/types\/page"}],"author":[{"embeddable":true,"href":"https:\/\/www.feuerwehr-matzen.at\/index.php?rest_route=\/wp\/v2\/users\/6"}],"replies":[{"embeddable":true,"href":"https:\/\/www.feuerwehr-matzen.at\/index.php?rest_route=%2Fwp%2Fv2%2Fcomments&post=4188"}],"version-history":[{"count":1,"href":"https:\/\/www.feuerwehr-matzen.at\/index.php?rest_route=\/wp\/v2\/pages\/4188\/revisions"}],"predecessor-version":[{"id":4198,"href":"https:\/\/www.feuerwehr-matzen.at\/index.php?rest_route=\/wp\/v2\/pages\/4188\/revisions\/4198"}],"wp:attachment":[{"href":"https:\/\/www.feuerwehr-matzen.at\/index.php?rest_route=%2Fwp%2Fv2%2Fmedia&parent=4188"}],"curies":[{"name":"wp","href":"https:\/\/api.w.org\/{rel}","templated":true}]}}