{"id":4206,"date":"2015-06-25T14:57:50","date_gmt":"2015-06-25T12:57:50","guid":{"rendered":"http:\/\/www.feuerwehr-matzen.at\/?page_id=4206"},"modified":"2020-09-18T14:15:23","modified_gmt":"2020-09-18T12:15:23","slug":"12-14-juni-2015","status":"publish","type":"page","link":"https:\/\/www.feuerwehr-matzen.at\/?page_id=4206","title":{"rendered":"12.-14. Juni 2015"},"content":{"rendered":"<p><strong>Feuerwehrfest<\/strong><a title=\"Veranstaltungen 2015\" href=\"https:\/\/www.feuerwehr-matzen.at\/?page_id=4118\"><img loading=\"lazy\" decoding=\"async\" class=\"alignright size-full wp-image-1833\" alt=\"return\" src=\"https:\/\/www.feuerwehr-matzen.at\/wp-content\/uploads\/2013\/07\/return.jpg\" width=\"65\" height=\"30\" \/><\/a><\/p>\n<p>Freitag, gro\u00dfartiger Start ins Feuerwehrwochenende.<\/p>\n<p>Am 12.Juni 2015 begann ein Wochenende ganz im Zeichen der Feuerwehr.<br \/>\nStart war Freitag mit dem Oldieabend Flashlight, ein Musikrevival aus den 70er, 80er und NDW f\u00fcr Jung und Alt. Die Feuerwehr Matzen durfte unz\u00e4hlige G\u00e4ste aus Matzen und den umliegenden Gemeinden begr\u00fc\u00dfen, die sich bis in die fr\u00fchen Morgenstunden am\u00fcsierten. Neben unserer Djane Mimsi gab es verschiedene Themenbars. In der Cocktailbar wurden einige schmackhaften Cocktails von unseren Feuerwehrfrauen gemixt. In der Brennbar wurden Longdrinks und \u201cKurze\u201d angeboten. Au\u00dferdem gab es eine Bier und Weinbar. F\u00fcr die hungrigen G\u00e4ste wurden ebenso kleine Snacks vorbereitet. Das Personal der Flashlight- Crew sorgte immer f\u00fcr volle Gl\u00e4ser und lachende G\u00e4ste.<\/p>\n<p>Samstag, Livemusik mit dem Duo Men@Fun<\/p>\n<p>Um 16:00 Uhr \u00f6ffnete das Feuerwehrgel\u00e4nde wieder seine Pforten. Ab 20:00 Uhr  sorgte das Duo Men@Fun f\u00fcr eine gef\u00fcllte Tanzb\u00fchne, gute Stimmung und m\u00fcde Tanzbeine. Trotz des gef\u00fcllten Zeltes, klappte die Versorgung unserer G\u00e4ste reibungslos. Auch nachdem die Livemusik ein Ende fand, feierte die Matzner und Matznerinnen bis in die fr\u00fchen Morgenstunden.<\/p>\n<p>Sonntag, Fr\u00fchschoppen \u2013 Tombola<\/p>\n<p>Das Fr\u00fchschoppen starteten die Weinberg Musikanten. Diese Gruppe brachte mit ihrer Musik eine super Stimmung in das Festzelt. Zur Mittagszeit platzte das Festgel\u00e4nde aus allen N\u00e4hten.<br \/>\nDie Verlosung der ca. 100 Gesch\u00e4nksk\u00f6rbe startete um 15.00 Uhr.<br \/>\nIn diesem Zusammenhang m\u00f6chten wir uns bei den vielen Spendern der Tombolatreffer, sowie dem Tombola-Team f\u00fcr die Zusammenstellung dieser Riesentombola recht herzlich bedanken.<br \/>\nAuch unsere Kleinsten kamen heuer nicht zu kurz. Neben dem Verkaufsstand mit unz\u00e4hligen Spielsachen, einem Schie\u00dfstand und einer Luftburg, gab es Rundfarten mit dem Feuerwehrfahrzeugen. Nat\u00fcrlich wurde bei all diesen Glanzpunkten nicht das leibliche Wohl unserer G\u00e4ste vergessen, die an allen drei Tagen von den Kameraden der Freiwilligen Feuerwehr Matzen  mit Speis und Trank versorgt wurden.<br \/>\nAn dieser Stelle m\u00f6chten wir uns bei den vielen freiwilligen Helfern und Sponsoren bedanken, ohne die dieses Fest nicht m\u00f6glich gewesen w\u00e4re.<\/p>\n<p><a href=\"https:\/\/www.feuerwehr-matzen.at\/wp-content\/uploads\/2015\/06\/DSC09873.jpg\"><img loading=\"lazy\" decoding=\"async\" src=\"https:\/\/www.feuerwehr-matzen.at\/wp-content\/uploads\/2015\/06\/DSC09873-150x150.jpg\" alt=\"DSC09873\" width=\"150\" height=\"150\" class=\"alignleft size-thumbnail wp-image-4207\" \/><\/a><\/p>\n<p><a href=\"https:\/\/www.feuerwehr-matzen.at\/wp-content\/uploads\/2015\/06\/DSC09874.jpg\"><img loading=\"lazy\" decoding=\"async\" src=\"https:\/\/www.feuerwehr-matzen.at\/wp-content\/uploads\/2015\/06\/DSC09874-150x150.jpg\" alt=\"DSC09874\" width=\"150\" height=\"150\" class=\"alignleft size-thumbnail wp-image-4208\" \/><\/a><\/p>\n<p><a href=\"https:\/\/www.feuerwehr-matzen.at\/wp-content\/uploads\/2015\/06\/DSC09882.jpg\"><img loading=\"lazy\" decoding=\"async\" src=\"https:\/\/www.feuerwehr-matzen.at\/wp-content\/uploads\/2015\/06\/DSC09882-150x150.jpg\" alt=\"DSC09882\" width=\"150\" height=\"150\" class=\"alignleft size-thumbnail wp-image-4209\" \/><\/a><\/p>\n<p><a href=\"https:\/\/www.feuerwehr-matzen.at\/wp-content\/uploads\/2015\/06\/DSC09883.jpg\"><img loading=\"lazy\" decoding=\"async\" src=\"https:\/\/www.feuerwehr-matzen.at\/wp-content\/uploads\/2015\/06\/DSC09883-150x150.jpg\" alt=\"DSC09883\" width=\"150\" height=\"150\" class=\"alignleft size-thumbnail wp-image-4210\" \/><\/a><\/p>\n<p><a href=\"https:\/\/www.feuerwehr-matzen.at\/wp-content\/uploads\/2015\/06\/DSC09891.jpg\"><img loading=\"lazy\" decoding=\"async\" src=\"https:\/\/www.feuerwehr-matzen.at\/wp-content\/uploads\/2015\/06\/DSC09891-150x150.jpg\" alt=\"DSC09891\" width=\"150\" height=\"150\" class=\"alignleft size-thumbnail wp-image-4211\" \/><\/a><\/p>\n<p><a href=\"https:\/\/www.feuerwehr-matzen.at\/wp-content\/uploads\/2015\/06\/IMAG0579.jpg\"><img loading=\"lazy\" decoding=\"async\" src=\"https:\/\/www.feuerwehr-matzen.at\/wp-content\/uploads\/2015\/06\/IMAG0579-150x150.jpg\" alt=\"IMAG0579\" width=\"150\" height=\"150\" class=\"alignleft size-thumbnail wp-image-4212\" \/><\/a><\/p>\n<p><a href=\"https:\/\/www.feuerwehr-matzen.at\/wp-content\/uploads\/2015\/06\/IMAG0583.jpg\"><img loading=\"lazy\" decoding=\"async\" src=\"https:\/\/www.feuerwehr-matzen.at\/wp-content\/uploads\/2015\/06\/IMAG0583-150x150.jpg\" alt=\"IMAG0583\" width=\"150\" height=\"150\" class=\"alignleft size-thumbnail wp-image-4213\" \/><\/a><\/p>\n<p><a href=\"https:\/\/www.feuerwehr-matzen.at\/wp-content\/uploads\/2015\/06\/IMAG0589.jpg\"><img loading=\"lazy\" decoding=\"async\" src=\"https:\/\/www.feuerwehr-matzen.at\/wp-content\/uploads\/2015\/06\/IMAG0589-150x150.jpg\" alt=\"IMAG0589\" width=\"150\" height=\"150\" class=\"alignleft size-thumbnail wp-image-4214\" \/><\/a><\/p>\n<p><a href=\"https:\/\/www.feuerwehr-matzen.at\/wp-content\/uploads\/2015\/06\/IMAG0596.jpg\"><img loading=\"lazy\" decoding=\"async\" src=\"https:\/\/www.feuerwehr-matzen.at\/wp-content\/uploads\/2015\/06\/IMAG0596-150x150.jpg\" alt=\"IMAG0596\" width=\"150\" height=\"150\" class=\"alignleft size-thumbnail wp-image-4215\" \/><\/a><\/p>\n","protected":false},"excerpt":{"rendered":"<p>Feuerwehrfest Freitag, gro\u00dfartiger Start ins Feuerwehrwochenende. Am 12.Juni 2015 begann ein Wochenende ganz im Zeichen der Feuerwehr. Start war Freitag mit dem Oldieabend Flashlight, ein Musikrevival aus den 70er, 80er und NDW f\u00fcr Jung und Alt. Die Feuerwehr Matzen durfte <a class=\"more-link\" href=\"https:\/\/www.feuerwehr-matzen.at\/?page_id=4206\">weiterlesen  <span class=\"screen-reader-text\">  12.-14. Juni 2015<\/span><span class=\"meta-nav\">&rarr;<\/span><\/a><\/p>\n","protected":false},"author":6,"featured_media":0,"parent":0,"menu_order":0,"comment_status":"closed","ping_status":"closed","template":"","meta":{"footnotes":""},"class_list":["post-4206","page","type-page","status-publish","hentry"],"_links":{"self":[{"href":"https:\/\/www.feuerwehr-matzen.at\/index.php?rest_route=\/wp\/v2\/pages\/4206","targetHints":{"allow":["GET"]}}],"collection":[{"href":"https:\/\/www.feuerwehr-matzen.at\/index.php?rest_route=\/wp\/v2\/pages"}],"about":[{"href":"https:\/\/www.feuerwehr-matzen.at\/index.php?rest_route=\/wp\/v2\/types\/page"}],"author":[{"embeddable":true,"href":"https:\/\/www.feuerwehr-matzen.at\/index.php?rest_route=\/wp\/v2\/users\/6"}],"replies":[{"embeddable":true,"href":"https:\/\/www.feuerwehr-matzen.at\/index.php?rest_route=%2Fwp%2Fv2%2Fcomments&post=4206"}],"version-history":[{"count":1,"href":"https:\/\/www.feuerwehr-matzen.at\/index.php?rest_route=\/wp\/v2\/pages\/4206\/revisions"}],"predecessor-version":[{"id":4216,"href":"https:\/\/www.feuerwehr-matzen.at\/index.php?rest_route=\/wp\/v2\/pages\/4206\/revisions\/4216"}],"wp:attachment":[{"href":"https:\/\/www.feuerwehr-matzen.at\/index.php?rest_route=%2Fwp%2Fv2%2Fmedia&parent=4206"}],"curies":[{"name":"wp","href":"https:\/\/api.w.org\/{rel}","templated":true}]}}