{"id":4224,"date":"2015-07-06T11:33:09","date_gmt":"2015-07-06T09:33:09","guid":{"rendered":"http:\/\/www.feuerwehr-matzen.at\/?page_id=4224"},"modified":"2020-09-18T14:15:11","modified_gmt":"2020-09-18T12:15:11","slug":"02-juli-2015","status":"publish","type":"page","link":"https:\/\/www.feuerwehr-matzen.at\/?page_id=4224","title":{"rendered":"02. Juli 2015"},"content":{"rendered":"<p><strong>Fahrzeugbergung nach Verkehrsunfall<\/strong><a title=\"Eins\u00e4tze\" href=\"https:\/\/www.feuerwehr-matzen.at\/?page_id=4106\"><img loading=\"lazy\" decoding=\"async\" class=\"alignright size-full wp-image-1833\" alt=\"return\" src=\"https:\/\/www.feuerwehr-matzen.at\/wp-content\/uploads\/2013\/07\/return.jpg\" width=\"65\" height=\"30\" \/><\/a><\/p>\n<p>Am 2.7. wurden die Kameraden der Feuerwehr Matzen um 11:45 zu einer Fahrzeugbergung Richtung Spannberg alarmiert. Im Zuge der Ausr\u00fcckemeldung an die zust\u00e4ndige Bezirksalarmzentrale in Mistelbach erfuhren wir, dass Polizei und Rettung schon vor Ort sind und der Lenker bereits das Unfallfahrzeug aus eigener Kraft verlassen hat.<br \/>\nKurze Zeit sp\u00e4ter r\u00fcckten 5 Kameraden mit R\u00fcstl\u00f6schfahrzeug und Kommandofahrzeug inkl. Abschleppachse zum Unfallort aus. Dort fanden wir ein Fahrzeug im Feld auf dem Dach liegend vor. Der Unfalllenker war bereits von der Rettung erstversorgt und am Weg ins Spital.<br \/>\nDie Feuerwehr Matzen baute den Brandschutz auf, sicherte die Unfallstelle gegen den nachfolgenden Verkehr ab und stellt das Fahrzeug mittels Seilwinde wieder auf die R\u00e4der. Im Anschluss wurde es auf die Stra\u00dfe gezogen und mit Hilfe der Abschleppachse am Feuerwehrgel\u00e4nde gesichert abgestellt.<br \/>\nNach dem Reinigen der durch \u00d6l und Erde verschmutzten Fahrbahn konnten die Kameraden nach ca einer Stunde wieder einr\u00fccken.<\/p>\n<p>Im Einsatz befindliche Fahrzeuge: RLF-A 2000, KDO<br \/>\nMannschaftsst\u00e4rke: 6<br \/>\nsonstige Einsatzkr\u00e4fte: Polizei, RK G\u00e4nserndorf<\/p>\n<p><a href=\"https:\/\/www.feuerwehr-matzen.at\/wp-content\/uploads\/2015\/07\/DSC09905.jpg\"><img loading=\"lazy\" decoding=\"async\" src=\"https:\/\/www.feuerwehr-matzen.at\/wp-content\/uploads\/2015\/07\/DSC09905-150x150.jpg\" alt=\"DSC09905\" width=\"150\" height=\"150\" class=\"alignleft size-thumbnail wp-image-4225\" \/><\/a><\/p>\n<p><a href=\"https:\/\/www.feuerwehr-matzen.at\/wp-content\/uploads\/2015\/07\/DSC09906.jpg\"><img loading=\"lazy\" decoding=\"async\" src=\"https:\/\/www.feuerwehr-matzen.at\/wp-content\/uploads\/2015\/07\/DSC09906-150x150.jpg\" alt=\"DSC09906\" width=\"150\" height=\"150\" class=\"alignleft size-thumbnail wp-image-4226\" \/><\/a><\/p>\n<p><a href=\"https:\/\/www.feuerwehr-matzen.at\/wp-content\/uploads\/2015\/07\/DSC09912.jpg\"><img loading=\"lazy\" decoding=\"async\" src=\"https:\/\/www.feuerwehr-matzen.at\/wp-content\/uploads\/2015\/07\/DSC09912-150x150.jpg\" alt=\"DSC09912\" width=\"150\" height=\"150\" class=\"alignleft size-thumbnail wp-image-4227\" \/><\/a><\/p>\n","protected":false},"excerpt":{"rendered":"<p>Fahrzeugbergung nach Verkehrsunfall Am 2.7. wurden die Kameraden der Feuerwehr Matzen um 11:45 zu einer Fahrzeugbergung Richtung Spannberg alarmiert. Im Zuge der Ausr\u00fcckemeldung an die zust\u00e4ndige Bezirksalarmzentrale in Mistelbach erfuhren wir, dass Polizei und Rettung schon vor Ort sind und <a class=\"more-link\" href=\"https:\/\/www.feuerwehr-matzen.at\/?page_id=4224\">weiterlesen  <span class=\"screen-reader-text\">  02. Juli 2015<\/span><span class=\"meta-nav\">&rarr;<\/span><\/a><\/p>\n","protected":false},"author":6,"featured_media":0,"parent":0,"menu_order":0,"comment_status":"closed","ping_status":"closed","template":"","meta":{"footnotes":""},"class_list":["post-4224","page","type-page","status-publish","hentry"],"_links":{"self":[{"href":"https:\/\/www.feuerwehr-matzen.at\/index.php?rest_route=\/wp\/v2\/pages\/4224","targetHints":{"allow":["GET"]}}],"collection":[{"href":"https:\/\/www.feuerwehr-matzen.at\/index.php?rest_route=\/wp\/v2\/pages"}],"about":[{"href":"https:\/\/www.feuerwehr-matzen.at\/index.php?rest_route=\/wp\/v2\/types\/page"}],"author":[{"embeddable":true,"href":"https:\/\/www.feuerwehr-matzen.at\/index.php?rest_route=\/wp\/v2\/users\/6"}],"replies":[{"embeddable":true,"href":"https:\/\/www.feuerwehr-matzen.at\/index.php?rest_route=%2Fwp%2Fv2%2Fcomments&post=4224"}],"version-history":[{"count":1,"href":"https:\/\/www.feuerwehr-matzen.at\/index.php?rest_route=\/wp\/v2\/pages\/4224\/revisions"}],"predecessor-version":[{"id":4228,"href":"https:\/\/www.feuerwehr-matzen.at\/index.php?rest_route=\/wp\/v2\/pages\/4224\/revisions\/4228"}],"wp:attachment":[{"href":"https:\/\/www.feuerwehr-matzen.at\/index.php?rest_route=%2Fwp%2Fv2%2Fmedia&parent=4224"}],"curies":[{"name":"wp","href":"https:\/\/api.w.org\/{rel}","templated":true}]}}