{"id":4246,"date":"2015-07-18T18:55:30","date_gmt":"2015-07-18T16:55:30","guid":{"rendered":"http:\/\/www.feuerwehr-matzen.at\/?page_id=4246"},"modified":"2020-09-18T14:15:23","modified_gmt":"2020-09-18T12:15:23","slug":"18-juli-2015","status":"publish","type":"page","link":"https:\/\/www.feuerwehr-matzen.at\/?page_id=4246","title":{"rendered":"18. Juli 2015"},"content":{"rendered":"<p><strong>Flurbrand<\/strong><a title=\"Eins\u00e4tze\" href=\"https:\/\/www.feuerwehr-matzen.at\/?page_id=4106\"><img loading=\"lazy\" decoding=\"async\" class=\"alignright size-full wp-image-1833\" alt=\"return\" src=\"https:\/\/www.feuerwehr-matzen.at\/wp-content\/uploads\/2013\/07\/return.jpg\" width=\"65\" height=\"30\" \/><\/a><\/p>\n<p>Kurz nach der w\u00f6chentlichen Sirenenprobe wurde die Feuerwehr Matzen zu einem Flurbrand Richtung Reyersdorf alarmiert. Zweieinhalb Minuten sp\u00e4ter r\u00fcckte das R\u00fcdtl\u00f6schfahrzeug zum Einsatzort auf einem Feldweg aus. Aufgrund einer Fehlinformation in der Alarmierung kontrollierte das nachkommende Kommandofahrzeug das Einsatzgebiet Richtung Gro\u00df Schweinbarth. Zeitgleich begann die Besatzung des R\u00fcstl\u00f6schfahrzeuges mit der Brandbek\u00e4mpfung am eigentlichen Einsatzort. Der Flurbrand konnte binnen weniger Minuten niedergeschlagen werden. Zur Kontrolle kam die W\u00e4rmebildkamera zum Einsatz. Nach rund 20 Minuten konnten die Matzner Florianij\u00fcnger einr\u00fccken und die Einsatzbereitschaft wieder herstellen.<\/p>\n<p>Im Einsatz befindliche Fahrzeuge: RLF-A 2000, KDO<br \/>\nMannschaftsst\u00e4rke: 10<\/p>\n<p><a href=\"https:\/\/www.feuerwehr-matzen.at\/wp-content\/uploads\/2015\/07\/DSC09923.jpg\"><img loading=\"lazy\" decoding=\"async\" src=\"https:\/\/www.feuerwehr-matzen.at\/wp-content\/uploads\/2015\/07\/DSC09923-150x150.jpg\" alt=\"DSC09923\" width=\"150\" height=\"150\" class=\"alignleft size-thumbnail wp-image-4247\" \/><\/a><\/p>\n<p><a href=\"https:\/\/www.feuerwehr-matzen.at\/wp-content\/uploads\/2015\/07\/DSC09924.jpg\"><img loading=\"lazy\" decoding=\"async\" src=\"https:\/\/www.feuerwehr-matzen.at\/wp-content\/uploads\/2015\/07\/DSC09924-150x150.jpg\" alt=\"DSC09924\" width=\"150\" height=\"150\" class=\"alignleft size-thumbnail wp-image-4248\" \/><\/a><\/p>\n<p><a href=\"https:\/\/www.feuerwehr-matzen.at\/wp-content\/uploads\/2015\/07\/DSC09926.jpg\"><img loading=\"lazy\" decoding=\"async\" src=\"https:\/\/www.feuerwehr-matzen.at\/wp-content\/uploads\/2015\/07\/DSC09926-150x150.jpg\" alt=\"DSC09926\" width=\"150\" height=\"150\" class=\"alignleft size-thumbnail wp-image-4249\" \/><\/a><\/p>\n","protected":false},"excerpt":{"rendered":"<p>Flurbrand Kurz nach der w\u00f6chentlichen Sirenenprobe wurde die Feuerwehr Matzen zu einem Flurbrand Richtung Reyersdorf alarmiert. Zweieinhalb Minuten sp\u00e4ter r\u00fcckte das R\u00fcdtl\u00f6schfahrzeug zum Einsatzort auf einem Feldweg aus. Aufgrund einer Fehlinformation in der Alarmierung kontrollierte das nachkommende Kommandofahrzeug das Einsatzgebiet <a class=\"more-link\" href=\"https:\/\/www.feuerwehr-matzen.at\/?page_id=4246\">weiterlesen  <span class=\"screen-reader-text\">  18. Juli 2015<\/span><span class=\"meta-nav\">&rarr;<\/span><\/a><\/p>\n","protected":false},"author":6,"featured_media":0,"parent":0,"menu_order":0,"comment_status":"closed","ping_status":"closed","template":"","meta":{"footnotes":""},"class_list":["post-4246","page","type-page","status-publish","hentry"],"_links":{"self":[{"href":"https:\/\/www.feuerwehr-matzen.at\/index.php?rest_route=\/wp\/v2\/pages\/4246","targetHints":{"allow":["GET"]}}],"collection":[{"href":"https:\/\/www.feuerwehr-matzen.at\/index.php?rest_route=\/wp\/v2\/pages"}],"about":[{"href":"https:\/\/www.feuerwehr-matzen.at\/index.php?rest_route=\/wp\/v2\/types\/page"}],"author":[{"embeddable":true,"href":"https:\/\/www.feuerwehr-matzen.at\/index.php?rest_route=\/wp\/v2\/users\/6"}],"replies":[{"embeddable":true,"href":"https:\/\/www.feuerwehr-matzen.at\/index.php?rest_route=%2Fwp%2Fv2%2Fcomments&post=4246"}],"version-history":[{"count":2,"href":"https:\/\/www.feuerwehr-matzen.at\/index.php?rest_route=\/wp\/v2\/pages\/4246\/revisions"}],"predecessor-version":[{"id":4252,"href":"https:\/\/www.feuerwehr-matzen.at\/index.php?rest_route=\/wp\/v2\/pages\/4246\/revisions\/4252"}],"wp:attachment":[{"href":"https:\/\/www.feuerwehr-matzen.at\/index.php?rest_route=%2Fwp%2Fv2%2Fmedia&parent=4246"}],"curies":[{"name":"wp","href":"https:\/\/api.w.org\/{rel}","templated":true}]}}