{"id":4272,"date":"2015-08-16T15:36:06","date_gmt":"2015-08-16T13:36:06","guid":{"rendered":"http:\/\/www.feuerwehr-matzen.at\/?page_id=4272"},"modified":"2020-09-18T14:15:23","modified_gmt":"2020-09-18T12:15:23","slug":"16-august-2015","status":"publish","type":"page","link":"https:\/\/www.feuerwehr-matzen.at\/?page_id=4272","title":{"rendered":"16. August 2015"},"content":{"rendered":"<p><strong>T\u00fcr\u00f6ffnung<\/strong><a title=\"Eins\u00e4tze\" href=\"https:\/\/www.feuerwehr-matzen.at\/?page_id=4106\"><img loading=\"lazy\" decoding=\"async\" class=\"alignright size-full wp-image-1833\" alt=\"return\" src=\"https:\/\/www.feuerwehr-matzen.at\/wp-content\/uploads\/2013\/07\/return.jpg\" width=\"65\" height=\"30\" \/><\/a><\/p>\n<p>Am 16. August wurde die Feuerwehr Matzen um 14: 21 Uhr zu einer T\u00fcr\u00f6ffnung Matzen alarmiert. Unverz\u00fcglich r\u00fcckten 12 Mann mit 2 Fahrzeugen zum Einsatzort auf der Reyersdorferstra\u00dfe in Matzen aus. Beim Eintreffen des ersten Fahrzeuges konnte bereits Entwarnung geben werden. Die Kr\u00e4fte des RK G\u00e4nserndorf konnten sich mittlerweile selbstst\u00e4ndig Zugang zum Haus verschaffen. Nach rund 10 Minuten konnte die Einsatzbereitschaft wieder hergestellt werden.<\/p>\n<p>Im Einsatz befindliche Fahrzeuge: RLF-A 2000, KDO<br \/>\nMannschaftsst\u00e4rke: 12<br \/>\nsonstige Einsatzkr\u00e4fte: Polizei, RK G\u00e4nserndorf<\/p>\n<p><a href=\"https:\/\/www.feuerwehr-matzen.at\/wp-content\/uploads\/2015\/08\/DSC00020.jpg\"><img loading=\"lazy\" decoding=\"async\" src=\"https:\/\/www.feuerwehr-matzen.at\/wp-content\/uploads\/2015\/08\/DSC00020-150x150.jpg\" alt=\"DSC00020\" width=\"150\" height=\"150\" class=\"alignleft size-thumbnail wp-image-4270\" \/><\/a><\/p>\n<p><a href=\"https:\/\/www.feuerwehr-matzen.at\/wp-content\/uploads\/2015\/08\/DSC00021.jpg\"><img loading=\"lazy\" decoding=\"async\" src=\"https:\/\/www.feuerwehr-matzen.at\/wp-content\/uploads\/2015\/08\/DSC00021-150x150.jpg\" alt=\"DSC00021\" width=\"150\" height=\"150\" class=\"alignleft size-thumbnail wp-image-4271\" \/><\/a><\/p>\n","protected":false},"excerpt":{"rendered":"<p>T\u00fcr\u00f6ffnung Am 16. August wurde die Feuerwehr Matzen um 14: 21 Uhr zu einer T\u00fcr\u00f6ffnung Matzen alarmiert. Unverz\u00fcglich r\u00fcckten 12 Mann mit 2 Fahrzeugen zum Einsatzort auf der Reyersdorferstra\u00dfe in Matzen aus. Beim Eintreffen des ersten Fahrzeuges konnte bereits Entwarnung <a class=\"more-link\" href=\"https:\/\/www.feuerwehr-matzen.at\/?page_id=4272\">weiterlesen  <span class=\"screen-reader-text\">  16. August 2015<\/span><span class=\"meta-nav\">&rarr;<\/span><\/a><\/p>\n","protected":false},"author":6,"featured_media":0,"parent":0,"menu_order":0,"comment_status":"closed","ping_status":"closed","template":"","meta":{"footnotes":""},"class_list":["post-4272","page","type-page","status-publish","hentry"],"_links":{"self":[{"href":"https:\/\/www.feuerwehr-matzen.at\/index.php?rest_route=\/wp\/v2\/pages\/4272","targetHints":{"allow":["GET"]}}],"collection":[{"href":"https:\/\/www.feuerwehr-matzen.at\/index.php?rest_route=\/wp\/v2\/pages"}],"about":[{"href":"https:\/\/www.feuerwehr-matzen.at\/index.php?rest_route=\/wp\/v2\/types\/page"}],"author":[{"embeddable":true,"href":"https:\/\/www.feuerwehr-matzen.at\/index.php?rest_route=\/wp\/v2\/users\/6"}],"replies":[{"embeddable":true,"href":"https:\/\/www.feuerwehr-matzen.at\/index.php?rest_route=%2Fwp%2Fv2%2Fcomments&post=4272"}],"version-history":[{"count":1,"href":"https:\/\/www.feuerwehr-matzen.at\/index.php?rest_route=\/wp\/v2\/pages\/4272\/revisions"}],"predecessor-version":[{"id":4273,"href":"https:\/\/www.feuerwehr-matzen.at\/index.php?rest_route=\/wp\/v2\/pages\/4272\/revisions\/4273"}],"wp:attachment":[{"href":"https:\/\/www.feuerwehr-matzen.at\/index.php?rest_route=%2Fwp%2Fv2%2Fmedia&parent=4272"}],"curies":[{"name":"wp","href":"https:\/\/api.w.org\/{rel}","templated":true}]}}