{"id":4276,"date":"2015-09-08T11:04:12","date_gmt":"2015-09-08T09:04:12","guid":{"rendered":"http:\/\/www.feuerwehr-matzen.at\/?page_id=4276"},"modified":"2020-09-18T14:15:34","modified_gmt":"2020-09-18T12:15:34","slug":"29-august-2015","status":"publish","type":"page","link":"https:\/\/www.feuerwehr-matzen.at\/?page_id=4276","title":{"rendered":"29. August 2015"},"content":{"rendered":"<p><strong>Wohnhausbrand<\/strong><a title=\"Eins\u00e4tze\" href=\"https:\/\/www.feuerwehr-matzen.at\/?page_id=4106\"><img loading=\"lazy\" decoding=\"async\" class=\"alignright size-full wp-image-1833\" alt=\"return\" src=\"https:\/\/www.feuerwehr-matzen.at\/wp-content\/uploads\/2013\/07\/return.jpg\" width=\"65\" height=\"30\" \/><\/a><\/p>\n<p>Am 29. August wurde die Feuerwehr Matzen mittels Sirene und Pager gemeinsam mit 4 weiteren Feuerwehren zu einem Wohnhausbrand in Matzen alarmiert. Kurz nach der Alarmierung um 13:55 Uhr r\u00fcckten 2 Fahrzeuge der Matzner Florianij\u00fcnger zum Einsatzort aus.<br \/>\nBei der Ankunft quoll bereits dichter Rauch aus den Fenstern, wobei einige Nachbarn bereits erste L\u00f6schversuche mit Gartenschl\u00e4uchen unternahmen.  Bei der Erkundung stellte sich heraus, dass sich keine Personen mehr im Geb\u00e4ude befanden und die K\u00fcche bereits im Vollbrand stand. Unverz\u00fcglich wurde ein Innenangriff unter schwerem Atemschutz unter Vornahme eines HD-Rohres angeordnet. Zeitgleich wurde ein Aussenangriff gestartet, um eine Brandausbreitung auf das Dach zu verhindern. Zu diesem Zeitpunkt standen bereits 100 Mann mit 14 Fahrzeugen im Einsatz, sowie 1 Fahrzeug des RK G\u00e4nserndorf und die Polizei.<br \/>\nNach rund 45 Minuten konnte Brand Aus gegeben werden. Mittels W\u00e4rmebildkamera wurde letzte Glutnester abgel\u00f6scht und bis ca. 18:00 Uhr Kontrollg\u00e4nge durchgef\u00fchrt. Die Feuerwehr Matzen bedankt sich bei allen Einsatzkr\u00e4ften f\u00fcr die hervorragende Zusammenarbeit.<\/p>\n<p>Im Einsatz befindliche Fahrzeuge: RLF-A 2000, KDO<br \/>\nMannschaftsst\u00e4rke: 16<br \/>\nsonstige Einsatzkr\u00e4fte: FF Raggendorf, FF Gr. Schweinbarth, FF Sch\u00f6nkirchen-Reyersdorf, FF G\u00e4nserndorf, Polizei, RK G\u00e4nserndorf<\/p>\n<p><a href=\"https:\/\/www.feuerwehr-matzen.at\/wp-content\/uploads\/2015\/09\/DSC0021.jpg\"><img loading=\"lazy\" decoding=\"async\" src=\"https:\/\/www.feuerwehr-matzen.at\/wp-content\/uploads\/2015\/09\/DSC0021-150x150.jpg\" alt=\"DSC0021\" width=\"150\" height=\"150\" class=\"alignleft size-thumbnail wp-image-4283\" \/><\/a><\/p>\n<p><a href=\"https:\/\/www.feuerwehr-matzen.at\/wp-content\/uploads\/2015\/09\/DSC0022.jpg\"><img loading=\"lazy\" decoding=\"async\" src=\"https:\/\/www.feuerwehr-matzen.at\/wp-content\/uploads\/2015\/09\/DSC0022-150x150.jpg\" alt=\"DSC0022\" width=\"150\" height=\"150\" class=\"alignleft size-thumbnail wp-image-4284\" \/><\/a><\/p>\n<p><a href=\"https:\/\/www.feuerwehr-matzen.at\/wp-content\/uploads\/2015\/09\/DSC0023.jpg\"><img loading=\"lazy\" decoding=\"async\" src=\"https:\/\/www.feuerwehr-matzen.at\/wp-content\/uploads\/2015\/09\/DSC0023-150x150.jpg\" alt=\"DSC0023\" width=\"150\" height=\"150\" class=\"alignleft size-thumbnail wp-image-4285\" \/><\/a><\/p>\n<p><a href=\"https:\/\/www.feuerwehr-matzen.at\/wp-content\/uploads\/2015\/09\/DSC0024.jpg\"><img loading=\"lazy\" decoding=\"async\" src=\"https:\/\/www.feuerwehr-matzen.at\/wp-content\/uploads\/2015\/09\/DSC0024-150x150.jpg\" alt=\"DSC0024\" width=\"150\" height=\"150\" class=\"alignleft size-thumbnail wp-image-4286\" \/><\/a><\/p>\n<p><a href=\"https:\/\/www.feuerwehr-matzen.at\/wp-content\/uploads\/2015\/09\/DSC0025.jpg\"><img loading=\"lazy\" decoding=\"async\" src=\"https:\/\/www.feuerwehr-matzen.at\/wp-content\/uploads\/2015\/09\/DSC0025-150x150.jpg\" alt=\"DSC0025\" width=\"150\" height=\"150\" class=\"alignleft size-thumbnail wp-image-4287\" \/><\/a><\/p>\n","protected":false},"excerpt":{"rendered":"<p>Wohnhausbrand Am 29. August wurde die Feuerwehr Matzen mittels Sirene und Pager gemeinsam mit 4 weiteren Feuerwehren zu einem Wohnhausbrand in Matzen alarmiert. Kurz nach der Alarmierung um 13:55 Uhr r\u00fcckten 2 Fahrzeuge der Matzner Florianij\u00fcnger zum Einsatzort aus. Bei <a class=\"more-link\" href=\"https:\/\/www.feuerwehr-matzen.at\/?page_id=4276\">weiterlesen  <span class=\"screen-reader-text\">  29. August 2015<\/span><span class=\"meta-nav\">&rarr;<\/span><\/a><\/p>\n","protected":false},"author":6,"featured_media":0,"parent":0,"menu_order":0,"comment_status":"closed","ping_status":"closed","template":"","meta":{"footnotes":""},"class_list":["post-4276","page","type-page","status-publish","hentry"],"_links":{"self":[{"href":"https:\/\/www.feuerwehr-matzen.at\/index.php?rest_route=\/wp\/v2\/pages\/4276","targetHints":{"allow":["GET"]}}],"collection":[{"href":"https:\/\/www.feuerwehr-matzen.at\/index.php?rest_route=\/wp\/v2\/pages"}],"about":[{"href":"https:\/\/www.feuerwehr-matzen.at\/index.php?rest_route=\/wp\/v2\/types\/page"}],"author":[{"embeddable":true,"href":"https:\/\/www.feuerwehr-matzen.at\/index.php?rest_route=\/wp\/v2\/users\/6"}],"replies":[{"embeddable":true,"href":"https:\/\/www.feuerwehr-matzen.at\/index.php?rest_route=%2Fwp%2Fv2%2Fcomments&post=4276"}],"version-history":[{"count":3,"href":"https:\/\/www.feuerwehr-matzen.at\/index.php?rest_route=\/wp\/v2\/pages\/4276\/revisions"}],"predecessor-version":[{"id":4290,"href":"https:\/\/www.feuerwehr-matzen.at\/index.php?rest_route=\/wp\/v2\/pages\/4276\/revisions\/4290"}],"wp:attachment":[{"href":"https:\/\/www.feuerwehr-matzen.at\/index.php?rest_route=%2Fwp%2Fv2%2Fmedia&parent=4276"}],"curies":[{"name":"wp","href":"https:\/\/api.w.org\/{rel}","templated":true}]}}