{"id":4291,"date":"2015-09-11T19:40:45","date_gmt":"2015-09-11T17:40:45","guid":{"rendered":"http:\/\/www.feuerwehr-matzen.at\/?page_id=4291"},"modified":"2020-09-18T14:15:11","modified_gmt":"2020-09-18T12:15:11","slug":"09-september-2015","status":"publish","type":"page","link":"https:\/\/www.feuerwehr-matzen.at\/?page_id=4291","title":{"rendered":"09. September 2015"},"content":{"rendered":"<p><strong>Monats\u00fcbung<\/strong><a title=\"\u00dcbungen 2015\" href=\"https:\/\/www.feuerwehr-matzen.at\/?page_id=4177\"><img loading=\"lazy\" decoding=\"async\" class=\"alignright size-full wp-image-1833\" alt=\"return\" src=\"https:\/\/www.feuerwehr-matzen.at\/wp-content\/uploads\/2013\/07\/return.jpg\" width=\"65\" height=\"30\" \/><\/a><\/p>\n<p>Retten aus Tiefen und Hebekissen waren die gro\u00dfen Themen bei der Monats\u00fcbung am  Mittwoch, dem 9. September. 15 Kameraden fanden sich im Feuerwehrhaus ein, um den Umgang mit den Ger\u00e4ten wieder zu vertiefen. Nach der Begr\u00fc\u00dfung teilten sich die Teilnehmer in zwei Gruppen. In der Ersten wurde der Umgang mit den Hebekissen durchgenommen. Es wurden die Gefahren aufgezeigt und eine Last musste angehoben werden. Im Anschluss wurde der Druckbel\u00fcfter be\u00fcbt. In der zweiten Station wurde die Menschenrettung aus einem Schacht mittels Dreibein sowie der Umgang mit dem Notrettungsset und dem Rettungsgeschirr geschult. Nach der Nachbesprechung konnte die \u00dcbung nach rund 1 \u00bd Stunden beendet werden.<\/p>\n<p><a href=\"https:\/\/www.feuerwehr-matzen.at\/wp-content\/uploads\/2015\/09\/DSC00046.jpg\"><img loading=\"lazy\" decoding=\"async\" src=\"https:\/\/www.feuerwehr-matzen.at\/wp-content\/uploads\/2015\/09\/DSC00046-150x150.jpg\" alt=\"DSC00046\" width=\"150\" height=\"150\" class=\"alignleft size-thumbnail wp-image-4292\" \/><\/a><\/p>\n<p><a href=\"https:\/\/www.feuerwehr-matzen.at\/wp-content\/uploads\/2015\/09\/DSC00052.jpg\"><img loading=\"lazy\" decoding=\"async\" src=\"https:\/\/www.feuerwehr-matzen.at\/wp-content\/uploads\/2015\/09\/DSC00052-150x150.jpg\" alt=\"DSC00052\" width=\"150\" height=\"150\" class=\"alignleft size-thumbnail wp-image-4293\" \/><\/a><\/p>\n<p><a href=\"https:\/\/www.feuerwehr-matzen.at\/wp-content\/uploads\/2015\/09\/DSC00055.jpg\"><img loading=\"lazy\" decoding=\"async\" src=\"https:\/\/www.feuerwehr-matzen.at\/wp-content\/uploads\/2015\/09\/DSC00055-150x150.jpg\" alt=\"DSC00055\" width=\"150\" height=\"150\" class=\"alignleft size-thumbnail wp-image-4294\" \/><\/a><\/p>\n<p><a href=\"https:\/\/www.feuerwehr-matzen.at\/wp-content\/uploads\/2015\/09\/DSC00058.jpg\"><img loading=\"lazy\" decoding=\"async\" src=\"https:\/\/www.feuerwehr-matzen.at\/wp-content\/uploads\/2015\/09\/DSC00058-150x150.jpg\" alt=\"DSC00058\" width=\"150\" height=\"150\" class=\"alignleft size-thumbnail wp-image-4295\" \/><\/a><\/p>\n<p><a href=\"https:\/\/www.feuerwehr-matzen.at\/wp-content\/uploads\/2015\/09\/DSC00059.jpg\"><img loading=\"lazy\" decoding=\"async\" src=\"https:\/\/www.feuerwehr-matzen.at\/wp-content\/uploads\/2015\/09\/DSC00059-150x150.jpg\" alt=\"DSC00059\" width=\"150\" height=\"150\" class=\"alignleft size-thumbnail wp-image-4296\" \/><\/a><\/p>\n<p><a href=\"https:\/\/www.feuerwehr-matzen.at\/wp-content\/uploads\/2015\/09\/DSC00062.jpg\"><img loading=\"lazy\" decoding=\"async\" src=\"https:\/\/www.feuerwehr-matzen.at\/wp-content\/uploads\/2015\/09\/DSC00062-150x150.jpg\" alt=\"DSC00062\" width=\"150\" height=\"150\" class=\"alignleft size-thumbnail wp-image-4297\" \/><\/a><\/p>\n","protected":false},"excerpt":{"rendered":"<p>Monats\u00fcbung Retten aus Tiefen und Hebekissen waren die gro\u00dfen Themen bei der Monats\u00fcbung am Mittwoch, dem 9. September. 15 Kameraden fanden sich im Feuerwehrhaus ein, um den Umgang mit den Ger\u00e4ten wieder zu vertiefen. Nach der Begr\u00fc\u00dfung teilten sich die <a class=\"more-link\" href=\"https:\/\/www.feuerwehr-matzen.at\/?page_id=4291\">weiterlesen  <span class=\"screen-reader-text\">  09. September 2015<\/span><span class=\"meta-nav\">&rarr;<\/span><\/a><\/p>\n","protected":false},"author":6,"featured_media":0,"parent":0,"menu_order":0,"comment_status":"closed","ping_status":"closed","template":"","meta":{"footnotes":""},"class_list":["post-4291","page","type-page","status-publish","hentry"],"_links":{"self":[{"href":"https:\/\/www.feuerwehr-matzen.at\/index.php?rest_route=\/wp\/v2\/pages\/4291","targetHints":{"allow":["GET"]}}],"collection":[{"href":"https:\/\/www.feuerwehr-matzen.at\/index.php?rest_route=\/wp\/v2\/pages"}],"about":[{"href":"https:\/\/www.feuerwehr-matzen.at\/index.php?rest_route=\/wp\/v2\/types\/page"}],"author":[{"embeddable":true,"href":"https:\/\/www.feuerwehr-matzen.at\/index.php?rest_route=\/wp\/v2\/users\/6"}],"replies":[{"embeddable":true,"href":"https:\/\/www.feuerwehr-matzen.at\/index.php?rest_route=%2Fwp%2Fv2%2Fcomments&post=4291"}],"version-history":[{"count":1,"href":"https:\/\/www.feuerwehr-matzen.at\/index.php?rest_route=\/wp\/v2\/pages\/4291\/revisions"}],"predecessor-version":[{"id":4298,"href":"https:\/\/www.feuerwehr-matzen.at\/index.php?rest_route=\/wp\/v2\/pages\/4291\/revisions\/4298"}],"wp:attachment":[{"href":"https:\/\/www.feuerwehr-matzen.at\/index.php?rest_route=%2Fwp%2Fv2%2Fmedia&parent=4291"}],"curies":[{"name":"wp","href":"https:\/\/api.w.org\/{rel}","templated":true}]}}