{"id":43,"date":"2013-06-17T16:09:39","date_gmt":"2013-06-17T14:09:39","guid":{"rendered":"http:\/\/www.gobolino.at\/feuerwehr\/?page_id=43"},"modified":"2021-04-22T17:56:25","modified_gmt":"2021-04-22T15:56:25","slug":"einsatzberichte","status":"publish","type":"page","link":"https:\/\/www.feuerwehr-matzen.at\/?page_id=43","title":{"rendered":"Einsatzbereich"},"content":{"rendered":"<p style=\"text-align: justify;\">Der Einsatzbereich der Feuerwehr Matzen gliedert sich aus dem gesamten Ortsgebiet und Stra\u00dfen rund um Matzen bis zu bestimmten Punkten, sowie einige OMV Stationen, zu denen wir im Einsatzfall ausr\u00fccken m\u00fcssen.<\/p>\n<p style=\"text-align: justify;\">Au\u00dferdem kann die Feuerwehr Matzen bei gr\u00f6\u00dferen Eins\u00e4tzen auch zur Unterst\u00fctzung nachalarmiert werden.<\/p>\n<p style=\"text-align: justify;\">In und um Matzen ist folgendes Gefahrenpotential gegeben:<\/p>\n<ul>\n<li>ca. 900 Haushalte teilweise in mehrst\u00f6ckigen H\u00e4usern<\/li>\n<li>Schule mit 500 Sch\u00fclern<\/li>\n<li>Kindergarten mit 85 Kindern<\/li>\n<li>Kinderhort<\/li>\n<li>Lebenshilfewerkst\u00e4tte<\/li>\n<li>Lebenshilfewohnheim<\/li>\n<li>Denkmalgesch\u00fctztes Schloss<\/li>\n<li>Sportzentrum mit Kunsteisbahn (Ammoniak)<\/li>\n<li>Hallenbad (Chlorgas)<\/li>\n<li>Gewerbepark mit einigen Firmen<\/li>\n<li>mehrere Gastronomiebetriebe<\/li>\n<li>Freibad<\/li>\n<li>Tankstelle<\/li>\n<li>S\u00e4gewerk<\/li>\n<li>Wald mit einigen km\u00b2<\/li>\n<li>Sonden der OMV-AG (sind im Alarmplan der OMV)<\/li>\n<li>H2S &#8211; Sauergas (bis 20.000 ppm &#8211; MAK-Wert 10 ppm)<\/li>\n<li>5 Landesstra\u00dfen und 7 Eisenbahn\u00fcbersetzungen<\/li>\n<\/ul>\n\n\n<figure class=\"wp-block-gallery columns-1 is-cropped wp-block-gallery-1 is-layout-flex wp-block-gallery-is-layout-flex\"><ul class=\"blocks-gallery-grid\"><li class=\"blocks-gallery-item\"><figure><a href=\"https:\/\/www.feuerwehr-matzen.at\/wp-content\/uploads\/2019\/07\/einsatzbereich.jpg\"><img loading=\"lazy\" decoding=\"async\" width=\"1024\" height=\"593\" src=\"https:\/\/www.feuerwehr-matzen.at\/wp-content\/uploads\/2019\/07\/einsatzbereich-1024x593.jpg\" alt=\"\" data-id=\"6048\" data-full-url=\"https:\/\/www.feuerwehr-matzen.at\/wp-content\/uploads\/2019\/07\/einsatzbereich.jpg\" data-link=\"https:\/\/www.feuerwehr-matzen.at\/?attachment_id=6048\" class=\"wp-image-6048\" srcset=\"https:\/\/www.feuerwehr-matzen.at\/wp-content\/uploads\/2019\/07\/einsatzbereich-1024x593.jpg 1024w, https:\/\/www.feuerwehr-matzen.at\/wp-content\/uploads\/2019\/07\/einsatzbereich-300x174.jpg 300w, https:\/\/www.feuerwehr-matzen.at\/wp-content\/uploads\/2019\/07\/einsatzbereich-768x445.jpg 768w, https:\/\/www.feuerwehr-matzen.at\/wp-content\/uploads\/2019\/07\/einsatzbereich.jpg 1600w\" sizes=\"auto, (max-width: 1024px) 100vw, 1024px\" \/><\/a><\/figure><\/li><\/ul><\/figure>\n","protected":false},"excerpt":{"rendered":"<p>Der Einsatzbereich der Feuerwehr Matzen gliedert sich aus dem gesamten Ortsgebiet und Stra\u00dfen rund um Matzen bis zu bestimmten Punkten, sowie einige OMV Stationen, zu denen wir im Einsatzfall ausr\u00fccken m\u00fcssen. Au\u00dferdem kann die Feuerwehr Matzen bei gr\u00f6\u00dferen Eins\u00e4tzen auch <a class=\"more-link\" href=\"https:\/\/www.feuerwehr-matzen.at\/?page_id=43\">weiterlesen  <span class=\"screen-reader-text\">  Einsatzbereich<\/span><span class=\"meta-nav\">&rarr;<\/span><\/a><\/p>\n","protected":false},"author":6,"featured_media":0,"parent":0,"menu_order":0,"comment_status":"closed","ping_status":"open","template":"","meta":{"footnotes":""},"class_list":["post-43","page","type-page","status-publish","hentry"],"_links":{"self":[{"href":"https:\/\/www.feuerwehr-matzen.at\/index.php?rest_route=\/wp\/v2\/pages\/43","targetHints":{"allow":["GET"]}}],"collection":[{"href":"https:\/\/www.feuerwehr-matzen.at\/index.php?rest_route=\/wp\/v2\/pages"}],"about":[{"href":"https:\/\/www.feuerwehr-matzen.at\/index.php?rest_route=\/wp\/v2\/types\/page"}],"author":[{"embeddable":true,"href":"https:\/\/www.feuerwehr-matzen.at\/index.php?rest_route=\/wp\/v2\/users\/6"}],"replies":[{"embeddable":true,"href":"https:\/\/www.feuerwehr-matzen.at\/index.php?rest_route=%2Fwp%2Fv2%2Fcomments&post=43"}],"version-history":[{"count":15,"href":"https:\/\/www.feuerwehr-matzen.at\/index.php?rest_route=\/wp\/v2\/pages\/43\/revisions"}],"predecessor-version":[{"id":6928,"href":"https:\/\/www.feuerwehr-matzen.at\/index.php?rest_route=\/wp\/v2\/pages\/43\/revisions\/6928"}],"wp:attachment":[{"href":"https:\/\/www.feuerwehr-matzen.at\/index.php?rest_route=%2Fwp%2Fv2%2Fmedia&parent=43"}],"curies":[{"name":"wp","href":"https:\/\/api.w.org\/{rel}","templated":true}]}}