{"id":4301,"date":"2015-09-21T12:27:58","date_gmt":"2015-09-21T10:27:58","guid":{"rendered":"http:\/\/www.feuerwehr-matzen.at\/?page_id=4301"},"modified":"2020-09-18T14:15:23","modified_gmt":"2020-09-18T12:15:23","slug":"17-september-2015","status":"publish","type":"page","link":"https:\/\/www.feuerwehr-matzen.at\/?page_id=4301","title":{"rendered":"17. September 2015"},"content":{"rendered":"<p><strong>Sturmschaden<\/strong><a title=\"Eins\u00e4tze\" href=\"https:\/\/www.feuerwehr-matzen.at\/?page_id=4106\"><img loading=\"lazy\" decoding=\"async\" class=\"alignright size-full wp-image-1833\" alt=\"return\" src=\"https:\/\/www.feuerwehr-matzen.at\/wp-content\/uploads\/2013\/07\/return.jpg\" width=\"65\" height=\"30\" \/><\/a><\/p>\n<p>Nach der \u00d6lspur am Montag und der Fahrzeugbergung zwei Tage sp\u00e4ter, r\u00fcckte die Matzner Feuerwehr am Donnerstag erneut aus. Um 21:24 alarmierte uns die Alarmzentrale zu einem Sturmschaden auf der L18 Richtung Spannberg. Da sich noch einige Kameraden nach der Jugendstunde im Feuerwehrhaus befanden, konnte das erste Fahrzeug wenige Augenblicke nach der Alarmierung ausr\u00fccken. An der Einsatzstelle, kurz nach der Ortstafel angekommen, wurde der Baum mittel Kettens\u00e4ge zerteilt und von der Fahrbahn entfernt. Nach der Reinigung der Verkehrsfl\u00e4chen konnten die Florianij\u00fcnger nach rund 15 Minuten wieder einr\u00fccken.<\/p>\n<p>Im Einsatz befindliche Fahrzeuge: RLF-A 2000, KDO<br \/>\nMannschaftsst\u00e4rke: 12<\/p>\n<p><a href=\"https:\/\/www.feuerwehr-matzen.at\/wp-content\/uploads\/2015\/09\/DSC00076.jpg\"><img loading=\"lazy\" decoding=\"async\" src=\"https:\/\/www.feuerwehr-matzen.at\/wp-content\/uploads\/2015\/09\/DSC00076-150x150.jpg\" alt=\"DSC00076\" width=\"150\" height=\"150\" class=\"alignleft size-thumbnail wp-image-4326\" \/><\/a><\/p>\n<p><a href=\"https:\/\/www.feuerwehr-matzen.at\/wp-content\/uploads\/2015\/09\/DSC00077.jpg\"><img loading=\"lazy\" decoding=\"async\" src=\"https:\/\/www.feuerwehr-matzen.at\/wp-content\/uploads\/2015\/09\/DSC00077-150x150.jpg\" alt=\"DSC00077\" width=\"150\" height=\"150\" class=\"alignleft size-thumbnail wp-image-4327\" \/><\/a><\/p>\n","protected":false},"excerpt":{"rendered":"<p>Sturmschaden Nach der \u00d6lspur am Montag und der Fahrzeugbergung zwei Tage sp\u00e4ter, r\u00fcckte die Matzner Feuerwehr am Donnerstag erneut aus. Um 21:24 alarmierte uns die Alarmzentrale zu einem Sturmschaden auf der L18 Richtung Spannberg. Da sich noch einige Kameraden nach <a class=\"more-link\" href=\"https:\/\/www.feuerwehr-matzen.at\/?page_id=4301\">weiterlesen  <span class=\"screen-reader-text\">  17. September 2015<\/span><span class=\"meta-nav\">&rarr;<\/span><\/a><\/p>\n","protected":false},"author":6,"featured_media":0,"parent":0,"menu_order":0,"comment_status":"closed","ping_status":"closed","template":"","meta":{"footnotes":""},"class_list":["post-4301","page","type-page","status-publish","hentry"],"_links":{"self":[{"href":"https:\/\/www.feuerwehr-matzen.at\/index.php?rest_route=\/wp\/v2\/pages\/4301","targetHints":{"allow":["GET"]}}],"collection":[{"href":"https:\/\/www.feuerwehr-matzen.at\/index.php?rest_route=\/wp\/v2\/pages"}],"about":[{"href":"https:\/\/www.feuerwehr-matzen.at\/index.php?rest_route=\/wp\/v2\/types\/page"}],"author":[{"embeddable":true,"href":"https:\/\/www.feuerwehr-matzen.at\/index.php?rest_route=\/wp\/v2\/users\/6"}],"replies":[{"embeddable":true,"href":"https:\/\/www.feuerwehr-matzen.at\/index.php?rest_route=%2Fwp%2Fv2%2Fcomments&post=4301"}],"version-history":[{"count":3,"href":"https:\/\/www.feuerwehr-matzen.at\/index.php?rest_route=\/wp\/v2\/pages\/4301\/revisions"}],"predecessor-version":[{"id":4328,"href":"https:\/\/www.feuerwehr-matzen.at\/index.php?rest_route=\/wp\/v2\/pages\/4301\/revisions\/4328"}],"wp:attachment":[{"href":"https:\/\/www.feuerwehr-matzen.at\/index.php?rest_route=%2Fwp%2Fv2%2Fmedia&parent=4301"}],"curies":[{"name":"wp","href":"https:\/\/api.w.org\/{rel}","templated":true}]}}