{"id":4306,"date":"2015-09-21T12:32:01","date_gmt":"2015-09-21T10:32:01","guid":{"rendered":"http:\/\/www.feuerwehr-matzen.at\/?page_id=4306"},"modified":"2020-09-18T14:15:23","modified_gmt":"2020-09-18T12:15:23","slug":"14-september-2015","status":"publish","type":"page","link":"https:\/\/www.feuerwehr-matzen.at\/?page_id=4306","title":{"rendered":"14. September 2015"},"content":{"rendered":"<p><strong>\u00d6lspur<\/strong><a title=\"Eins\u00e4tze\" href=\"https:\/\/www.feuerwehr-matzen.at\/?page_id=4106\"><img loading=\"lazy\" decoding=\"async\" class=\"alignright size-full wp-image-1833\" alt=\"return\" src=\"https:\/\/www.feuerwehr-matzen.at\/wp-content\/uploads\/2013\/07\/return.jpg\" width=\"65\" height=\"30\" \/><\/a><\/p>\n<p>Montagnacht ert\u00f6nten um 23:02 die Sirenen und rissen die Matzner Einsatzkr\u00e4fte aus dem Schlaf. Es musste eine \u00d6lspur auf der Hauptstrasse gebunden werden. 11 Mann r\u00fcckten unverz\u00fcglich mit 2 Fahrzeugen zur Einsatzstelle aus. Ein Fahrzeug riss sich beim Befahren der Baustelle am Hauptplatz die Hydraulikleitung am Fahrzeug ab und zog eine ca. 100 Meter lange \u00d6lspur. Nachdem die Betriebsmittel gebunden und die Fahrbahn gereinigt wurde, konnten die Einsatzkr\u00e4fte nach rund 1 Stunde wieder einr\u00fccken und die Einsatzbereitschaft herstellen.<\/p>\n<p>Im Einsatz befindliche Fahrzeuge: RLF-A 2000, KDO<br \/>\nMannschaftsst\u00e4rke: 11<\/p>\n<p><a href=\"https:\/\/www.feuerwehr-matzen.at\/wp-content\/uploads\/2015\/09\/DSC00065.jpg\"><img loading=\"lazy\" decoding=\"async\" src=\"https:\/\/www.feuerwehr-matzen.at\/wp-content\/uploads\/2015\/09\/DSC00065-150x150.jpg\" alt=\"DSC00065\" width=\"150\" height=\"150\" class=\"alignleft size-thumbnail wp-image-4329\" \/><\/a><\/p>\n<p><a href=\"https:\/\/www.feuerwehr-matzen.at\/wp-content\/uploads\/2015\/09\/DSC00072.jpg\"><img loading=\"lazy\" decoding=\"async\" src=\"https:\/\/www.feuerwehr-matzen.at\/wp-content\/uploads\/2015\/09\/DSC00072-150x150.jpg\" alt=\"DSC00072\" width=\"150\" height=\"150\" class=\"alignleft size-thumbnail wp-image-4330\" \/><\/a><\/p>\n<p><a href=\"https:\/\/www.feuerwehr-matzen.at\/wp-content\/uploads\/2015\/09\/DSC00073.jpg\"><img loading=\"lazy\" decoding=\"async\" src=\"https:\/\/www.feuerwehr-matzen.at\/wp-content\/uploads\/2015\/09\/DSC00073-150x150.jpg\" alt=\"DSC00073\" width=\"150\" height=\"150\" class=\"alignleft size-thumbnail wp-image-4331\" \/><\/a><\/p>\n","protected":false},"excerpt":{"rendered":"<p>\u00d6lspur Montagnacht ert\u00f6nten um 23:02 die Sirenen und rissen die Matzner Einsatzkr\u00e4fte aus dem Schlaf. Es musste eine \u00d6lspur auf der Hauptstrasse gebunden werden. 11 Mann r\u00fcckten unverz\u00fcglich mit 2 Fahrzeugen zur Einsatzstelle aus. Ein Fahrzeug riss sich beim Befahren <a class=\"more-link\" href=\"https:\/\/www.feuerwehr-matzen.at\/?page_id=4306\">weiterlesen  <span class=\"screen-reader-text\">  14. September 2015<\/span><span class=\"meta-nav\">&rarr;<\/span><\/a><\/p>\n","protected":false},"author":6,"featured_media":0,"parent":0,"menu_order":0,"comment_status":"closed","ping_status":"closed","template":"","meta":{"footnotes":""},"class_list":["post-4306","page","type-page","status-publish","hentry"],"_links":{"self":[{"href":"https:\/\/www.feuerwehr-matzen.at\/index.php?rest_route=\/wp\/v2\/pages\/4306","targetHints":{"allow":["GET"]}}],"collection":[{"href":"https:\/\/www.feuerwehr-matzen.at\/index.php?rest_route=\/wp\/v2\/pages"}],"about":[{"href":"https:\/\/www.feuerwehr-matzen.at\/index.php?rest_route=\/wp\/v2\/types\/page"}],"author":[{"embeddable":true,"href":"https:\/\/www.feuerwehr-matzen.at\/index.php?rest_route=\/wp\/v2\/users\/6"}],"replies":[{"embeddable":true,"href":"https:\/\/www.feuerwehr-matzen.at\/index.php?rest_route=%2Fwp%2Fv2%2Fcomments&post=4306"}],"version-history":[{"count":3,"href":"https:\/\/www.feuerwehr-matzen.at\/index.php?rest_route=\/wp\/v2\/pages\/4306\/revisions"}],"predecessor-version":[{"id":4332,"href":"https:\/\/www.feuerwehr-matzen.at\/index.php?rest_route=\/wp\/v2\/pages\/4306\/revisions\/4332"}],"wp:attachment":[{"href":"https:\/\/www.feuerwehr-matzen.at\/index.php?rest_route=%2Fwp%2Fv2%2Fmedia&parent=4306"}],"curies":[{"name":"wp","href":"https:\/\/api.w.org\/{rel}","templated":true}]}}