{"id":4349,"date":"2015-10-23T14:01:34","date_gmt":"2015-10-23T12:01:34","guid":{"rendered":"http:\/\/www.feuerwehr-matzen.at\/?page_id=4349"},"modified":"2020-09-18T14:15:34","modified_gmt":"2020-09-18T12:15:34","slug":"22-oktober-2015","status":"publish","type":"page","link":"https:\/\/www.feuerwehr-matzen.at\/?page_id=4349","title":{"rendered":"22. Oktober 2015"},"content":{"rendered":"<p><strong>Verkehrsunfall<\/strong><a title=\"Eins\u00e4tze\" href=\"https:\/\/www.feuerwehr-matzen.at\/?page_id=4106\"><img loading=\"lazy\" decoding=\"async\" class=\"alignright size-full wp-image-1833\" alt=\"return\" src=\"https:\/\/www.feuerwehr-matzen.at\/wp-content\/uploads\/2013\/07\/return.jpg\" width=\"65\" height=\"30\" \/><\/a><\/p>\n<p>Am 22. Oktober wurde die Feuerwehr Matzen um 19:59 mittels Sirene, SMS Alarm und Pager zu einem Verkehrsunfall mit einer vermutlich eingeklemmten Person alarmiert. Aufgrund der Alarmstufe wurde zeitgleich auch die Feuerwehr Raggendorf zum Einsatzort auf der Schlo\u00dfstra\u00dfe in Matze beordert.<br \/>\nDa sich nach Ankunft der Feuerwehr niemand mehr im Fahrzeuginnerem befand, konnte die Feuerwehr Raggendorf bereits auf der Anfahrt wieder storniert werden. Nach der Freigabe des Unfallfahrzeuges durch die Polizei, konnte mit der Fahrzeugbergung begonnen werden. Zeitgleich wurde der Fahrer vom RK G\u00e4nserndorf behandelt. Mittels Seilwinde des R\u00fcstl\u00f6schfahrzeuges wurde das Fahrzeug gerade gezogen und auf die Abchleppachse gezogen. Im Anschluss wurde das Wrack auf den von der Polizei zugewiesenem Parkplatz abgestellt. Nach etwas \u00fcber einer Stunde konnten die Einsatzkr\u00e4fte wieder abr\u00fccken und die Einsatzbereitschaft herstellen.<\/p>\n<p>Im Einsatz befindliche Fahrzeuge: RLF-A 2000, KDO<br \/>\nMannschaftsst\u00e4rke: 15<br \/>\nsonstige Einsatzkr\u00e4fte: Polizei, NAW G\u00e4nserndorf, RK G\u00e4nserndorf, FF Raggendorf<\/p>\n<p><a href=\"https:\/\/www.feuerwehr-matzen.at\/wp-content\/uploads\/2015\/10\/DSC00213.jpg\"><img loading=\"lazy\" decoding=\"async\" src=\"https:\/\/www.feuerwehr-matzen.at\/wp-content\/uploads\/2015\/10\/DSC00213-150x150.jpg\" alt=\"DSC00213\" width=\"150\" height=\"150\" class=\"alignleft size-thumbnail wp-image-4350\" \/><\/a><\/p>\n<p><a href=\"https:\/\/www.feuerwehr-matzen.at\/wp-content\/uploads\/2015\/10\/DSC00218.jpg\"><img loading=\"lazy\" decoding=\"async\" src=\"https:\/\/www.feuerwehr-matzen.at\/wp-content\/uploads\/2015\/10\/DSC00218-150x150.jpg\" alt=\"DSC00218\" width=\"150\" height=\"150\" class=\"alignleft size-thumbnail wp-image-4351\" \/><\/a><\/p>\n<p><a href=\"https:\/\/www.feuerwehr-matzen.at\/wp-content\/uploads\/2015\/10\/DSC00224.jpg\"><img loading=\"lazy\" decoding=\"async\" src=\"https:\/\/www.feuerwehr-matzen.at\/wp-content\/uploads\/2015\/10\/DSC00224-150x150.jpg\" alt=\"DSC00224\" width=\"150\" height=\"150\" class=\"alignleft size-thumbnail wp-image-4352\" \/><\/a><\/p>\n<p><a href=\"https:\/\/www.feuerwehr-matzen.at\/wp-content\/uploads\/2015\/10\/DSC00225.jpg\"><img loading=\"lazy\" decoding=\"async\" src=\"https:\/\/www.feuerwehr-matzen.at\/wp-content\/uploads\/2015\/10\/DSC00225-150x150.jpg\" alt=\"DSC00225\" width=\"150\" height=\"150\" class=\"alignleft size-thumbnail wp-image-4353\" \/><\/a><\/p>\n","protected":false},"excerpt":{"rendered":"<p>Verkehrsunfall Am 22. Oktober wurde die Feuerwehr Matzen um 19:59 mittels Sirene, SMS Alarm und Pager zu einem Verkehrsunfall mit einer vermutlich eingeklemmten Person alarmiert. Aufgrund der Alarmstufe wurde zeitgleich auch die Feuerwehr Raggendorf zum Einsatzort auf der Schlo\u00dfstra\u00dfe in <a class=\"more-link\" href=\"https:\/\/www.feuerwehr-matzen.at\/?page_id=4349\">weiterlesen  <span class=\"screen-reader-text\">  22. Oktober 2015<\/span><span class=\"meta-nav\">&rarr;<\/span><\/a><\/p>\n","protected":false},"author":6,"featured_media":0,"parent":0,"menu_order":0,"comment_status":"closed","ping_status":"closed","template":"","meta":{"footnotes":""},"class_list":["post-4349","page","type-page","status-publish","hentry"],"_links":{"self":[{"href":"https:\/\/www.feuerwehr-matzen.at\/index.php?rest_route=\/wp\/v2\/pages\/4349","targetHints":{"allow":["GET"]}}],"collection":[{"href":"https:\/\/www.feuerwehr-matzen.at\/index.php?rest_route=\/wp\/v2\/pages"}],"about":[{"href":"https:\/\/www.feuerwehr-matzen.at\/index.php?rest_route=\/wp\/v2\/types\/page"}],"author":[{"embeddable":true,"href":"https:\/\/www.feuerwehr-matzen.at\/index.php?rest_route=\/wp\/v2\/users\/6"}],"replies":[{"embeddable":true,"href":"https:\/\/www.feuerwehr-matzen.at\/index.php?rest_route=%2Fwp%2Fv2%2Fcomments&post=4349"}],"version-history":[{"count":2,"href":"https:\/\/www.feuerwehr-matzen.at\/index.php?rest_route=\/wp\/v2\/pages\/4349\/revisions"}],"predecessor-version":[{"id":4356,"href":"https:\/\/www.feuerwehr-matzen.at\/index.php?rest_route=\/wp\/v2\/pages\/4349\/revisions\/4356"}],"wp:attachment":[{"href":"https:\/\/www.feuerwehr-matzen.at\/index.php?rest_route=%2Fwp%2Fv2%2Fmedia&parent=4349"}],"curies":[{"name":"wp","href":"https:\/\/api.w.org\/{rel}","templated":true}]}}