{"id":4376,"date":"2015-11-07T19:38:43","date_gmt":"2015-11-07T17:38:43","guid":{"rendered":"http:\/\/www.feuerwehr-matzen.at\/?page_id=4376"},"modified":"2020-09-18T14:15:23","modified_gmt":"2020-09-18T12:15:23","slug":"17-november-2015","status":"publish","type":"page","link":"https:\/\/www.feuerwehr-matzen.at\/?page_id=4376","title":{"rendered":"17. November 2015"},"content":{"rendered":"<p><strong>Gasbrandbek\u00e4mpfung<\/strong><a title=\"\u00dcbungen 2015\" href=\"https:\/\/www.feuerwehr-matzen.at\/?page_id=4177\"><img loading=\"lazy\" decoding=\"async\" class=\"alignright size-full wp-image-1833\" alt=\"return\" src=\"https:\/\/www.feuerwehr-matzen.at\/wp-content\/uploads\/2013\/07\/return.jpg\" width=\"65\" height=\"30\" \/><\/a><\/p>\n<p>Am 7. November hatte die Feuerwehr Matzen die M\u00f6glichkeit am \u00dcbunggel\u00e4nde der Betriebsfeuerwehr OMV G\u00e4nserndorf eine Gasbrandbek\u00e4mpfung durchzuf\u00fchren. Unter Anleitung eines Ausbilders der BTF konnten verschieden Szenarien abgearbeitet werden.<br \/>\nUm 10:45 r\u00fcckten 6 Kameraden der Feuerwehr Matzen auf das \u00dcbungsgel\u00e4nde mit dem R\u00fcstl\u00f6schfahrzeug aus. Nach einer theoretischen SIcherheitsunterweisung konnte mit dem praktischen Teil begonnen werden. Es musste zuerst der Brand eines mit 60 Bar vertikal, austretenden Gases bek\u00e4mpft, sowie im Anschluss inertisiert werden. Im Anschluss wurde eine Leckage mit Menschenrettung simuliert. Der Trupp musste sich unter Vornahme eines Hohlstrahlrohres so nah wie m\u00f6glich an die Flammen n\u00e4hern. Nachdem alle Teilnehmer die Station abgearbeitetet hatten, wurde zur n\u00e4chsten Station \u00fcbergegangen. Diesesmal musste der Brand einer Leckage mittels Pulverl\u00f6scher abgel\u00f6scht werden. Nach rund 1 1\/2 Stunden intensiever Ausbildung konnten die Einsatzkr\u00e4fte wieder abr\u00fccken.<\/p>\n<p><a href=\"https:\/\/www.feuerwehr-matzen.at\/wp-content\/uploads\/2015\/11\/DSC00276.jpg\"><img loading=\"lazy\" decoding=\"async\" src=\"https:\/\/www.feuerwehr-matzen.at\/wp-content\/uploads\/2015\/11\/DSC00276-150x150.jpg\" alt=\"DSC00276\" width=\"150\" height=\"150\" class=\"alignleft size-thumbnail wp-image-4379\" \/><\/a><\/p>\n<p><a href=\"https:\/\/www.feuerwehr-matzen.at\/wp-content\/uploads\/2015\/11\/DSC00282.jpg\"><img loading=\"lazy\" decoding=\"async\" src=\"https:\/\/www.feuerwehr-matzen.at\/wp-content\/uploads\/2015\/11\/DSC00282-150x150.jpg\" alt=\"DSC00282\" width=\"150\" height=\"150\" class=\"alignleft size-thumbnail wp-image-4380\" \/><\/a><\/p>\n<p><a href=\"https:\/\/www.feuerwehr-matzen.at\/wp-content\/uploads\/2015\/11\/DSC00288.jpg\"><img loading=\"lazy\" decoding=\"async\" src=\"https:\/\/www.feuerwehr-matzen.at\/wp-content\/uploads\/2015\/11\/DSC00288-150x150.jpg\" alt=\"DSC00288\" width=\"150\" height=\"150\" class=\"alignleft size-thumbnail wp-image-4381\" \/><\/a><\/p>\n<p><a href=\"https:\/\/www.feuerwehr-matzen.at\/wp-content\/uploads\/2015\/11\/DSC00290.jpg\"><img loading=\"lazy\" decoding=\"async\" src=\"https:\/\/www.feuerwehr-matzen.at\/wp-content\/uploads\/2015\/11\/DSC00290-150x150.jpg\" alt=\"DSC00290\" width=\"150\" height=\"150\" class=\"alignleft size-thumbnail wp-image-4382\" \/><\/a><\/p>\n","protected":false},"excerpt":{"rendered":"<p>Gasbrandbek\u00e4mpfung Am 7. November hatte die Feuerwehr Matzen die M\u00f6glichkeit am \u00dcbunggel\u00e4nde der Betriebsfeuerwehr OMV G\u00e4nserndorf eine Gasbrandbek\u00e4mpfung durchzuf\u00fchren. Unter Anleitung eines Ausbilders der BTF konnten verschieden Szenarien abgearbeitet werden. Um 10:45 r\u00fcckten 6 Kameraden der Feuerwehr Matzen auf das <a class=\"more-link\" href=\"https:\/\/www.feuerwehr-matzen.at\/?page_id=4376\">weiterlesen  <span class=\"screen-reader-text\">  17. November 2015<\/span><span class=\"meta-nav\">&rarr;<\/span><\/a><\/p>\n","protected":false},"author":6,"featured_media":0,"parent":0,"menu_order":0,"comment_status":"closed","ping_status":"closed","template":"","meta":{"footnotes":""},"class_list":["post-4376","page","type-page","status-publish","hentry"],"_links":{"self":[{"href":"https:\/\/www.feuerwehr-matzen.at\/index.php?rest_route=\/wp\/v2\/pages\/4376","targetHints":{"allow":["GET"]}}],"collection":[{"href":"https:\/\/www.feuerwehr-matzen.at\/index.php?rest_route=\/wp\/v2\/pages"}],"about":[{"href":"https:\/\/www.feuerwehr-matzen.at\/index.php?rest_route=\/wp\/v2\/types\/page"}],"author":[{"embeddable":true,"href":"https:\/\/www.feuerwehr-matzen.at\/index.php?rest_route=\/wp\/v2\/users\/6"}],"replies":[{"embeddable":true,"href":"https:\/\/www.feuerwehr-matzen.at\/index.php?rest_route=%2Fwp%2Fv2%2Fcomments&post=4376"}],"version-history":[{"count":4,"href":"https:\/\/www.feuerwehr-matzen.at\/index.php?rest_route=\/wp\/v2\/pages\/4376\/revisions"}],"predecessor-version":[{"id":4390,"href":"https:\/\/www.feuerwehr-matzen.at\/index.php?rest_route=\/wp\/v2\/pages\/4376\/revisions\/4390"}],"wp:attachment":[{"href":"https:\/\/www.feuerwehr-matzen.at\/index.php?rest_route=%2Fwp%2Fv2%2Fmedia&parent=4376"}],"curies":[{"name":"wp","href":"https:\/\/api.w.org\/{rel}","templated":true}]}}