{"id":4385,"date":"2015-11-07T19:57:59","date_gmt":"2015-11-07T17:57:59","guid":{"rendered":"http:\/\/www.feuerwehr-matzen.at\/?page_id=4385"},"modified":"2020-09-18T14:15:23","modified_gmt":"2020-09-18T12:15:23","slug":"17-november-2015-2","status":"publish","type":"page","link":"https:\/\/www.feuerwehr-matzen.at\/?page_id=4385","title":{"rendered":"17. November 2015"},"content":{"rendered":"<p><strong>Atemschutzchallenge<\/strong><a title=\"\u00dcbungen 2015\" href=\"https:\/\/www.feuerwehr-matzen.at\/?page_id=4177\"><img loading=\"lazy\" decoding=\"async\" class=\"alignright size-full wp-image-1833\" alt=\"return\" src=\"https:\/\/www.feuerwehr-matzen.at\/wp-content\/uploads\/2013\/07\/return.jpg\" width=\"65\" height=\"30\" \/><\/a><\/p>\n<p>Am 7. November fand eine Atemschutzchallenge im Feuerwehrhaus Matzen statt. Die Kameraden der \u00f6rtlichen Feuerwehr konnten sich  in drei Stationen das Arbeiten unter schweren Atemschutz messen. Nat\u00fcrlich wurde hir vorrangig auf das richtige Vorgehen geachtet. In der ersten Station ging es um das richtige Ausr\u00fcsten mit den ATS-Ger\u00e4ten. Hier gab es f\u00fcr falsch angelegte Ger\u00e4tschaften bzw. fehlende Schutzr\u00fcstung Strafzeiten. In der n\u00e4chsten Station musste eine Menschenrettung mittels Fluchthaube mit simulierter Nullsicht durchgef\u00fchrt werden. Quer durch das Feuerwehrhaus musste die Person durch aufgestellte Hindernisse gerettet werden. In der letzten Station wurde unter &#8222;realen&#8220; Bedingungen eine Brandbek\u00e4mpfung mit Menschenrettung durchgef\u00fchrt. Der Dachboden wurde mittels Nebelmaschine verraucht und ein \u00dcbungspuppe versteckt. MIttels WBK musste die Person gefunden und gerettet werden, sowie im Anschluss die Brandbek\u00e4mpfung durchgef\u00fchrt werden. Nach rund 3 1\/2 Stunden wurde im Anschluss an die Nachbesprechung die \u00dcbung beendet.<\/p>\n<p><a href=\"https:\/\/www.feuerwehr-matzen.at\/wp-content\/uploads\/2015\/11\/DSC00296.jpg\"><img loading=\"lazy\" decoding=\"async\" src=\"https:\/\/www.feuerwehr-matzen.at\/wp-content\/uploads\/2015\/11\/DSC00296-150x150.jpg\" alt=\"DSC00296\" width=\"150\" height=\"150\" class=\"alignleft size-thumbnail wp-image-4386\" \/><\/a><\/p>\n<p><a href=\"https:\/\/www.feuerwehr-matzen.at\/wp-content\/uploads\/2015\/11\/DSC00297.jpg\"><img loading=\"lazy\" decoding=\"async\" src=\"https:\/\/www.feuerwehr-matzen.at\/wp-content\/uploads\/2015\/11\/DSC00297-150x150.jpg\" alt=\"DSC00297\" width=\"150\" height=\"150\" class=\"alignleft size-thumbnail wp-image-4387\" \/><\/a><\/p>\n","protected":false},"excerpt":{"rendered":"<p>Atemschutzchallenge Am 7. November fand eine Atemschutzchallenge im Feuerwehrhaus Matzen statt. Die Kameraden der \u00f6rtlichen Feuerwehr konnten sich in drei Stationen das Arbeiten unter schweren Atemschutz messen. Nat\u00fcrlich wurde hir vorrangig auf das richtige Vorgehen geachtet. In der ersten Station <a class=\"more-link\" href=\"https:\/\/www.feuerwehr-matzen.at\/?page_id=4385\">weiterlesen  <span class=\"screen-reader-text\">  17. November 2015<\/span><span class=\"meta-nav\">&rarr;<\/span><\/a><\/p>\n","protected":false},"author":6,"featured_media":0,"parent":0,"menu_order":0,"comment_status":"closed","ping_status":"closed","template":"","meta":{"footnotes":""},"class_list":["post-4385","page","type-page","status-publish","hentry"],"_links":{"self":[{"href":"https:\/\/www.feuerwehr-matzen.at\/index.php?rest_route=\/wp\/v2\/pages\/4385","targetHints":{"allow":["GET"]}}],"collection":[{"href":"https:\/\/www.feuerwehr-matzen.at\/index.php?rest_route=\/wp\/v2\/pages"}],"about":[{"href":"https:\/\/www.feuerwehr-matzen.at\/index.php?rest_route=\/wp\/v2\/types\/page"}],"author":[{"embeddable":true,"href":"https:\/\/www.feuerwehr-matzen.at\/index.php?rest_route=\/wp\/v2\/users\/6"}],"replies":[{"embeddable":true,"href":"https:\/\/www.feuerwehr-matzen.at\/index.php?rest_route=%2Fwp%2Fv2%2Fcomments&post=4385"}],"version-history":[{"count":1,"href":"https:\/\/www.feuerwehr-matzen.at\/index.php?rest_route=\/wp\/v2\/pages\/4385\/revisions"}],"predecessor-version":[{"id":4388,"href":"https:\/\/www.feuerwehr-matzen.at\/index.php?rest_route=\/wp\/v2\/pages\/4385\/revisions\/4388"}],"wp:attachment":[{"href":"https:\/\/www.feuerwehr-matzen.at\/index.php?rest_route=%2Fwp%2Fv2%2Fmedia&parent=4385"}],"curies":[{"name":"wp","href":"https:\/\/api.w.org\/{rel}","templated":true}]}}