{"id":4391,"date":"2015-11-09T18:19:48","date_gmt":"2015-11-09T16:19:48","guid":{"rendered":"http:\/\/www.feuerwehr-matzen.at\/?page_id=4391"},"modified":"2020-09-18T14:15:11","modified_gmt":"2020-09-18T12:15:11","slug":"09-november-2015","status":"publish","type":"page","link":"https:\/\/www.feuerwehr-matzen.at\/?page_id=4391","title":{"rendered":"09. November 2015"},"content":{"rendered":"<p><strong>Monats\u00fcbung<\/strong><a title=\"\u00dcbungen 2015\" href=\"https:\/\/www.feuerwehr-matzen.at\/?page_id=4177\"><img loading=\"lazy\" decoding=\"async\" class=\"alignright size-full wp-image-1833\" alt=\"return\" src=\"https:\/\/www.feuerwehr-matzen.at\/wp-content\/uploads\/2013\/07\/return.jpg\" width=\"65\" height=\"30\" \/><\/a><\/p>\n<p>Am 09. November 2015 fand die Monats\u00fcbung November statt. \u00dcbungsthema war ein Zimmerbrand mit Menschenrettung. 5 verletzte Personen mussten aus einem Einfamilienhaus gerettet werden. Um 19:00 startete die \u00dcbung mit dem Ausr\u00fccken der 14 Einsatzkr\u00e4fte. Mit beiden Fahrzeugen begaben sich die Matzner Florianij\u00fcnger am \u00dcbungsort auf der Hofrat D\u00f6ltl-Stra\u00dfe. Der Einsatzleiter ordnete unverz\u00fcglich die Menschenrettung unter schwerem Atemschutz an. Zeitgleich mussten die Einsatzkr\u00e4fte eine Zubringleitung errichten. In weiterer Folge wurde eine Einsatzleitung im Kommandofahrzeug eingerichtet und die Einsatzstele abgesichert. Nachdem die alle Verletzten gerettet und Brand aus gegeben werden konnte, r\u00fcckten die Einsatzkr\u00e4fte nach rund 1 Stunde wieder ins Feuerwehrhaus zur \u00dcbungsnachbesprechung ein.<\/p>\n<p><a href=\"https:\/\/www.feuerwehr-matzen.at\/wp-content\/uploads\/2015\/11\/DSC00308.jpg\"><img loading=\"lazy\" decoding=\"async\" src=\"https:\/\/www.feuerwehr-matzen.at\/wp-content\/uploads\/2015\/11\/DSC00308-150x150.jpg\" alt=\"DSC00308\" width=\"150\" height=\"150\" class=\"alignleft size-thumbnail wp-image-4394\" \/><\/a><\/p>\n<p><a href=\"https:\/\/www.feuerwehr-matzen.at\/wp-content\/uploads\/2015\/11\/DSC00310.jpg\"><img loading=\"lazy\" decoding=\"async\" src=\"https:\/\/www.feuerwehr-matzen.at\/wp-content\/uploads\/2015\/11\/DSC00310-150x150.jpg\" alt=\"DSC00310\" width=\"150\" height=\"150\" class=\"alignleft size-thumbnail wp-image-4395\" \/><\/a><\/p>\n<p><a href=\"https:\/\/www.feuerwehr-matzen.at\/wp-content\/uploads\/2015\/11\/DSC00315.jpg\"><img loading=\"lazy\" decoding=\"async\" src=\"https:\/\/www.feuerwehr-matzen.at\/wp-content\/uploads\/2015\/11\/DSC00315-150x150.jpg\" alt=\"DSC00315\" width=\"150\" height=\"150\" class=\"alignleft size-thumbnail wp-image-4396\" \/><\/a><\/p>\n<p><a href=\"https:\/\/www.feuerwehr-matzen.at\/wp-content\/uploads\/2015\/11\/DSC00319.jpg\"><img loading=\"lazy\" decoding=\"async\" src=\"https:\/\/www.feuerwehr-matzen.at\/wp-content\/uploads\/2015\/11\/DSC00319-150x150.jpg\" alt=\"DSC00319\" width=\"150\" height=\"150\" class=\"alignleft size-thumbnail wp-image-4397\" \/><\/a><\/p>\n<p><a href=\"https:\/\/www.feuerwehr-matzen.at\/wp-content\/uploads\/2015\/11\/DSC00321.jpg\"><img loading=\"lazy\" decoding=\"async\" src=\"https:\/\/www.feuerwehr-matzen.at\/wp-content\/uploads\/2015\/11\/DSC00321-150x150.jpg\" alt=\"DSC00321\" width=\"150\" height=\"150\" class=\"alignleft size-thumbnail wp-image-4398\" \/><\/a><\/p>\n<p><a href=\"https:\/\/www.feuerwehr-matzen.at\/wp-content\/uploads\/2015\/11\/DSC00324.jpg\"><img loading=\"lazy\" decoding=\"async\" src=\"https:\/\/www.feuerwehr-matzen.at\/wp-content\/uploads\/2015\/11\/DSC00324-150x150.jpg\" alt=\"DSC00324\" width=\"150\" height=\"150\" class=\"alignleft size-thumbnail wp-image-4399\" \/><\/a><\/p>\n","protected":false},"excerpt":{"rendered":"<p>Monats\u00fcbung Am 09. November 2015 fand die Monats\u00fcbung November statt. \u00dcbungsthema war ein Zimmerbrand mit Menschenrettung. 5 verletzte Personen mussten aus einem Einfamilienhaus gerettet werden. Um 19:00 startete die \u00dcbung mit dem Ausr\u00fccken der 14 Einsatzkr\u00e4fte. Mit beiden Fahrzeugen begaben <a class=\"more-link\" href=\"https:\/\/www.feuerwehr-matzen.at\/?page_id=4391\">weiterlesen  <span class=\"screen-reader-text\">  09. November 2015<\/span><span class=\"meta-nav\">&rarr;<\/span><\/a><\/p>\n","protected":false},"author":6,"featured_media":0,"parent":0,"menu_order":0,"comment_status":"closed","ping_status":"closed","template":"","meta":{"footnotes":""},"class_list":["post-4391","page","type-page","status-publish","hentry"],"_links":{"self":[{"href":"https:\/\/www.feuerwehr-matzen.at\/index.php?rest_route=\/wp\/v2\/pages\/4391","targetHints":{"allow":["GET"]}}],"collection":[{"href":"https:\/\/www.feuerwehr-matzen.at\/index.php?rest_route=\/wp\/v2\/pages"}],"about":[{"href":"https:\/\/www.feuerwehr-matzen.at\/index.php?rest_route=\/wp\/v2\/types\/page"}],"author":[{"embeddable":true,"href":"https:\/\/www.feuerwehr-matzen.at\/index.php?rest_route=\/wp\/v2\/users\/6"}],"replies":[{"embeddable":true,"href":"https:\/\/www.feuerwehr-matzen.at\/index.php?rest_route=%2Fwp%2Fv2%2Fcomments&post=4391"}],"version-history":[{"count":3,"href":"https:\/\/www.feuerwehr-matzen.at\/index.php?rest_route=\/wp\/v2\/pages\/4391\/revisions"}],"predecessor-version":[{"id":4400,"href":"https:\/\/www.feuerwehr-matzen.at\/index.php?rest_route=\/wp\/v2\/pages\/4391\/revisions\/4400"}],"wp:attachment":[{"href":"https:\/\/www.feuerwehr-matzen.at\/index.php?rest_route=%2Fwp%2Fv2%2Fmedia&parent=4391"}],"curies":[{"name":"wp","href":"https:\/\/api.w.org\/{rel}","templated":true}]}}