{"id":4402,"date":"2015-11-16T22:54:11","date_gmt":"2015-11-16T20:54:11","guid":{"rendered":"http:\/\/www.feuerwehr-matzen.at\/?page_id=4402"},"modified":"2020-09-18T14:15:23","modified_gmt":"2020-09-18T12:15:23","slug":"16-november-2015","status":"publish","type":"page","link":"https:\/\/www.feuerwehr-matzen.at\/?page_id=4402","title":{"rendered":"16. November 2015"},"content":{"rendered":"<p><strong>Verkehrsunfall<\/strong><a title=\"Eins\u00e4tze\" href=\"https:\/\/www.feuerwehr-matzen.at\/?page_id=4106\"><img loading=\"lazy\" decoding=\"async\" class=\"alignright size-full wp-image-1833\" alt=\"return\" src=\"https:\/\/www.feuerwehr-matzen.at\/wp-content\/uploads\/2013\/07\/return.jpg\" width=\"65\" height=\"30\" \/><\/a><\/p>\n<p>Am 16. November wurde die Feuerwehr Matzen um 09:20 Uhr mittels Sirene, Pager und SMS-Alarm zu einer Fahrzeugbergung nach Verkehrsunfall auf die L19 Richtung Prottes alarmiert. Bereits bei der Ausfahrt war bekannt, dass es keine Verletzen gibt und die Polizei bereits vor Ort ist. Der PKW Lenker verlor nach einer Kurve die Kontrolle \u00fcber sein Fahrzeug und rutschte in Folge \u00fcber eine B\u00f6schung in den Stra\u00dfengraben. 10 Kameraden r\u00fcckten mit 2 Fahrzeugen zum Einsatzort aus. Nach der routinem\u00e4\u00dfigen Absicherung der Einsatzstelle und Erkundung durch den Einsatzleiter, wurde beschlossen das Fahrzeug nicht \u00fcber die B\u00f6schung zur\u00fcck, sondern r\u00fcckw\u00e4rts aus dem Feld zu schleppen,  um weitere Besch\u00e4digungen zu vermeiden. Mittels Abschleppachse wurde das Unfallauto im Anschluss auf den von der Polizei zugewiesenen Platz verbracht. Nach einer Stunde konnten die Einsatzkr\u00e4fte wieder abr\u00fccken und die Einsatzbereitschaft herstellen.<\/p>\n<p>Im Einsatz befindliche Fahrzeuge: RLF-A 2000, KDO<br \/>\nMannschaftsst\u00e4rke: 10<br \/>\nsonstige Einsatzkr\u00e4fte: Polizei<\/p>\n<p><a href=\"https:\/\/www.feuerwehr-matzen.at\/wp-content\/uploads\/2015\/11\/DSC00334.jpg\"><img loading=\"lazy\" decoding=\"async\" src=\"https:\/\/www.feuerwehr-matzen.at\/wp-content\/uploads\/2015\/11\/DSC00334-150x150.jpg\" alt=\"DSC00334\" width=\"150\" height=\"150\" class=\"alignleft size-thumbnail wp-image-4403\" \/><\/a><\/p>\n<p><a href=\"https:\/\/www.feuerwehr-matzen.at\/wp-content\/uploads\/2015\/11\/DSC00340.jpg\"><img loading=\"lazy\" decoding=\"async\" src=\"https:\/\/www.feuerwehr-matzen.at\/wp-content\/uploads\/2015\/11\/DSC00340-150x150.jpg\" alt=\"DSC00340\" width=\"150\" height=\"150\" class=\"alignleft size-thumbnail wp-image-4404\" \/><\/a><\/p>\n<p><a href=\"https:\/\/www.feuerwehr-matzen.at\/wp-content\/uploads\/2015\/11\/DSC00342.jpg\"><img loading=\"lazy\" decoding=\"async\" src=\"https:\/\/www.feuerwehr-matzen.at\/wp-content\/uploads\/2015\/11\/DSC00342-150x150.jpg\" alt=\"DSC00342\" width=\"150\" height=\"150\" class=\"alignleft size-thumbnail wp-image-4405\" \/><\/a><\/p>\n<p><a href=\"https:\/\/www.feuerwehr-matzen.at\/wp-content\/uploads\/2015\/11\/DSC00347.jpg\"><img loading=\"lazy\" decoding=\"async\" src=\"https:\/\/www.feuerwehr-matzen.at\/wp-content\/uploads\/2015\/11\/DSC00347-150x150.jpg\" alt=\"DSC00347\" width=\"150\" height=\"150\" class=\"alignleft size-thumbnail wp-image-4406\" \/><\/a><\/p>\n","protected":false},"excerpt":{"rendered":"<p>Verkehrsunfall Am 16. November wurde die Feuerwehr Matzen um 09:20 Uhr mittels Sirene, Pager und SMS-Alarm zu einer Fahrzeugbergung nach Verkehrsunfall auf die L19 Richtung Prottes alarmiert. Bereits bei der Ausfahrt war bekannt, dass es keine Verletzen gibt und die <a class=\"more-link\" href=\"https:\/\/www.feuerwehr-matzen.at\/?page_id=4402\">weiterlesen  <span class=\"screen-reader-text\">  16. November 2015<\/span><span class=\"meta-nav\">&rarr;<\/span><\/a><\/p>\n","protected":false},"author":6,"featured_media":0,"parent":0,"menu_order":0,"comment_status":"closed","ping_status":"closed","template":"","meta":{"footnotes":""},"class_list":["post-4402","page","type-page","status-publish","hentry"],"_links":{"self":[{"href":"https:\/\/www.feuerwehr-matzen.at\/index.php?rest_route=\/wp\/v2\/pages\/4402","targetHints":{"allow":["GET"]}}],"collection":[{"href":"https:\/\/www.feuerwehr-matzen.at\/index.php?rest_route=\/wp\/v2\/pages"}],"about":[{"href":"https:\/\/www.feuerwehr-matzen.at\/index.php?rest_route=\/wp\/v2\/types\/page"}],"author":[{"embeddable":true,"href":"https:\/\/www.feuerwehr-matzen.at\/index.php?rest_route=\/wp\/v2\/users\/6"}],"replies":[{"embeddable":true,"href":"https:\/\/www.feuerwehr-matzen.at\/index.php?rest_route=%2Fwp%2Fv2%2Fcomments&post=4402"}],"version-history":[{"count":1,"href":"https:\/\/www.feuerwehr-matzen.at\/index.php?rest_route=\/wp\/v2\/pages\/4402\/revisions"}],"predecessor-version":[{"id":4407,"href":"https:\/\/www.feuerwehr-matzen.at\/index.php?rest_route=\/wp\/v2\/pages\/4402\/revisions\/4407"}],"wp:attachment":[{"href":"https:\/\/www.feuerwehr-matzen.at\/index.php?rest_route=%2Fwp%2Fv2%2Fmedia&parent=4402"}],"curies":[{"name":"wp","href":"https:\/\/api.w.org\/{rel}","templated":true}]}}