{"id":4442,"date":"2016-01-11T10:49:21","date_gmt":"2016-01-11T08:49:21","guid":{"rendered":"http:\/\/www.feuerwehr-matzen.at\/?page_id=4442"},"modified":"2020-09-18T14:15:23","modified_gmt":"2020-09-18T12:15:23","slug":"10-jaenner-2016","status":"publish","type":"page","link":"https:\/\/www.feuerwehr-matzen.at\/?page_id=4442","title":{"rendered":"10. J\u00e4nner 2016"},"content":{"rendered":"<p><strong>Verkehrsunfall<\/strong><a title=\"Eins\u00e4tze\" href=\"https:\/\/www.feuerwehr-matzen.at\/?page_id=4413\"><img loading=\"lazy\" decoding=\"async\" class=\"alignright size-full wp-image-1833\" alt=\"return\" src=\"https:\/\/www.feuerwehr-matzen.at\/wp-content\/uploads\/2013\/07\/return.jpg\" width=\"65\" height=\"30\" \/><\/a><\/p>\n<p>Am 10. J\u00e4nner 2016, nur wenige Stunden nach dem Ende des Feuerwehrballs, wurde die Feuerwehr Matzen um 09:14 Uhr mittels Sirene, Pager und SMS-Alarm zu einem Verkehrsunfall auf der L18 Richtung Spannberg alarmiert. Kurz darauf r\u00fcckten 15 Mann mit 2 Fahrzeugen zum Ungl\u00fccksort aus. Ein PKW kam auf der rutschigen Fahrbahn von der Fahrbahn, \u00fcberschlug sich im Stra\u00dfengraben und kam in Folge auf dem Dach zum Stillstand. Wie durch ein Wunder wurde die Fahrzeuglenkerin dabei nicht verletzt. Nach der Absicherung der Einsatzstelle wurde das Unfallwrack wieder auf die R\u00e4der gestellt und mittels Seilwinde zur\u00fcck auf die Stra\u00dfe gezogen. Im Anschluss musste das Fahrzeug mittels Abschleppachse auf den von der Polizei zugewiesenen Platz verbracht werden. Nach rund einer Stunde konnten die Matzner Einsatzkr\u00e4fte wieder einr\u00fccken.<\/p>\n<p>Im Einsatz befindliche Fahrzeuge: RLF-A 2000, KDO<br \/>\nMannschaftsst\u00e4rke: 15<br \/>\nsonstige Einsatzkr\u00e4fte: Polizei<\/p>\n<p><a href=\"https:\/\/www.feuerwehr-matzen.at\/wp-content\/uploads\/2016\/01\/DSC00389.jpg\"><img loading=\"lazy\" decoding=\"async\" src=\"https:\/\/www.feuerwehr-matzen.at\/wp-content\/uploads\/2016\/01\/DSC00389-150x150.jpg\" alt=\"DSC00389\" width=\"150\" height=\"150\" class=\"alignleft size-thumbnail wp-image-4444\" \/><\/a><\/p>\n<p><a href=\"https:\/\/www.feuerwehr-matzen.at\/wp-content\/uploads\/2016\/01\/DSC00400.jpg\"><img loading=\"lazy\" decoding=\"async\" src=\"https:\/\/www.feuerwehr-matzen.at\/wp-content\/uploads\/2016\/01\/DSC00400-150x150.jpg\" alt=\"DSC00400\" width=\"150\" height=\"150\" class=\"alignleft size-thumbnail wp-image-4445\" \/><\/a><\/p>\n<p><a href=\"https:\/\/www.feuerwehr-matzen.at\/wp-content\/uploads\/2016\/01\/DSC00402.jpg\"><img loading=\"lazy\" decoding=\"async\" src=\"https:\/\/www.feuerwehr-matzen.at\/wp-content\/uploads\/2016\/01\/DSC00402-150x150.jpg\" alt=\"DSC00402\" width=\"150\" height=\"150\" class=\"alignleft size-thumbnail wp-image-4446\" \/><\/a><\/p>\n<p><a href=\"https:\/\/www.feuerwehr-matzen.at\/wp-content\/uploads\/2016\/01\/DSC00406.jpg\"><img loading=\"lazy\" decoding=\"async\" src=\"https:\/\/www.feuerwehr-matzen.at\/wp-content\/uploads\/2016\/01\/DSC00406-150x150.jpg\" alt=\"DSC00406\" width=\"150\" height=\"150\" class=\"alignleft size-thumbnail wp-image-4447\" \/><\/a><\/p>\n<p><a href=\"https:\/\/www.feuerwehr-matzen.at\/wp-content\/uploads\/2016\/01\/DSC00407.jpg\"><img loading=\"lazy\" decoding=\"async\" src=\"https:\/\/www.feuerwehr-matzen.at\/wp-content\/uploads\/2016\/01\/DSC00407-150x150.jpg\" alt=\"DSC00407\" width=\"150\" height=\"150\" class=\"alignleft size-thumbnail wp-image-4448\" \/><\/a><\/p>\n<p><a href=\"https:\/\/www.feuerwehr-matzen.at\/wp-content\/uploads\/2016\/01\/DSC00421.jpg\"><img loading=\"lazy\" decoding=\"async\" src=\"https:\/\/www.feuerwehr-matzen.at\/wp-content\/uploads\/2016\/01\/DSC00421-150x150.jpg\" alt=\"DSC00421\" width=\"150\" height=\"150\" class=\"alignleft size-thumbnail wp-image-4449\" \/><\/a><\/p>\n<p><a href=\"https:\/\/www.feuerwehr-matzen.at\/wp-content\/uploads\/2016\/01\/DSC00431.jpg\"><img loading=\"lazy\" decoding=\"async\" src=\"https:\/\/www.feuerwehr-matzen.at\/wp-content\/uploads\/2016\/01\/DSC00431-150x150.jpg\" alt=\"DSC00431\" width=\"150\" height=\"150\" class=\"alignleft size-thumbnail wp-image-4450\" \/><\/a><\/p>\n","protected":false},"excerpt":{"rendered":"<p>Verkehrsunfall Am 10. J\u00e4nner 2016, nur wenige Stunden nach dem Ende des Feuerwehrballs, wurde die Feuerwehr Matzen um 09:14 Uhr mittels Sirene, Pager und SMS-Alarm zu einem Verkehrsunfall auf der L18 Richtung Spannberg alarmiert. Kurz darauf r\u00fcckten 15 Mann mit <a class=\"more-link\" href=\"https:\/\/www.feuerwehr-matzen.at\/?page_id=4442\">weiterlesen  <span class=\"screen-reader-text\">  10. J\u00e4nner 2016<\/span><span class=\"meta-nav\">&rarr;<\/span><\/a><\/p>\n","protected":false},"author":6,"featured_media":0,"parent":0,"menu_order":0,"comment_status":"closed","ping_status":"closed","template":"","meta":{"footnotes":""},"class_list":["post-4442","page","type-page","status-publish","hentry"],"_links":{"self":[{"href":"https:\/\/www.feuerwehr-matzen.at\/index.php?rest_route=\/wp\/v2\/pages\/4442","targetHints":{"allow":["GET"]}}],"collection":[{"href":"https:\/\/www.feuerwehr-matzen.at\/index.php?rest_route=\/wp\/v2\/pages"}],"about":[{"href":"https:\/\/www.feuerwehr-matzen.at\/index.php?rest_route=\/wp\/v2\/types\/page"}],"author":[{"embeddable":true,"href":"https:\/\/www.feuerwehr-matzen.at\/index.php?rest_route=\/wp\/v2\/users\/6"}],"replies":[{"embeddable":true,"href":"https:\/\/www.feuerwehr-matzen.at\/index.php?rest_route=%2Fwp%2Fv2%2Fcomments&post=4442"}],"version-history":[{"count":2,"href":"https:\/\/www.feuerwehr-matzen.at\/index.php?rest_route=\/wp\/v2\/pages\/4442\/revisions"}],"predecessor-version":[{"id":4451,"href":"https:\/\/www.feuerwehr-matzen.at\/index.php?rest_route=\/wp\/v2\/pages\/4442\/revisions\/4451"}],"wp:attachment":[{"href":"https:\/\/www.feuerwehr-matzen.at\/index.php?rest_route=%2Fwp%2Fv2%2Fmedia&parent=4442"}],"curies":[{"name":"wp","href":"https:\/\/api.w.org\/{rel}","templated":true}]}}