{"id":4471,"date":"2016-01-12T15:15:12","date_gmt":"2016-01-12T13:15:12","guid":{"rendered":"http:\/\/www.feuerwehr-matzen.at\/?page_id=4471"},"modified":"2020-09-18T14:15:23","modified_gmt":"2020-09-18T12:15:23","slug":"12-jaenner-2016","status":"publish","type":"page","link":"https:\/\/www.feuerwehr-matzen.at\/?page_id=4471","title":{"rendered":"12. J\u00e4nner 2016"},"content":{"rendered":"<p><strong>Verkehrsunfall mit eingeklemmter Person<\/strong><a title=\"Eins\u00e4tze\" href=\"https:\/\/www.feuerwehr-matzen.at\/?page_id=4413\"><img loading=\"lazy\" decoding=\"async\" class=\"alignright size-full wp-image-1833\" alt=\"return\" src=\"https:\/\/www.feuerwehr-matzen.at\/wp-content\/uploads\/2013\/07\/return.jpg\" width=\"65\" height=\"30\" \/><\/a><\/p>\n<p>Am 12. J\u00e4nner 2016 wurde die Feuerwehr Matzen um 07:46 Uhr mittels Sirene, Pager und SMS-Alarm zu einer Fahrzeugbergung nach Verkehrsunfall auf der L18 Richtung Reyersdorf alarmiert. Dies war bereits die dritte Alarmierung binnen einer Woche. Noch w\u00e4hrend der Anfahrt ins Feuerwehrhaus heulten die Sirenen erneut und die Alarmstufe wurde auf T2 (Menschenrettung) aufgestockt. Zeitgleich wurde durch die Erh\u00f6hung die Feuerwehr Sch\u00f6nkirchen-Reyersdorf nachalarmiert. Bereits auf der Anfahrt wurde die Mannschaft des R\u00fcstl\u00f6schfahrzeuges auf die bevorstehende Menschenrettung eingeteilt. An der Ungl\u00fccksstelle angekommen wurde unverz\u00fcglich der Unfallort abgesperrt. Eine PKW-Lenkerin verlor auf der spiegelglatten Fahrbahn die Kontrolle \u00fcber ihr Fahrzeug und schleuderte ins Bankett. In Folge \u00fcberschlug sich der PKW, touchierte einen Baum und kam auf der Seite liegend zum Stillstand. Wie durch ein Wunder war nach dem schweren Verkehrsunfall niemand eingeklemmt und die Fahrerin wartete neben ihrem schwer besch\u00e4digten Fahrzeug bereits auf die Helfer. Nach der Erstversorgung durch die Feuerwehr Matzen wurde die Leichtverletzte dem Roten Kreuz \u00fcbergeben. Im Anschlu\u00df wurde gemeinsam mit der Feuerwehr Sch\u00f6nkirchen-Reyersdorf die Fahrzeugbergung durchgef\u00fchrt. W\u00e4hrend die Kameraden der FF Matzen das Unfallwrack gesichert abstellten, reinigten die Kr\u00e4fte der Nachbarfeuerwehr die Fahrbahn. Nach rund 1 Stunde konnte alle Einsatzkr\u00e4fte abr\u00fccken und die Einsatzbereitschaft wieder herstellen.<\/p>\n<p>Im Einsatz befindliche Fahrzeuge: RLF-A 2000, KDO<br \/>\nMannschaftsst\u00e4rke: 11<br \/>\nsonstige Einsatzkr\u00e4fte: FF Sch\u00f6nkirchen-Reyersdorf, Polizei, RK G\u00e4nserndorf<\/p>\n<p><a href=\"https:\/\/www.feuerwehr-matzen.at\/wp-content\/uploads\/2016\/01\/DSC00433.jpg\"><img loading=\"lazy\" decoding=\"async\" src=\"https:\/\/www.feuerwehr-matzen.at\/wp-content\/uploads\/2016\/01\/DSC00433-150x150.jpg\" alt=\"DSC00433\" width=\"150\" height=\"150\" class=\"alignleft size-thumbnail wp-image-4462\" \/><\/a><\/p>\n<p><a href=\"https:\/\/www.feuerwehr-matzen.at\/wp-content\/uploads\/2016\/01\/DSC00436.jpg\"><img loading=\"lazy\" decoding=\"async\" src=\"https:\/\/www.feuerwehr-matzen.at\/wp-content\/uploads\/2016\/01\/DSC00436-150x150.jpg\" alt=\"DSC00436\" width=\"150\" height=\"150\" class=\"alignleft size-thumbnail wp-image-4463\" \/><\/a><\/p>\n<p><a href=\"https:\/\/www.feuerwehr-matzen.at\/wp-content\/uploads\/2016\/01\/DSC00437.jpg\"><img loading=\"lazy\" decoding=\"async\" src=\"https:\/\/www.feuerwehr-matzen.at\/wp-content\/uploads\/2016\/01\/DSC00437-150x150.jpg\" alt=\"DSC00437\" width=\"150\" height=\"150\" class=\"alignleft size-thumbnail wp-image-4464\" \/><\/a><\/p>\n<p><a href=\"https:\/\/www.feuerwehr-matzen.at\/wp-content\/uploads\/2016\/01\/DSC00439.jpg\"><img loading=\"lazy\" decoding=\"async\" src=\"https:\/\/www.feuerwehr-matzen.at\/wp-content\/uploads\/2016\/01\/DSC00439-150x150.jpg\" alt=\"DSC00439\" width=\"150\" height=\"150\" class=\"alignleft size-thumbnail wp-image-4465\" \/><\/a><\/p>\n<p><a href=\"https:\/\/www.feuerwehr-matzen.at\/wp-content\/uploads\/2016\/01\/DSC00444.jpg\"><img loading=\"lazy\" decoding=\"async\" src=\"https:\/\/www.feuerwehr-matzen.at\/wp-content\/uploads\/2016\/01\/DSC00444-150x150.jpg\" alt=\"DSC00444\" width=\"150\" height=\"150\" class=\"alignleft size-thumbnail wp-image-4466\" \/><\/a><\/p>\n<p><a href=\"https:\/\/www.feuerwehr-matzen.at\/wp-content\/uploads\/2016\/01\/DSC00446.jpg\"><img loading=\"lazy\" decoding=\"async\" src=\"https:\/\/www.feuerwehr-matzen.at\/wp-content\/uploads\/2016\/01\/DSC00446-150x150.jpg\" alt=\"DSC00446\" width=\"150\" height=\"150\" class=\"alignleft size-thumbnail wp-image-4467\" \/><\/a><\/p>\n<p><a href=\"https:\/\/www.feuerwehr-matzen.at\/wp-content\/uploads\/2016\/01\/DSC00448.jpg\"><img loading=\"lazy\" decoding=\"async\" src=\"https:\/\/www.feuerwehr-matzen.at\/wp-content\/uploads\/2016\/01\/DSC00448-150x150.jpg\" alt=\"DSC00448\" width=\"150\" height=\"150\" class=\"alignleft size-thumbnail wp-image-4468\" \/><\/a><\/p>\n<p><a href=\"https:\/\/www.feuerwehr-matzen.at\/wp-content\/uploads\/2016\/01\/DSC00453.jpg\"><img loading=\"lazy\" decoding=\"async\" src=\"https:\/\/www.feuerwehr-matzen.at\/wp-content\/uploads\/2016\/01\/DSC00453-150x150.jpg\" alt=\"DSC00453\" width=\"150\" height=\"150\" class=\"alignleft size-thumbnail wp-image-4469\" \/><\/a><\/p>\n<p><a href=\"https:\/\/www.feuerwehr-matzen.at\/wp-content\/uploads\/2016\/01\/DSC00454.jpg\"><img loading=\"lazy\" decoding=\"async\" src=\"https:\/\/www.feuerwehr-matzen.at\/wp-content\/uploads\/2016\/01\/DSC00454-150x150.jpg\" alt=\"DSC00454\" width=\"150\" height=\"150\" class=\"alignleft size-thumbnail wp-image-4470\" \/><\/a><\/p>\n","protected":false},"excerpt":{"rendered":"<p>Verkehrsunfall mit eingeklemmter Person Am 12. J\u00e4nner 2016 wurde die Feuerwehr Matzen um 07:46 Uhr mittels Sirene, Pager und SMS-Alarm zu einer Fahrzeugbergung nach Verkehrsunfall auf der L18 Richtung Reyersdorf alarmiert. Dies war bereits die dritte Alarmierung binnen einer Woche. <a class=\"more-link\" href=\"https:\/\/www.feuerwehr-matzen.at\/?page_id=4471\">weiterlesen  <span class=\"screen-reader-text\">  12. J\u00e4nner 2016<\/span><span class=\"meta-nav\">&rarr;<\/span><\/a><\/p>\n","protected":false},"author":6,"featured_media":0,"parent":0,"menu_order":0,"comment_status":"closed","ping_status":"closed","template":"","meta":{"footnotes":""},"class_list":["post-4471","page","type-page","status-publish","hentry"],"_links":{"self":[{"href":"https:\/\/www.feuerwehr-matzen.at\/index.php?rest_route=\/wp\/v2\/pages\/4471","targetHints":{"allow":["GET"]}}],"collection":[{"href":"https:\/\/www.feuerwehr-matzen.at\/index.php?rest_route=\/wp\/v2\/pages"}],"about":[{"href":"https:\/\/www.feuerwehr-matzen.at\/index.php?rest_route=\/wp\/v2\/types\/page"}],"author":[{"embeddable":true,"href":"https:\/\/www.feuerwehr-matzen.at\/index.php?rest_route=\/wp\/v2\/users\/6"}],"replies":[{"embeddable":true,"href":"https:\/\/www.feuerwehr-matzen.at\/index.php?rest_route=%2Fwp%2Fv2%2Fcomments&post=4471"}],"version-history":[{"count":1,"href":"https:\/\/www.feuerwehr-matzen.at\/index.php?rest_route=\/wp\/v2\/pages\/4471\/revisions"}],"predecessor-version":[{"id":4472,"href":"https:\/\/www.feuerwehr-matzen.at\/index.php?rest_route=\/wp\/v2\/pages\/4471\/revisions\/4472"}],"wp:attachment":[{"href":"https:\/\/www.feuerwehr-matzen.at\/index.php?rest_route=%2Fwp%2Fv2%2Fmedia&parent=4471"}],"curies":[{"name":"wp","href":"https:\/\/api.w.org\/{rel}","templated":true}]}}