{"id":4479,"date":"2016-01-19T10:50:59","date_gmt":"2016-01-19T08:50:59","guid":{"rendered":"http:\/\/www.feuerwehr-matzen.at\/?page_id=4479"},"modified":"2020-09-18T14:15:11","modified_gmt":"2020-09-18T12:15:11","slug":"09-jaenner-2016","status":"publish","type":"page","link":"https:\/\/www.feuerwehr-matzen.at\/?page_id=4479","title":{"rendered":"09. J\u00e4nner 2016"},"content":{"rendered":"<p><strong>Feuerwehrball<\/strong><a title=\"Veranstaltungen 2015\" href=\"https:\/\/www.feuerwehr-matzen.at\/?page_id=4476\"><img loading=\"lazy\" decoding=\"async\" class=\"alignright size-full wp-image-1833\" alt=\"return\" src=\"https:\/\/www.feuerwehr-matzen.at\/wp-content\/uploads\/2013\/07\/return.jpg\" width=\"65\" height=\"30\" \/><\/a><\/p>\n<p>Schon Traditionell wurde am 9. J\u00e4nner die heurige Ballsaison vom Feuerwehrball gestartet. Er\u00f6ffnet wurde der Ball von einer Polonaise mit anschlie\u00dfendem Walzer der Ehrendamen mit den Feuerwehrkameraden. Im Anschluss an die Begr\u00fc\u00dfungsworte des Kommandanten, sorgte die Band \u201eMike\u00b4s Crew\u201c f\u00fcr gute Laune und eine gef\u00fcllte Tanzfl\u00e4che. . Punkt Mitternacht wurden die zahlreichen Tombolatreffer verlost, wobei es viele gl\u00fcckliche Gewinner gegeben hatte. Anschlie\u00dfende sorgte die Band wieder f\u00fcr Stimmung bis in die fr\u00fchen Morgenstunden. F\u00fcr das leibliche Wohl sorgte \u201eCafe Optimum Matzen\u201c. Die Feuerwehr Matzen bedankt sich bei allen Besuchern und hofft, dass der Ball noch l\u00e4nger in Erinnerung bleibt.<\/p>\n<p><a href=\"https:\/\/www.feuerwehr-matzen.at\/wp-content\/uploads\/2016\/01\/IMG-20160119-WA0001.jpg\"><img loading=\"lazy\" decoding=\"async\" src=\"https:\/\/www.feuerwehr-matzen.at\/wp-content\/uploads\/2016\/01\/IMG-20160119-WA0001-150x150.jpg\" alt=\"IMG-20160119-WA0001\" width=\"150\" height=\"150\" class=\"alignleft size-thumbnail wp-image-4480\" \/><\/a><\/p>\n<p><a href=\"https:\/\/www.feuerwehr-matzen.at\/wp-content\/uploads\/2016\/01\/IMG-20160119-WA0002.jpg\"><img loading=\"lazy\" decoding=\"async\" src=\"https:\/\/www.feuerwehr-matzen.at\/wp-content\/uploads\/2016\/01\/IMG-20160119-WA0002-150x150.jpg\" alt=\"IMG-20160119-WA0002\" width=\"150\" height=\"150\" class=\"alignleft size-thumbnail wp-image-4481\" \/><\/a><\/p>\n<p><a href=\"https:\/\/www.feuerwehr-matzen.at\/wp-content\/uploads\/2016\/01\/IMG-20160119-WA0003.jpg\"><img loading=\"lazy\" decoding=\"async\" src=\"https:\/\/www.feuerwehr-matzen.at\/wp-content\/uploads\/2016\/01\/IMG-20160119-WA0003-150x150.jpg\" alt=\"IMG-20160119-WA0003\" width=\"150\" height=\"150\" class=\"alignleft size-thumbnail wp-image-4482\" \/><\/a><\/p>\n<p><a href=\"https:\/\/www.feuerwehr-matzen.at\/wp-content\/uploads\/2016\/01\/IMG-20160119-WA0004.jpg\"><img loading=\"lazy\" decoding=\"async\" src=\"https:\/\/www.feuerwehr-matzen.at\/wp-content\/uploads\/2016\/01\/IMG-20160119-WA0004-150x150.jpg\" alt=\"IMG-20160119-WA0004\" width=\"150\" height=\"150\" class=\"alignleft size-thumbnail wp-image-4483\" \/><\/a><\/p>\n<p><a href=\"https:\/\/www.feuerwehr-matzen.at\/wp-content\/uploads\/2016\/01\/IMG-20160119-WA0006.jpg\"><img loading=\"lazy\" decoding=\"async\" src=\"https:\/\/www.feuerwehr-matzen.at\/wp-content\/uploads\/2016\/01\/IMG-20160119-WA0006-150x150.jpg\" alt=\"IMG-20160119-WA0006\" width=\"150\" height=\"150\" class=\"alignleft size-thumbnail wp-image-4484\" \/><\/a><\/p>\n","protected":false},"excerpt":{"rendered":"<p>Feuerwehrball Schon Traditionell wurde am 9. J\u00e4nner die heurige Ballsaison vom Feuerwehrball gestartet. Er\u00f6ffnet wurde der Ball von einer Polonaise mit anschlie\u00dfendem Walzer der Ehrendamen mit den Feuerwehrkameraden. Im Anschluss an die Begr\u00fc\u00dfungsworte des Kommandanten, sorgte die Band \u201eMike\u00b4s Crew\u201c <a class=\"more-link\" href=\"https:\/\/www.feuerwehr-matzen.at\/?page_id=4479\">weiterlesen  <span class=\"screen-reader-text\">  09. J\u00e4nner 2016<\/span><span class=\"meta-nav\">&rarr;<\/span><\/a><\/p>\n","protected":false},"author":6,"featured_media":0,"parent":0,"menu_order":0,"comment_status":"closed","ping_status":"closed","template":"","meta":{"footnotes":""},"class_list":["post-4479","page","type-page","status-publish","hentry"],"_links":{"self":[{"href":"https:\/\/www.feuerwehr-matzen.at\/index.php?rest_route=\/wp\/v2\/pages\/4479","targetHints":{"allow":["GET"]}}],"collection":[{"href":"https:\/\/www.feuerwehr-matzen.at\/index.php?rest_route=\/wp\/v2\/pages"}],"about":[{"href":"https:\/\/www.feuerwehr-matzen.at\/index.php?rest_route=\/wp\/v2\/types\/page"}],"author":[{"embeddable":true,"href":"https:\/\/www.feuerwehr-matzen.at\/index.php?rest_route=\/wp\/v2\/users\/6"}],"replies":[{"embeddable":true,"href":"https:\/\/www.feuerwehr-matzen.at\/index.php?rest_route=%2Fwp%2Fv2%2Fcomments&post=4479"}],"version-history":[{"count":1,"href":"https:\/\/www.feuerwehr-matzen.at\/index.php?rest_route=\/wp\/v2\/pages\/4479\/revisions"}],"predecessor-version":[{"id":4485,"href":"https:\/\/www.feuerwehr-matzen.at\/index.php?rest_route=\/wp\/v2\/pages\/4479\/revisions\/4485"}],"wp:attachment":[{"href":"https:\/\/www.feuerwehr-matzen.at\/index.php?rest_route=%2Fwp%2Fv2%2Fmedia&parent=4479"}],"curies":[{"name":"wp","href":"https:\/\/api.w.org\/{rel}","templated":true}]}}