{"id":4490,"date":"2016-02-09T19:13:56","date_gmt":"2016-02-09T17:13:56","guid":{"rendered":"http:\/\/www.feuerwehr-matzen.at\/?page_id=4490"},"modified":"2020-09-18T14:15:11","modified_gmt":"2020-09-18T12:15:11","slug":"09-februar-2016","status":"publish","type":"page","link":"https:\/\/www.feuerwehr-matzen.at\/?page_id=4490","title":{"rendered":"09. Februar 2016"},"content":{"rendered":"<p><strong>Verkehrsunfall mit eingeklemmter Person<\/strong><a title=\"Eins\u00e4tze\" href=\"https:\/\/www.feuerwehr-matzen.at\/?page_id=4413\"><img loading=\"lazy\" decoding=\"async\" class=\"alignright size-full wp-image-1833\" alt=\"return\" src=\"https:\/\/www.feuerwehr-matzen.at\/wp-content\/uploads\/2013\/07\/return.jpg\" width=\"65\" height=\"30\" \/><\/a><\/p>\n<p>Am 9. Februar 2016 wurde die Feuerwehr Matzen um 14:42 mittels Sirene, Pager und SMS-Alarm zu einem Verkehrsunfall mit einer eingeklemmten Person alarmiert. Gleichzeitig wurden aufgrund der Alarmstufe T2 die Feuerwehren G\u00e4nserndorf und Sch\u00f6nkirchen-Reyersdorf alarmiert. Zwei Pkw kollidierten aus bisher ungekl\u00e4rten Umst\u00e4nden im Kreuzungsbereich, wobei ein Fahrzeug beifahrerseitig getroffen und von der Fahrbahn katapultiert wurde. Dabei wurde eine Person in ihrem Fahrzeug eingeklemmt. Der Fahrer, ein Kleinkind sowie die Fahrerin des anderen Pkw\u00b4s konnten die Fahrzeuge aus eigener Kraft verlassen. Am Einsatzort auf der L3159 Richtung G\u00e4nserndorf angekommen, bereitete die Feuerwehr G\u00e4nserndorf bereits die Menschenrettung vor. Unterst\u00fctzt wurden sie dabei von der Feuerwehr Reyersdorf-Sch\u00f6nkirchen. W\u00e4hrenddessen unterst\u00fctzten die Kameraden der Feuerwehr Matzen das Rote Kreuz bei der Versorgung der Verletzten. Nach der Entfernung des Daches konnte die eingeklemmte Beifahrerin dem Team des Notarzthubschraubers C9 \u00fcbergeben werden. Im Anschluss wurde die Fahrbahn gereinigt und die Unfallfahrzeuge verbracht, ehe die Florianij\u00fcnger wieder abr\u00fccken konnten. Nach rund 1 \u00bd Stunden konnte die Einsatzbereitschaft wieder hergestellt werden.<\/p>\n<p>Im Einsatz befindliche Fahrzeuge: RLF-A 2000, KDO<br \/>\nMannschaftsst\u00e4rke: 11<br \/>\nsonstige Einsatzkr\u00e4fte: FF Sch\u00f6nkirchen-Reyersdorf, FF G\u00e4nserndorf, Polizei, RK G\u00e4nserndorf, C9<\/p>\n<p><a href=\"https:\/\/www.feuerwehr-matzen.at\/wp-content\/uploads\/2016\/02\/DSC00477.jpg\"><img loading=\"lazy\" decoding=\"async\" src=\"https:\/\/www.feuerwehr-matzen.at\/wp-content\/uploads\/2016\/02\/DSC00477-150x150.jpg\" alt=\"DSC00477\" width=\"150\" height=\"150\" class=\"alignleft size-thumbnail wp-image-4491\" \/><\/a><\/p>\n<p><a href=\"https:\/\/www.feuerwehr-matzen.at\/wp-content\/uploads\/2016\/02\/DSC00480.jpg\"><img loading=\"lazy\" decoding=\"async\" src=\"https:\/\/www.feuerwehr-matzen.at\/wp-content\/uploads\/2016\/02\/DSC00480-150x150.jpg\" alt=\"DSC00480\" width=\"150\" height=\"150\" class=\"alignleft size-thumbnail wp-image-4492\" \/><\/a><\/p>\n<p><a href=\"https:\/\/www.feuerwehr-matzen.at\/wp-content\/uploads\/2016\/02\/DSC00481.jpg\"><img loading=\"lazy\" decoding=\"async\" src=\"https:\/\/www.feuerwehr-matzen.at\/wp-content\/uploads\/2016\/02\/DSC00481-150x150.jpg\" alt=\"DSC00481\" width=\"150\" height=\"150\" class=\"alignleft size-thumbnail wp-image-4493\" \/><\/a><\/p>\n<p><a href=\"https:\/\/www.feuerwehr-matzen.at\/wp-content\/uploads\/2016\/02\/DSC00483.jpg\"><img loading=\"lazy\" decoding=\"async\" src=\"https:\/\/www.feuerwehr-matzen.at\/wp-content\/uploads\/2016\/02\/DSC00483-150x150.jpg\" alt=\"DSC00483\" width=\"150\" height=\"150\" class=\"alignleft size-thumbnail wp-image-4494\" \/><\/a><\/p>\n<p><a href=\"https:\/\/www.feuerwehr-matzen.at\/wp-content\/uploads\/2016\/02\/DSC00485.jpg\"><img loading=\"lazy\" decoding=\"async\" src=\"https:\/\/www.feuerwehr-matzen.at\/wp-content\/uploads\/2016\/02\/DSC00485-150x150.jpg\" alt=\"DSC00485\" width=\"150\" height=\"150\" class=\"alignleft size-thumbnail wp-image-4495\" \/><\/a><\/p>\n<p><a href=\"https:\/\/www.feuerwehr-matzen.at\/wp-content\/uploads\/2016\/02\/DSC00486.jpg\"><img loading=\"lazy\" decoding=\"async\" src=\"https:\/\/www.feuerwehr-matzen.at\/wp-content\/uploads\/2016\/02\/DSC00486-150x150.jpg\" alt=\"DSC00486\" width=\"150\" height=\"150\" class=\"alignleft size-thumbnail wp-image-4496\" \/><\/a><\/p>\n<p><a href=\"https:\/\/www.feuerwehr-matzen.at\/wp-content\/uploads\/2016\/02\/DSC00487.jpg\"><img loading=\"lazy\" decoding=\"async\" src=\"https:\/\/www.feuerwehr-matzen.at\/wp-content\/uploads\/2016\/02\/DSC00487-150x150.jpg\" alt=\"DSC00487\" width=\"150\" height=\"150\" class=\"alignleft size-thumbnail wp-image-4497\" \/><\/a><\/p>\n<p><a href=\"https:\/\/www.feuerwehr-matzen.at\/wp-content\/uploads\/2016\/02\/DSC00489.jpg\"><img loading=\"lazy\" decoding=\"async\" src=\"https:\/\/www.feuerwehr-matzen.at\/wp-content\/uploads\/2016\/02\/DSC00489-150x150.jpg\" alt=\"DSC00489\" width=\"150\" height=\"150\" class=\"alignleft size-thumbnail wp-image-4498\" \/><\/a><\/p>\n<p><a href=\"https:\/\/www.feuerwehr-matzen.at\/wp-content\/uploads\/2016\/02\/DSC00493.jpg\"><img loading=\"lazy\" decoding=\"async\" src=\"https:\/\/www.feuerwehr-matzen.at\/wp-content\/uploads\/2016\/02\/DSC00493-150x150.jpg\" alt=\"DSC00493\" width=\"150\" height=\"150\" class=\"alignleft size-thumbnail wp-image-4499\" \/><\/a><\/p>\n<p><a href=\"https:\/\/www.feuerwehr-matzen.at\/wp-content\/uploads\/2016\/02\/DSC00495.jpg\"><img loading=\"lazy\" decoding=\"async\" src=\"https:\/\/www.feuerwehr-matzen.at\/wp-content\/uploads\/2016\/02\/DSC00495-150x150.jpg\" alt=\"DSC00495\" width=\"150\" height=\"150\" class=\"alignleft size-thumbnail wp-image-4500\" \/><\/a><\/p>\n<p><a href=\"https:\/\/www.feuerwehr-matzen.at\/wp-content\/uploads\/2016\/02\/DSC00502.jpg\"><img loading=\"lazy\" decoding=\"async\" src=\"https:\/\/www.feuerwehr-matzen.at\/wp-content\/uploads\/2016\/02\/DSC00502-150x150.jpg\" alt=\"DSC00502\" width=\"150\" height=\"150\" class=\"alignleft size-thumbnail wp-image-4501\" \/><\/a><\/p>\n<p><a href=\"https:\/\/www.feuerwehr-matzen.at\/wp-content\/uploads\/2016\/02\/DSC00518.jpg\"><img loading=\"lazy\" decoding=\"async\" src=\"https:\/\/www.feuerwehr-matzen.at\/wp-content\/uploads\/2016\/02\/DSC00518-150x150.jpg\" alt=\"DSC00518\" width=\"150\" height=\"150\" class=\"alignleft size-thumbnail wp-image-4502\" \/><\/a><\/p>\n","protected":false},"excerpt":{"rendered":"<p>Verkehrsunfall mit eingeklemmter Person Am 9. Februar 2016 wurde die Feuerwehr Matzen um 14:42 mittels Sirene, Pager und SMS-Alarm zu einem Verkehrsunfall mit einer eingeklemmten Person alarmiert. Gleichzeitig wurden aufgrund der Alarmstufe T2 die Feuerwehren G\u00e4nserndorf und Sch\u00f6nkirchen-Reyersdorf alarmiert. Zwei <a class=\"more-link\" href=\"https:\/\/www.feuerwehr-matzen.at\/?page_id=4490\">weiterlesen  <span class=\"screen-reader-text\">  09. Februar 2016<\/span><span class=\"meta-nav\">&rarr;<\/span><\/a><\/p>\n","protected":false},"author":6,"featured_media":0,"parent":0,"menu_order":0,"comment_status":"closed","ping_status":"closed","template":"","meta":{"footnotes":""},"class_list":["post-4490","page","type-page","status-publish","hentry"],"_links":{"self":[{"href":"https:\/\/www.feuerwehr-matzen.at\/index.php?rest_route=\/wp\/v2\/pages\/4490","targetHints":{"allow":["GET"]}}],"collection":[{"href":"https:\/\/www.feuerwehr-matzen.at\/index.php?rest_route=\/wp\/v2\/pages"}],"about":[{"href":"https:\/\/www.feuerwehr-matzen.at\/index.php?rest_route=\/wp\/v2\/types\/page"}],"author":[{"embeddable":true,"href":"https:\/\/www.feuerwehr-matzen.at\/index.php?rest_route=\/wp\/v2\/users\/6"}],"replies":[{"embeddable":true,"href":"https:\/\/www.feuerwehr-matzen.at\/index.php?rest_route=%2Fwp%2Fv2%2Fcomments&post=4490"}],"version-history":[{"count":1,"href":"https:\/\/www.feuerwehr-matzen.at\/index.php?rest_route=\/wp\/v2\/pages\/4490\/revisions"}],"predecessor-version":[{"id":4503,"href":"https:\/\/www.feuerwehr-matzen.at\/index.php?rest_route=\/wp\/v2\/pages\/4490\/revisions\/4503"}],"wp:attachment":[{"href":"https:\/\/www.feuerwehr-matzen.at\/index.php?rest_route=%2Fwp%2Fv2%2Fmedia&parent=4490"}],"curies":[{"name":"wp","href":"https:\/\/api.w.org\/{rel}","templated":true}]}}