{"id":4505,"date":"2016-02-29T10:45:10","date_gmt":"2016-02-29T08:45:10","guid":{"rendered":"http:\/\/www.feuerwehr-matzen.at\/?page_id=4505"},"modified":"2020-09-18T14:15:34","modified_gmt":"2020-09-18T12:15:34","slug":"26-februar-2016","status":"publish","type":"page","link":"https:\/\/www.feuerwehr-matzen.at\/?page_id=4505","title":{"rendered":"26. Februar 2016"},"content":{"rendered":"<p><strong>T\u00fcr\u00f6ffnung<\/strong><a title=\"Eins\u00e4tze\" href=\"https:\/\/www.feuerwehr-matzen.at\/?page_id=4413\"><img loading=\"lazy\" decoding=\"async\" class=\"alignright size-full wp-image-1833\" alt=\"return\" src=\"https:\/\/www.feuerwehr-matzen.at\/wp-content\/uploads\/2013\/07\/return.jpg\" width=\"65\" height=\"30\" \/><\/a><\/p>\n<p>Am 26. Februar wurde die Feuerwehr Matzen um 11:44 mittels Sirene, Pager und SMS-Alarm zu einer T\u00fcr\u00f6ffnung in Matzen alarmiert. Eine hilfsbed\u00fcrftige Dame war allein in ihrem versperrten Haus und die verst\u00e4ndigten Verwandten konnten auf Grund eines innen steckenden Schl\u00fcssels nicht \u00f6ffnen. Nach R\u00fccksprache mit denselbigen, sowie der ebenfalls anwesenden Polizei wurde \u00fcber ein Glaselement ein Zugang geschaffen und die versperrte T\u00fcre von innen ge\u00f6ffnet. Die Dame wurde im Anschluss von der Mannschaft des Roten Kreuzes abtransportiert. Nach wenigen Minuten konnten die 7 Kameraden der Feuerwehr Matzen wieder ins Feuerwehrhaus einr\u00fccken und die Einsatzbereitschaft herstellen.<\/p>\n<p>Im Einsatz befindliche Fahrzeuge: RLF-A 2000, KDO<br \/>\nMannschaftsst\u00e4rke: 7<br \/>\nsonstige Einsatzkr\u00e4fte: Polizei, RK Zistersdorf<\/p>\n","protected":false},"excerpt":{"rendered":"<p>T\u00fcr\u00f6ffnung Am 26. Februar wurde die Feuerwehr Matzen um 11:44 mittels Sirene, Pager und SMS-Alarm zu einer T\u00fcr\u00f6ffnung in Matzen alarmiert. Eine hilfsbed\u00fcrftige Dame war allein in ihrem versperrten Haus und die verst\u00e4ndigten Verwandten konnten auf Grund eines innen steckenden <a class=\"more-link\" href=\"https:\/\/www.feuerwehr-matzen.at\/?page_id=4505\">weiterlesen  <span class=\"screen-reader-text\">  26. Februar 2016<\/span><span class=\"meta-nav\">&rarr;<\/span><\/a><\/p>\n","protected":false},"author":6,"featured_media":0,"parent":0,"menu_order":0,"comment_status":"closed","ping_status":"closed","template":"","meta":{"footnotes":""},"class_list":["post-4505","page","type-page","status-publish","hentry"],"_links":{"self":[{"href":"https:\/\/www.feuerwehr-matzen.at\/index.php?rest_route=\/wp\/v2\/pages\/4505","targetHints":{"allow":["GET"]}}],"collection":[{"href":"https:\/\/www.feuerwehr-matzen.at\/index.php?rest_route=\/wp\/v2\/pages"}],"about":[{"href":"https:\/\/www.feuerwehr-matzen.at\/index.php?rest_route=\/wp\/v2\/types\/page"}],"author":[{"embeddable":true,"href":"https:\/\/www.feuerwehr-matzen.at\/index.php?rest_route=\/wp\/v2\/users\/6"}],"replies":[{"embeddable":true,"href":"https:\/\/www.feuerwehr-matzen.at\/index.php?rest_route=%2Fwp%2Fv2%2Fcomments&post=4505"}],"version-history":[{"count":1,"href":"https:\/\/www.feuerwehr-matzen.at\/index.php?rest_route=\/wp\/v2\/pages\/4505\/revisions"}],"predecessor-version":[{"id":4506,"href":"https:\/\/www.feuerwehr-matzen.at\/index.php?rest_route=\/wp\/v2\/pages\/4505\/revisions\/4506"}],"wp:attachment":[{"href":"https:\/\/www.feuerwehr-matzen.at\/index.php?rest_route=%2Fwp%2Fv2%2Fmedia&parent=4505"}],"curies":[{"name":"wp","href":"https:\/\/api.w.org\/{rel}","templated":true}]}}