{"id":4508,"date":"2016-03-03T08:20:34","date_gmt":"2016-03-03T06:20:34","guid":{"rendered":"http:\/\/www.feuerwehr-matzen.at\/?page_id=4508"},"modified":"2020-09-18T14:15:11","modified_gmt":"2020-09-18T12:15:11","slug":"02-maerz-2016","status":"publish","type":"page","link":"https:\/\/www.feuerwehr-matzen.at\/?page_id=4508","title":{"rendered":"02. M\u00e4rz 2016"},"content":{"rendered":"<p><strong>Fahrzeugbergung nach Verkehrsunfall<\/strong><a title=\"Eins\u00e4tze\" href=\"https:\/\/www.feuerwehr-matzen.at\/?page_id=4413\"><img loading=\"lazy\" decoding=\"async\" class=\"alignright size-full wp-image-1833\" alt=\"return\" src=\"https:\/\/www.feuerwehr-matzen.at\/wp-content\/uploads\/2013\/07\/return.jpg\" width=\"65\" height=\"30\" \/><\/a><\/p>\n<p>Am 2. M\u00e4rz r\u00fcckten die Kameraden der Freiwilligen Feuerwehr Matzen um 17:05 zu einer Fahrzeugbergung nach Verkehrsunfall auf die L3159 Richtung G\u00e4nserndorf aus.<br \/>\nNach einem Auffahrunfall kurz nach der Bahn\u00fcbersetzung blockierte ein fahrunf\u00e4higer PKW den Verkehr, der zweite PKW wurde durch die Kollision in den Graben geschleudert. Nach der Absicherung der Einsatzstelle wurde nach Absprache mit der Polizei Matzen ein Fahrzeug abtransportiert und die Stra\u00dfe gereinigt. F\u00fcr das zweite Unfallwrack wurde durch den Fahrzeuglenker ein Abschleppunternehmen beauftragt. Nach rund 35 Minuten konnten die Florinij\u00fcnger wieder einr\u00fccken und die Einsatzbereitschaft herstellen.<\/p>\n<p>Im Einsatz befindliche Fahrzeuge: RLF-A 2000, KDO<br \/>\nMannschaftsst\u00e4rke: 3<br \/>\nsonstige Einsatzkr\u00e4fte: Polizei<\/p>\n<p><a href=\"https:\/\/www.feuerwehr-matzen.at\/wp-content\/uploads\/2016\/03\/DSC00523.jpg\"><img loading=\"lazy\" decoding=\"async\" src=\"https:\/\/www.feuerwehr-matzen.at\/wp-content\/uploads\/2016\/03\/DSC00523-150x150.jpg\" alt=\"DSC00523\" width=\"150\" height=\"150\" class=\"alignleft size-thumbnail wp-image-4509\" \/><\/a><\/p>\n<p><a href=\"https:\/\/www.feuerwehr-matzen.at\/wp-content\/uploads\/2016\/03\/DSC00525.jpg\"><img loading=\"lazy\" decoding=\"async\" src=\"https:\/\/www.feuerwehr-matzen.at\/wp-content\/uploads\/2016\/03\/DSC00525-150x150.jpg\" alt=\"DSC00525\" width=\"150\" height=\"150\" class=\"alignleft size-thumbnail wp-image-4510\" \/><\/a><\/p>\n<p><a href=\"https:\/\/www.feuerwehr-matzen.at\/wp-content\/uploads\/2016\/03\/DSC00528.jpg\"><img loading=\"lazy\" decoding=\"async\" src=\"https:\/\/www.feuerwehr-matzen.at\/wp-content\/uploads\/2016\/03\/DSC00528-150x150.jpg\" alt=\"DSC00528\" width=\"150\" height=\"150\" class=\"alignleft size-thumbnail wp-image-4511\" \/><\/a><\/p>\n<p><a href=\"https:\/\/www.feuerwehr-matzen.at\/wp-content\/uploads\/2016\/03\/DSC00529.jpg\"><img loading=\"lazy\" decoding=\"async\" src=\"https:\/\/www.feuerwehr-matzen.at\/wp-content\/uploads\/2016\/03\/DSC00529-150x150.jpg\" alt=\"DSC00529\" width=\"150\" height=\"150\" class=\"alignleft size-thumbnail wp-image-4512\" \/><\/a><\/p>\n<p><a href=\"https:\/\/www.feuerwehr-matzen.at\/wp-content\/uploads\/2016\/03\/DSC00532.jpg\"><img loading=\"lazy\" decoding=\"async\" src=\"https:\/\/www.feuerwehr-matzen.at\/wp-content\/uploads\/2016\/03\/DSC00532-150x150.jpg\" alt=\"DSC00532\" width=\"150\" height=\"150\" class=\"alignleft size-thumbnail wp-image-4513\" \/><\/a><\/p>\n","protected":false},"excerpt":{"rendered":"<p>Fahrzeugbergung nach Verkehrsunfall Am 2. M\u00e4rz r\u00fcckten die Kameraden der Freiwilligen Feuerwehr Matzen um 17:05 zu einer Fahrzeugbergung nach Verkehrsunfall auf die L3159 Richtung G\u00e4nserndorf aus. Nach einem Auffahrunfall kurz nach der Bahn\u00fcbersetzung blockierte ein fahrunf\u00e4higer PKW den Verkehr, der <a class=\"more-link\" href=\"https:\/\/www.feuerwehr-matzen.at\/?page_id=4508\">weiterlesen  <span class=\"screen-reader-text\">  02. M\u00e4rz 2016<\/span><span class=\"meta-nav\">&rarr;<\/span><\/a><\/p>\n","protected":false},"author":6,"featured_media":0,"parent":0,"menu_order":0,"comment_status":"closed","ping_status":"closed","template":"","meta":{"footnotes":""},"class_list":["post-4508","page","type-page","status-publish","hentry"],"_links":{"self":[{"href":"https:\/\/www.feuerwehr-matzen.at\/index.php?rest_route=\/wp\/v2\/pages\/4508","targetHints":{"allow":["GET"]}}],"collection":[{"href":"https:\/\/www.feuerwehr-matzen.at\/index.php?rest_route=\/wp\/v2\/pages"}],"about":[{"href":"https:\/\/www.feuerwehr-matzen.at\/index.php?rest_route=\/wp\/v2\/types\/page"}],"author":[{"embeddable":true,"href":"https:\/\/www.feuerwehr-matzen.at\/index.php?rest_route=\/wp\/v2\/users\/6"}],"replies":[{"embeddable":true,"href":"https:\/\/www.feuerwehr-matzen.at\/index.php?rest_route=%2Fwp%2Fv2%2Fcomments&post=4508"}],"version-history":[{"count":1,"href":"https:\/\/www.feuerwehr-matzen.at\/index.php?rest_route=\/wp\/v2\/pages\/4508\/revisions"}],"predecessor-version":[{"id":4514,"href":"https:\/\/www.feuerwehr-matzen.at\/index.php?rest_route=\/wp\/v2\/pages\/4508\/revisions\/4514"}],"wp:attachment":[{"href":"https:\/\/www.feuerwehr-matzen.at\/index.php?rest_route=%2Fwp%2Fv2%2Fmedia&parent=4508"}],"curies":[{"name":"wp","href":"https:\/\/api.w.org\/{rel}","templated":true}]}}