{"id":4530,"date":"2016-04-26T10:43:47","date_gmt":"2016-04-26T08:43:47","guid":{"rendered":"http:\/\/www.feuerwehr-matzen.at\/?page_id=4530"},"modified":"2020-09-18T14:15:45","modified_gmt":"2020-09-18T12:15:45","slug":"uebungen-2016","status":"publish","type":"page","link":"https:\/\/www.feuerwehr-matzen.at\/?page_id=4530","title":{"rendered":"\u00dcbungen 2016"},"content":{"rendered":"<table style=\"table-layout: fixed; text-align: left;\" border=\"0\">\n<tbody>\n<tr>\n<th class=\"ffdatum\">19. Oktober<\/th>\n<td class=\"fftext\">Sauergas\u00fcbung<\/td>\n<td class=\"fffoto\"><a title=\"19. Oktober 2016\" href=\"https:\/\/www.feuerwehr-matzen.at\/?page_id=4768\"><img decoding=\"async\" alt=\"Bericht und Fotos\" src=\"https:\/\/www.feuerwehr-matzen.at\/wp-content\/uploads\/2013\/07\/bericht_bilder.png\" \/><\/a><\/td>\n<\/tr>\n<tr>\n<th class=\"ffdatum\">24. September<\/th>\n<td class=\"fftext\">Inspektions FMD &#038; ATS \u00dcbung<\/td>\n<td class=\"fffoto\"><\/td>\n<\/tr>\n<tr>\n<th class=\"ffdatum\">16. September<\/th>\n<td class=\"fftext\">Technische \u00dcbung<\/td>\n<td class=\"fffoto\"><a title=\"16. September 2016\" href=\"https:\/\/www.feuerwehr-matzen.at\/?page_id=4740\"><img decoding=\"async\" alt=\"Bericht und Fotos\" src=\"https:\/\/www.feuerwehr-matzen.at\/wp-content\/uploads\/2013\/07\/bericht_bilder.png\" \/><\/a><\/td>\n<\/tr>\n<tr>\n<th class=\"ffdatum\">02. September<\/th>\n<td class=\"fftext\">Brandeinsatz\u00fcbung<\/td>\n<td class=\"fffoto\"><a title=\"02. September 2016\" href=\"https:\/\/www.feuerwehr-matzen.at\/?page_id=4737\"><img decoding=\"async\" alt=\"Bericht und Fotos\" src=\"https:\/\/www.feuerwehr-matzen.at\/wp-content\/uploads\/2013\/07\/bericht_bilder.png\" \/><\/a><\/td>\n<\/tr>\n<tr>\n<th class=\"ffdatum\">08. April<\/th>\n<td class=\"fftext\">AFK Inpsektions\u00fcbung<\/td>\n<td class=\"fffoto\"><a title=\"08. April 2016\" href=\"https:\/\/www.feuerwehr-matzen.at\/?page_id=4602\"><img decoding=\"async\" alt=\"Bericht und Fotos\" src=\"https:\/\/www.feuerwehr-matzen.at\/wp-content\/uploads\/2013\/07\/bericht_bilder.png\" \/><\/a><\/td>\n<\/tr>\n<tr>\n<th class=\"ffdatum\">17. M\u00e4rz<\/th>\n<td class=\"fftext\">Einsatz\u00fcbung in Raggendorf<\/td>\n<td class=\"fffoto\"><a title=\"17. M\u00e4rz 2016\" href=\"https:\/\/www.feuerwehr-matzen.at\/?page_id=4592\"><img decoding=\"async\" alt=\"Bericht und Fotos\" src=\"https:\/\/www.feuerwehr-matzen.at\/wp-content\/uploads\/2013\/07\/bericht_bilder.png\" \/><\/a><\/td>\n<\/tr>\n<tr>\n<th class=\"ffdatum\">14. M\u00e4rz<\/th>\n<td class=\"fftext\">UA-Funk\u00fcbung<\/td>\n<td class=\"fffoto\"><\/td>\n<\/tr>\n<tr>\n<th class=\"ffdatum\">05. M\u00e4rz<\/th>\n<td class=\"fftext\">KHD Bereitschafts\u00fcbung<\/td>\n<td class=\"fffoto\"><a title=\"05. M\u00e4rz 2016\" href=\"https:\/\/www.feuerwehr-matzen.at\/?page_id=4584\"><img decoding=\"async\" alt=\"Bericht und Fotos\" src=\"https:\/\/www.feuerwehr-matzen.at\/wp-content\/uploads\/2013\/07\/bericht_bilder.png\" \/><\/a><\/td>\n<\/tr>\n<\/tbody>\n<\/table>\n<style><!--\n.ffdatum{width:30%; padding-left:20px; vertical-align:middle;} .fftext{width:60%px; padding-left:5px; vertical-align:middle;} .fffoto{width:10%; vertical-align:middle;}\n--><\/style>\n","protected":false},"excerpt":{"rendered":"<p>19. Oktober Sauergas\u00fcbung 24. September Inspektions FMD &#038; ATS \u00dcbung 16. September Technische \u00dcbung 02. September Brandeinsatz\u00fcbung 08. April AFK Inpsektions\u00fcbung 17. M\u00e4rz Einsatz\u00fcbung in Raggendorf 14. M\u00e4rz UA-Funk\u00fcbung 05. M\u00e4rz KHD Bereitschafts\u00fcbung<\/p>\n","protected":false},"author":6,"featured_media":0,"parent":0,"menu_order":0,"comment_status":"closed","ping_status":"closed","template":"","meta":{"footnotes":""},"class_list":["post-4530","page","type-page","status-publish","hentry"],"_links":{"self":[{"href":"https:\/\/www.feuerwehr-matzen.at\/index.php?rest_route=\/wp\/v2\/pages\/4530","targetHints":{"allow":["GET"]}}],"collection":[{"href":"https:\/\/www.feuerwehr-matzen.at\/index.php?rest_route=\/wp\/v2\/pages"}],"about":[{"href":"https:\/\/www.feuerwehr-matzen.at\/index.php?rest_route=\/wp\/v2\/types\/page"}],"author":[{"embeddable":true,"href":"https:\/\/www.feuerwehr-matzen.at\/index.php?rest_route=\/wp\/v2\/users\/6"}],"replies":[{"embeddable":true,"href":"https:\/\/www.feuerwehr-matzen.at\/index.php?rest_route=%2Fwp%2Fv2%2Fcomments&post=4530"}],"version-history":[{"count":7,"href":"https:\/\/www.feuerwehr-matzen.at\/index.php?rest_route=\/wp\/v2\/pages\/4530\/revisions"}],"predecessor-version":[{"id":4770,"href":"https:\/\/www.feuerwehr-matzen.at\/index.php?rest_route=\/wp\/v2\/pages\/4530\/revisions\/4770"}],"wp:attachment":[{"href":"https:\/\/www.feuerwehr-matzen.at\/index.php?rest_route=%2Fwp%2Fv2%2Fmedia&parent=4530"}],"curies":[{"name":"wp","href":"https:\/\/api.w.org\/{rel}","templated":true}]}}