{"id":4584,"date":"2016-04-26T15:56:59","date_gmt":"2016-04-26T13:56:59","guid":{"rendered":"http:\/\/www.feuerwehr-matzen.at\/?page_id=4584"},"modified":"2020-09-18T14:15:11","modified_gmt":"2020-09-18T12:15:11","slug":"05-maerz-2016","status":"publish","type":"page","link":"https:\/\/www.feuerwehr-matzen.at\/?page_id=4584","title":{"rendered":"05. M\u00e4rz 2016"},"content":{"rendered":"<p><strong>KHD Bereitschafts\u00fcbung<\/strong><a title=\"\u00dcbungen 2016\" href=\"https:\/\/www.feuerwehr-matzen.at\/?page_id=4530\"><img loading=\"lazy\" decoding=\"async\" class=\"alignright size-full wp-image-1833\" alt=\"return\" src=\"https:\/\/www.feuerwehr-matzen.at\/wp-content\/uploads\/2013\/07\/return.jpg\" width=\"65\" height=\"30\" \/><\/a><\/p>\n<p>Am 5. M\u00e4rz 2016 fand eine gro\u00dfangelegte Katastrophenschutz-Bereitschafts\u00fcbung in Stra\u00dfhof statt. 2 Fahrzeuge mit 8 Mann der Freiwilligen Feuerwehr Matzen beteiligten sich an dieser. \u00dcbungsannahme war ein Vollbrand des Heizhauses mit ca. 85 eingeschlossenen Personen, sowie ein gro\u00dfer Flurbrand im Bereich des Selbigen. Die Aufgabe der Feuerwehren war die Rettung der Personen unter schwerem Atemschutz, die Erstversorgung der Verletzten und den Aufbau eines Pendelverkehrs f\u00fcr die Herbeischaffung des notwendigen L\u00f6schwassers. Insgesamt waren rund 250 Feuerwehrleute mit 40 Fahrzeugen an der dreist\u00fcndigen \u00dcbung beteiligt.<\/p>\n<p><a href=\"https:\/\/www.feuerwehr-matzen.at\/wp-content\/uploads\/2016\/04\/DSC00535.jpg\"><img loading=\"lazy\" decoding=\"async\" src=\"https:\/\/www.feuerwehr-matzen.at\/wp-content\/uploads\/2016\/04\/DSC00535-150x150.jpg\" alt=\"DSC00535\" width=\"150\" height=\"150\" class=\"alignleft size-thumbnail wp-image-4585\" \/><\/a><\/p>\n<p><a href=\"https:\/\/www.feuerwehr-matzen.at\/wp-content\/uploads\/2016\/04\/DSC00538.jpg\"><img loading=\"lazy\" decoding=\"async\" src=\"https:\/\/www.feuerwehr-matzen.at\/wp-content\/uploads\/2016\/04\/DSC00538-150x150.jpg\" alt=\"DSC00538\" width=\"150\" height=\"150\" class=\"alignleft size-thumbnail wp-image-4586\" \/><\/a><\/p>\n<p><a href=\"https:\/\/www.feuerwehr-matzen.at\/wp-content\/uploads\/2016\/04\/DSC00541.jpg\"><img loading=\"lazy\" decoding=\"async\" src=\"https:\/\/www.feuerwehr-matzen.at\/wp-content\/uploads\/2016\/04\/DSC00541-150x150.jpg\" alt=\"DSC00541\" width=\"150\" height=\"150\" class=\"alignleft size-thumbnail wp-image-4587\" \/><\/a><\/p>\n<p><a href=\"https:\/\/www.feuerwehr-matzen.at\/wp-content\/uploads\/2016\/04\/DSC00544.jpg\"><img loading=\"lazy\" decoding=\"async\" src=\"https:\/\/www.feuerwehr-matzen.at\/wp-content\/uploads\/2016\/04\/DSC00544-150x150.jpg\" alt=\"DSC00544\" width=\"150\" height=\"150\" class=\"alignleft size-thumbnail wp-image-4588\" \/><\/a><\/p>\n<p><a href=\"https:\/\/www.feuerwehr-matzen.at\/wp-content\/uploads\/2016\/04\/DSC00552.jpg\"><img loading=\"lazy\" decoding=\"async\" src=\"https:\/\/www.feuerwehr-matzen.at\/wp-content\/uploads\/2016\/04\/DSC00552-150x150.jpg\" alt=\"DSC00552\" width=\"150\" height=\"150\" class=\"alignleft size-thumbnail wp-image-4589\" \/><\/a><\/p>\n<p><a href=\"https:\/\/www.feuerwehr-matzen.at\/wp-content\/uploads\/2016\/04\/DSC00555.jpg\"><img loading=\"lazy\" decoding=\"async\" src=\"https:\/\/www.feuerwehr-matzen.at\/wp-content\/uploads\/2016\/04\/DSC00555-150x150.jpg\" alt=\"DSC00555\" width=\"150\" height=\"150\" class=\"alignleft size-thumbnail wp-image-4590\" \/><\/a><\/p>\n","protected":false},"excerpt":{"rendered":"<p>KHD Bereitschafts\u00fcbung Am 5. M\u00e4rz 2016 fand eine gro\u00dfangelegte Katastrophenschutz-Bereitschafts\u00fcbung in Stra\u00dfhof statt. 2 Fahrzeuge mit 8 Mann der Freiwilligen Feuerwehr Matzen beteiligten sich an dieser. \u00dcbungsannahme war ein Vollbrand des Heizhauses mit ca. 85 eingeschlossenen Personen, sowie ein gro\u00dfer <a class=\"more-link\" href=\"https:\/\/www.feuerwehr-matzen.at\/?page_id=4584\">weiterlesen  <span class=\"screen-reader-text\">  05. M\u00e4rz 2016<\/span><span class=\"meta-nav\">&rarr;<\/span><\/a><\/p>\n","protected":false},"author":6,"featured_media":0,"parent":0,"menu_order":0,"comment_status":"closed","ping_status":"closed","template":"","meta":{"footnotes":""},"class_list":["post-4584","page","type-page","status-publish","hentry"],"_links":{"self":[{"href":"https:\/\/www.feuerwehr-matzen.at\/index.php?rest_route=\/wp\/v2\/pages\/4584","targetHints":{"allow":["GET"]}}],"collection":[{"href":"https:\/\/www.feuerwehr-matzen.at\/index.php?rest_route=\/wp\/v2\/pages"}],"about":[{"href":"https:\/\/www.feuerwehr-matzen.at\/index.php?rest_route=\/wp\/v2\/types\/page"}],"author":[{"embeddable":true,"href":"https:\/\/www.feuerwehr-matzen.at\/index.php?rest_route=\/wp\/v2\/users\/6"}],"replies":[{"embeddable":true,"href":"https:\/\/www.feuerwehr-matzen.at\/index.php?rest_route=%2Fwp%2Fv2%2Fcomments&post=4584"}],"version-history":[{"count":4,"href":"https:\/\/www.feuerwehr-matzen.at\/index.php?rest_route=\/wp\/v2\/pages\/4584\/revisions"}],"predecessor-version":[{"id":5936,"href":"https:\/\/www.feuerwehr-matzen.at\/index.php?rest_route=\/wp\/v2\/pages\/4584\/revisions\/5936"}],"wp:attachment":[{"href":"https:\/\/www.feuerwehr-matzen.at\/index.php?rest_route=%2Fwp%2Fv2%2Fmedia&parent=4584"}],"curies":[{"name":"wp","href":"https:\/\/api.w.org\/{rel}","templated":true}]}}