{"id":4592,"date":"2016-04-26T16:08:49","date_gmt":"2016-04-26T14:08:49","guid":{"rendered":"http:\/\/www.feuerwehr-matzen.at\/?page_id=4592"},"modified":"2020-09-18T14:15:23","modified_gmt":"2020-09-18T12:15:23","slug":"17-maerz-2016","status":"publish","type":"page","link":"https:\/\/www.feuerwehr-matzen.at\/?page_id=4592","title":{"rendered":"17. M\u00e4rz 2016"},"content":{"rendered":"<p><strong>Einsatz\u00fcbung<\/strong><a title=\"\u00dcbungen 2016\" href=\"https:\/\/www.feuerwehr-matzen.at\/?page_id=4530\"><img loading=\"lazy\" decoding=\"async\" class=\"alignright size-full wp-image-1833\" alt=\"return\" src=\"https:\/\/www.feuerwehr-matzen.at\/wp-content\/uploads\/2013\/07\/return.jpg\" width=\"65\" height=\"30\" \/><\/a><\/p>\n<p>Am 17. M\u00e4rz 2016 fand eine Branddienst-Einsatz\u00fcbung in Raggendorf statt. \u00dcbungsannahme war ein Brand eines Einfamilienhauses mit insgesamt vier vermissten Personen. Unter schwerem Atemschutz mussten die Feuerwehren Raggendorf, Sch\u00f6nkirchen-Reyersdorf und Matzen die eingeschlossenen Personen retten. Au\u00dferdem war bei dieser \u00dcbung die Feuerwehr Gro\u00df Schweinbarth mit dem Atemluftkompressor eingesetzt. Nach der \u00dcbungsnachbesprechung konnten die eingesetzten Florianij\u00fcnger wieder abr\u00fccken.<\/p>\n<p><a href=\"https:\/\/www.feuerwehr-matzen.at\/wp-content\/uploads\/2016\/04\/DSC00572.jpg\"><img loading=\"lazy\" decoding=\"async\" src=\"https:\/\/www.feuerwehr-matzen.at\/wp-content\/uploads\/2016\/04\/DSC00572-150x150.jpg\" alt=\"DSC00572\" width=\"150\" height=\"150\" class=\"alignleft size-thumbnail wp-image-4594\" \/><\/a><\/p>\n<p><a href=\"https:\/\/www.feuerwehr-matzen.at\/wp-content\/uploads\/2016\/04\/DSC00573.jpg\"><img loading=\"lazy\" decoding=\"async\" src=\"https:\/\/www.feuerwehr-matzen.at\/wp-content\/uploads\/2016\/04\/DSC00573-150x150.jpg\" alt=\"DSC00573\" width=\"150\" height=\"150\" class=\"alignleft size-thumbnail wp-image-4595\" \/><\/a><\/p>\n<p><a href=\"https:\/\/www.feuerwehr-matzen.at\/wp-content\/uploads\/2016\/04\/DSC00582.jpg\"><img loading=\"lazy\" decoding=\"async\" src=\"https:\/\/www.feuerwehr-matzen.at\/wp-content\/uploads\/2016\/04\/DSC00582-150x150.jpg\" alt=\"DSC00582\" width=\"150\" height=\"150\" class=\"alignleft size-thumbnail wp-image-4596\" \/><\/a><\/p>\n<p><a href=\"https:\/\/www.feuerwehr-matzen.at\/wp-content\/uploads\/2016\/04\/DSC00591.jpg\"><img loading=\"lazy\" decoding=\"async\" src=\"https:\/\/www.feuerwehr-matzen.at\/wp-content\/uploads\/2016\/04\/DSC00591-150x150.jpg\" alt=\"DSC00591\" width=\"150\" height=\"150\" class=\"alignleft size-thumbnail wp-image-4597\" \/><\/a><\/p>\n<p><a href=\"https:\/\/www.feuerwehr-matzen.at\/wp-content\/uploads\/2016\/04\/DSC00593.jpg\"><img loading=\"lazy\" decoding=\"async\" src=\"https:\/\/www.feuerwehr-matzen.at\/wp-content\/uploads\/2016\/04\/DSC00593-150x150.jpg\" alt=\"DSC00593\" width=\"150\" height=\"150\" class=\"alignleft size-thumbnail wp-image-4598\" \/><\/a><\/p>\n<p><a href=\"https:\/\/www.feuerwehr-matzen.at\/wp-content\/uploads\/2016\/04\/DSC00618.jpg\"><img loading=\"lazy\" decoding=\"async\" src=\"https:\/\/www.feuerwehr-matzen.at\/wp-content\/uploads\/2016\/04\/DSC00618-150x150.jpg\" alt=\"DSC00618\" width=\"150\" height=\"150\" class=\"alignleft size-thumbnail wp-image-4599\" \/><\/a><\/p>\n<p><a href=\"https:\/\/www.feuerwehr-matzen.at\/wp-content\/uploads\/2016\/04\/DSC00627.jpg\"><img loading=\"lazy\" decoding=\"async\" src=\"https:\/\/www.feuerwehr-matzen.at\/wp-content\/uploads\/2016\/04\/DSC00627-150x150.jpg\" alt=\"DSC00627\" width=\"150\" height=\"150\" class=\"alignleft size-thumbnail wp-image-4600\" \/><\/a><\/p>\n","protected":false},"excerpt":{"rendered":"<p>Einsatz\u00fcbung Am 17. M\u00e4rz 2016 fand eine Branddienst-Einsatz\u00fcbung in Raggendorf statt. \u00dcbungsannahme war ein Brand eines Einfamilienhauses mit insgesamt vier vermissten Personen. Unter schwerem Atemschutz mussten die Feuerwehren Raggendorf, Sch\u00f6nkirchen-Reyersdorf und Matzen die eingeschlossenen Personen retten. Au\u00dferdem war bei dieser <a class=\"more-link\" href=\"https:\/\/www.feuerwehr-matzen.at\/?page_id=4592\">weiterlesen  <span class=\"screen-reader-text\">  17. M\u00e4rz 2016<\/span><span class=\"meta-nav\">&rarr;<\/span><\/a><\/p>\n","protected":false},"author":6,"featured_media":0,"parent":0,"menu_order":0,"comment_status":"closed","ping_status":"closed","template":"","meta":{"footnotes":""},"class_list":["post-4592","page","type-page","status-publish","hentry"],"_links":{"self":[{"href":"https:\/\/www.feuerwehr-matzen.at\/index.php?rest_route=\/wp\/v2\/pages\/4592","targetHints":{"allow":["GET"]}}],"collection":[{"href":"https:\/\/www.feuerwehr-matzen.at\/index.php?rest_route=\/wp\/v2\/pages"}],"about":[{"href":"https:\/\/www.feuerwehr-matzen.at\/index.php?rest_route=\/wp\/v2\/types\/page"}],"author":[{"embeddable":true,"href":"https:\/\/www.feuerwehr-matzen.at\/index.php?rest_route=\/wp\/v2\/users\/6"}],"replies":[{"embeddable":true,"href":"https:\/\/www.feuerwehr-matzen.at\/index.php?rest_route=%2Fwp%2Fv2%2Fcomments&post=4592"}],"version-history":[{"count":3,"href":"https:\/\/www.feuerwehr-matzen.at\/index.php?rest_route=\/wp\/v2\/pages\/4592\/revisions"}],"predecessor-version":[{"id":5935,"href":"https:\/\/www.feuerwehr-matzen.at\/index.php?rest_route=\/wp\/v2\/pages\/4592\/revisions\/5935"}],"wp:attachment":[{"href":"https:\/\/www.feuerwehr-matzen.at\/index.php?rest_route=%2Fwp%2Fv2%2Fmedia&parent=4592"}],"curies":[{"name":"wp","href":"https:\/\/api.w.org\/{rel}","templated":true}]}}