{"id":4630,"date":"2016-05-13T00:10:02","date_gmt":"2016-05-12T22:10:02","guid":{"rendered":"http:\/\/www.feuerwehr-matzen.at\/?page_id=4630"},"modified":"2020-09-18T14:15:23","modified_gmt":"2020-09-18T12:15:23","slug":"12-mai-2016","status":"publish","type":"page","link":"https:\/\/www.feuerwehr-matzen.at\/?page_id=4630","title":{"rendered":"12. Mai 2016"},"content":{"rendered":"<p><strong>Fahrzeugbergung<\/strong><a title=\"Eins\u00e4tze\" href=\"https:\/\/www.feuerwehr-matzen.at\/?page_id=4413\"><img loading=\"lazy\" decoding=\"async\" class=\"alignright size-full wp-image-1833\" alt=\"return\" src=\"https:\/\/www.feuerwehr-matzen.at\/wp-content\/uploads\/2013\/07\/return.jpg\" width=\"65\" height=\"30\" \/><\/a><\/p>\n<p>Am 12. Mai 2016 wurde die Feuerwehr Matzen mittels SMS-Alarm und Pager zu einem Verkehrsunfall auf der L19 Richtung Prottes alarmiert. Die zuerst alarmierte Feuerwehr Prottes lie\u00df die Matzner Florianij\u00fcnger aufgrund der Zust\u00e4ndigkeit nachalarmieren. Zwei Fahrzeuge kollidierten vermutlich aufgrund regennasser Fahrbahn unmittelbar nach einer Kurve. In Folge der Kollision wurde eines der beiden Unfallfahrzeuge in den Graben geschleudert. Bereits bei unserer Ankunft wurden die beiden leicht verletzten PKW-Lenker vom Roten Kreuz behandelt und im Anschlu\u00df abtransportiert. Nach der Freigabe der Polizei, wurde je ein Unfallwrack von beiden eingesetzten Feuerwehren geborgen und verbracht. Nachdem die Fahrbahn gereinigt wurde, konnten die Einsatzkr\u00e4fte nach rund einer Stunde wieder abr\u00fccken und die Einsatzbereitschaft herstellen.<\/p>\n<p>Im Einsatz befindliche Fahrzeuge: RLF-A 2000, KDO<br \/>\nMannschaftsst\u00e4rke: 15<br \/>\nsonstige Einsatzkr\u00e4fte: Polizei, RK G\u00e4nserndorf, FF Prottes<\/p>\n<p><a href=\"https:\/\/www.feuerwehr-matzen.at\/wp-content\/uploads\/2016\/05\/DSC00810.jpg\"><img loading=\"lazy\" decoding=\"async\" src=\"https:\/\/www.feuerwehr-matzen.at\/wp-content\/uploads\/2016\/05\/DSC00810-150x150.jpg\" alt=\"DSC00810\" width=\"150\" height=\"150\" class=\"alignleft size-thumbnail wp-image-4631\" \/><\/a><\/p>\n<p><a href=\"https:\/\/www.feuerwehr-matzen.at\/wp-content\/uploads\/2016\/05\/DSC00812.jpg\"><img loading=\"lazy\" decoding=\"async\" src=\"https:\/\/www.feuerwehr-matzen.at\/wp-content\/uploads\/2016\/05\/DSC00812-150x150.jpg\" alt=\"DSC00812\" width=\"150\" height=\"150\" class=\"alignleft size-thumbnail wp-image-4632\" \/><\/a><\/p>\n<p><a href=\"https:\/\/www.feuerwehr-matzen.at\/wp-content\/uploads\/2016\/05\/DSC00819.jpg\"><img loading=\"lazy\" decoding=\"async\" src=\"https:\/\/www.feuerwehr-matzen.at\/wp-content\/uploads\/2016\/05\/DSC00819-150x150.jpg\" alt=\"DSC00819\" width=\"150\" height=\"150\" class=\"alignleft size-thumbnail wp-image-4633\" \/><\/a><\/p>\n<p><a href=\"https:\/\/www.feuerwehr-matzen.at\/wp-content\/uploads\/2016\/05\/DSC00821.jpg\"><img loading=\"lazy\" decoding=\"async\" src=\"https:\/\/www.feuerwehr-matzen.at\/wp-content\/uploads\/2016\/05\/DSC00821-150x150.jpg\" alt=\"DSC00821\" width=\"150\" height=\"150\" class=\"alignleft size-thumbnail wp-image-4634\" \/><\/a><\/p>\n<p><a href=\"https:\/\/www.feuerwehr-matzen.at\/wp-content\/uploads\/2016\/05\/DSC00825.jpg\"><img loading=\"lazy\" decoding=\"async\" src=\"https:\/\/www.feuerwehr-matzen.at\/wp-content\/uploads\/2016\/05\/DSC00825-150x150.jpg\" alt=\"DSC00825\" width=\"150\" height=\"150\" class=\"alignleft size-thumbnail wp-image-4635\" \/><\/a><\/p>\n<p><a href=\"https:\/\/www.feuerwehr-matzen.at\/wp-content\/uploads\/2016\/05\/DSC00829.jpg\"><img loading=\"lazy\" decoding=\"async\" src=\"https:\/\/www.feuerwehr-matzen.at\/wp-content\/uploads\/2016\/05\/DSC00829-150x150.jpg\" alt=\"DSC00829\" width=\"150\" height=\"150\" class=\"alignleft size-thumbnail wp-image-4636\" \/><\/a><\/p>\n<p><a href=\"https:\/\/www.feuerwehr-matzen.at\/wp-content\/uploads\/2016\/05\/DSC00833.jpg\"><img loading=\"lazy\" decoding=\"async\" src=\"https:\/\/www.feuerwehr-matzen.at\/wp-content\/uploads\/2016\/05\/DSC00833-150x150.jpg\" alt=\"DSC00833\" width=\"150\" height=\"150\" class=\"alignleft size-thumbnail wp-image-4637\" \/><\/a><\/p>\n<p><a href=\"https:\/\/www.feuerwehr-matzen.at\/wp-content\/uploads\/2016\/05\/DSC00834.jpg\"><img loading=\"lazy\" decoding=\"async\" src=\"https:\/\/www.feuerwehr-matzen.at\/wp-content\/uploads\/2016\/05\/DSC00834-150x150.jpg\" alt=\"DSC00834\" width=\"150\" height=\"150\" class=\"alignleft size-thumbnail wp-image-4638\" \/><\/a><\/p>\n","protected":false},"excerpt":{"rendered":"<p>Fahrzeugbergung Am 12. Mai 2016 wurde die Feuerwehr Matzen mittels SMS-Alarm und Pager zu einem Verkehrsunfall auf der L19 Richtung Prottes alarmiert. Die zuerst alarmierte Feuerwehr Prottes lie\u00df die Matzner Florianij\u00fcnger aufgrund der Zust\u00e4ndigkeit nachalarmieren. Zwei Fahrzeuge kollidierten vermutlich aufgrund <a class=\"more-link\" href=\"https:\/\/www.feuerwehr-matzen.at\/?page_id=4630\">weiterlesen  <span class=\"screen-reader-text\">  12. Mai 2016<\/span><span class=\"meta-nav\">&rarr;<\/span><\/a><\/p>\n","protected":false},"author":6,"featured_media":0,"parent":0,"menu_order":0,"comment_status":"closed","ping_status":"closed","template":"","meta":{"footnotes":""},"class_list":["post-4630","page","type-page","status-publish","hentry"],"_links":{"self":[{"href":"https:\/\/www.feuerwehr-matzen.at\/index.php?rest_route=\/wp\/v2\/pages\/4630","targetHints":{"allow":["GET"]}}],"collection":[{"href":"https:\/\/www.feuerwehr-matzen.at\/index.php?rest_route=\/wp\/v2\/pages"}],"about":[{"href":"https:\/\/www.feuerwehr-matzen.at\/index.php?rest_route=\/wp\/v2\/types\/page"}],"author":[{"embeddable":true,"href":"https:\/\/www.feuerwehr-matzen.at\/index.php?rest_route=\/wp\/v2\/users\/6"}],"replies":[{"embeddable":true,"href":"https:\/\/www.feuerwehr-matzen.at\/index.php?rest_route=%2Fwp%2Fv2%2Fcomments&post=4630"}],"version-history":[{"count":2,"href":"https:\/\/www.feuerwehr-matzen.at\/index.php?rest_route=\/wp\/v2\/pages\/4630\/revisions"}],"predecessor-version":[{"id":4642,"href":"https:\/\/www.feuerwehr-matzen.at\/index.php?rest_route=\/wp\/v2\/pages\/4630\/revisions\/4642"}],"wp:attachment":[{"href":"https:\/\/www.feuerwehr-matzen.at\/index.php?rest_route=%2Fwp%2Fv2%2Fmedia&parent=4630"}],"curies":[{"name":"wp","href":"https:\/\/api.w.org\/{rel}","templated":true}]}}